{"id":37,"date":"2022-02-16T08:58:35","date_gmt":"2022-02-16T08:58:35","guid":{"rendered":"https:\/\/enitec.fi\/updated\/?page_id=37"},"modified":"2024-03-20T12:36:34","modified_gmt":"2024-03-20T12:36:34","slug":"yritys","status":"publish","type":"page","link":"https:\/\/enitec.fi\/updated\/yritys\/","title":{"rendered":"Yritys"},"content":{"rendered":"\t\t<div data-elementor-type=\"wp-page\" data-elementor-id=\"37\" class=\"elementor elementor-37\">\n\t\t\t\t\t\t\t\t\t<section class=\"elementor-section elementor-top-section elementor-element elementor-element-b9bce2a animated-slow elementor-section-boxed elementor-section-height-default elementor-section-height-default elementor-invisible\" data-id=\"b9bce2a\" data-element_type=\"section\" data-settings=\"{&quot;animation&quot;:&quot;fadeIn&quot;}\">\n\t\t\t\t\t\t<div class=\"elementor-container elementor-column-gap-default\">\n\t\t\t\t\t<div class=\"elementor-column elementor-col-100 elementor-top-column elementor-element elementor-element-bc01524\" data-id=\"bc01524\" data-element_type=\"column\">\n\t\t\t<div class=\"elementor-widget-wrap elementor-element-populated\">\n\t\t\t\t\t\t\t\t<div class=\"elementor-element elementor-element-14a29c2 elementor-widget elementor-widget-text-editor\" data-id=\"14a29c2\" data-element_type=\"widget\" data-widget_type=\"text-editor.default\">\n\t\t\t\t<div class=\"elementor-widget-container\">\n\t\t\t<style>\/*! elementor - v3.18.0 - 20-12-2023 *\/\n.elementor-widget-text-editor.elementor-drop-cap-view-stacked .elementor-drop-cap{background-color:#69727d;color:#fff}.elementor-widget-text-editor.elementor-drop-cap-view-framed .elementor-drop-cap{color:#69727d;border:3px solid;background-color:transparent}.elementor-widget-text-editor:not(.elementor-drop-cap-view-default) .elementor-drop-cap{margin-top:8px}.elementor-widget-text-editor:not(.elementor-drop-cap-view-default) .elementor-drop-cap-letter{width:1em;height:1em}.elementor-widget-text-editor .elementor-drop-cap{float:left;text-align:center;line-height:1;font-size:50px}.elementor-widget-text-editor .elementor-drop-cap-letter{display:inline-block}<\/style>\t\t\t\t<!-- wp:paragraph -->\n<p>Enitec\u00a0on suomalainen teknisen alan perheyritys. Meill\u00e4 on mm. yli 40 vuoden kokemus vedenalaisista ja s\u00e4teilynkest\u00e4vist\u00e4 TV-kameraj\u00e4rjestelmist\u00e4.<\/p>\n<p>T\u00e4n\u00e4\u00e4n keskitymme p\u00e4\u00e4asiallisesti talousvesis\u00e4ili\u00f6iden huoltoon. Kiinte\u00e4t yhteydet valmistajatehtaisiin sek\u00e4 kansainv\u00e4lisen teknologian uusimpien saavutusten tiivis seuranta, luovat edellytykset tarjota asiakkaillemme alansa huippua olevia laatutuotteita ja menetelmi\u00e4.<\/p>\n<p>Olemme vuodesta 2000 suorittaneet juomavesis\u00e4ili\u00f6iden tarkastuksia ja puhdistuksia ja edist\u00e4neet vesilaitosten hygienia- ja ty\u00f6turvallisuusajattelua.<\/p>\n<p>Haluamme olla asiakkaillemme ja toimittajillemme pitk\u00e4aikainen ja luotettava yhteisty\u00f6kumppani.<\/p>\n<!-- \/wp:paragraph -->\t\t\t\t\t\t<\/div>\n\t\t\t\t<\/div>\n\t\t\t\t\t<\/div>\n\t\t<\/div>\n\t\t\t\t\t\t\t<\/div>\n\t\t<\/section>\n\t\t\t\t\t\t\t<\/div>\n\t\t","protected":false},"excerpt":{"rendered":"<p>Enitec\u00a0on suomalainen teknisen alan perheyritys. Meill\u00e4 on mm. yli 40 vuoden kokemus vedenalaisista ja s\u00e4teilynkest\u00e4vist\u00e4 TV-kameraj\u00e4rjestelmist\u00e4. T\u00e4n\u00e4\u00e4n keskitymme p\u00e4\u00e4asiallisesti talousvesis\u00e4ili\u00f6iden huoltoon. Kiinte\u00e4t yhteydet valmistajatehtaisiin sek\u00e4 kansainv\u00e4lisen teknologian uusimpien saavutusten tiivis seuranta, luovat edellytykset tarjota asiakkaillemme alansa huippua olevia laatutuotteita ja menetelmi\u00e4. Olemme vuodesta 2000 suorittaneet juomavesis\u00e4ili\u00f6iden tarkastuksia ja puhdistuksia ja edist\u00e4neet vesilaitosten hygienia- ja ty\u00f6turvallisuusajattelua. [&hellip;]<\/p>\n","protected":false},"author":1,"featured_media":0,"parent":0,"menu_order":0,"comment_status":"closed","ping_status":"closed","template":"","meta":{"footnotes":""},"_links":{"self":[{"href":"https:\/\/enitec.fi\/updated\/wp-json\/wp\/v2\/pages\/37"}],"collection":[{"href":"https:\/\/enitec.fi\/updated\/wp-json\/wp\/v2\/pages"}],"about":[{"href":"https:\/\/enitec.fi\/updated\/wp-json\/wp\/v2\/types\/page"}],"author":[{"embeddable":true,"href":"https:\/\/enitec.fi\/updated\/wp-json\/wp\/v2\/users\/1"}],"replies":[{"embeddable":true,"href":"https:\/\/enitec.fi\/updated\/wp-json\/wp\/v2\/comments?post=37"}],"version-history":[{"count":10,"href":"https:\/\/enitec.fi\/updated\/wp-json\/wp\/v2\/pages\/37\/revisions"}],"predecessor-version":[{"id":1355,"href":"https:\/\/enitec.fi\/updated\/wp-json\/wp\/v2\/pages\/37\/revisions\/1355"}],"wp:attachment":[{"href":"https:\/\/enitec.fi\/updated\/wp-json\/wp\/v2\/media?parent=37"}],"curies":[{"name":"wp","href":"https:\/\/api.w.org\/{rel}","templated":true}]}}