{"id":1440,"date":"2024-04-03T10:14:55","date_gmt":"2024-04-03T10:14:55","guid":{"rendered":"https:\/\/enitec.fi\/updated\/?page_id=1440"},"modified":"2024-04-03T10:51:53","modified_gmt":"2024-04-03T10:51:53","slug":"servicekontrakt-for-dricksvattenreservoarer","status":"publish","type":"page","link":"https:\/\/enitec.fi\/updated\/sv\/servicekontrakt-for-dricksvattenreservoarer\/","title":{"rendered":"Servicekontrakt f\u00f6r dricksvattenreservoarer\u200b"},"content":{"rendered":"\t\t<div data-elementor-type=\"wp-page\" data-elementor-id=\"1440\" class=\"elementor elementor-1440\">\n\t\t\t\t\t\t\t\t\t<section class=\"elementor-section elementor-top-section elementor-element elementor-element-8246c36 elementor-section-boxed elementor-section-height-default elementor-section-height-default\" data-id=\"8246c36\" data-element_type=\"section\">\n\t\t\t\t\t\t<div class=\"elementor-container elementor-column-gap-default\">\n\t\t\t\t\t<div class=\"elementor-column elementor-col-50 elementor-top-column elementor-element elementor-element-ef36a64\" data-id=\"ef36a64\" data-element_type=\"column\">\n\t\t\t<div class=\"elementor-widget-wrap elementor-element-populated\">\n\t\t\t\t\t\t\t\t<div class=\"elementor-element elementor-element-b9ad5de elementor-widget elementor-widget-heading\" data-id=\"b9ad5de\" data-element_type=\"widget\" data-widget_type=\"heading.default\">\n\t\t\t\t<div class=\"elementor-widget-container\">\n\t\t\t<style>\/*! elementor - v3.18.0 - 20-12-2023 *\/\n.elementor-heading-title{padding:0;margin:0;line-height:1}.elementor-widget-heading .elementor-heading-title[class*=elementor-size-]>a{color:inherit;font-size:inherit;line-height:inherit}.elementor-widget-heading .elementor-heading-title.elementor-size-small{font-size:15px}.elementor-widget-heading .elementor-heading-title.elementor-size-medium{font-size:19px}.elementor-widget-heading .elementor-heading-title.elementor-size-large{font-size:29px}.elementor-widget-heading .elementor-heading-title.elementor-size-xl{font-size:39px}.elementor-widget-heading .elementor-heading-title.elementor-size-xxl{font-size:59px}<\/style><h2 class=\"elementor-heading-title elementor-size-default\">SERVICEKONTRAKT<\/h2>\t\t<\/div>\n\t\t\t\t<\/div>\n\t\t\t\t<div class=\"elementor-element elementor-element-b3614cc elementor-widget elementor-widget-text-editor\" data-id=\"b3614cc\" data-element_type=\"widget\" data-widget_type=\"text-editor.default\">\n\t\t\t\t<div class=\"elementor-widget-container\">\n\t\t\t<style>\/*! elementor - v3.18.0 - 20-12-2023 *\/\n.elementor-widget-text-editor.elementor-drop-cap-view-stacked .elementor-drop-cap{background-color:#69727d;color:#fff}.elementor-widget-text-editor.elementor-drop-cap-view-framed .elementor-drop-cap{color:#69727d;border:3px solid;background-color:transparent}.elementor-widget-text-editor:not(.elementor-drop-cap-view-default) .elementor-drop-cap{margin-top:8px}.elementor-widget-text-editor:not(.elementor-drop-cap-view-default) .elementor-drop-cap-letter{width:1em;height:1em}.elementor-widget-text-editor .elementor-drop-cap{float:left;text-align:center;line-height:1;font-size:50px}.elementor-widget-text-editor .elementor-drop-cap-letter{display:inline-block}<\/style>\t\t\t\t<p style=\"font-size: 21px; text-align: left;\"><span style=\"color: var( --e-global-color-text ); font-family: var( --e-global-typography-text-font-family ), Sans-serif; font-weight: var( --e-global-typography-text-font-weight );\">Vi g\u00f6r \u00e4ven servicekontrakt. Detta betyder regelbundna inspektioner och reng\u00f6ringar enligt ett med kunden framtaget program. Syftet med kontraktet \u00e4r att \u201dautomatisera\u201d inspektionerna. P\u00e5 s\u00e5 vis f\u00e5r man genast och i tid reda p\u00e5 eventuella reng\u00f6ringsbehov och\/eller eventuella andra brister, som inverkar p\u00e5 vattenkvaliteten. D\u00e5 inspektioner utf\u00f6rs tillr\u00e4ckligt ofta hinner man reagera kostnadseffektivt p\u00e5 saker, innan det hinner bli riktigt stora problem.<\/span><\/p>\t\t\t\t\t\t<\/div>\n\t\t\t\t<\/div>\n\t\t\t\t\t<\/div>\n\t\t<\/div>\n\t\t\t\t<div class=\"elementor-column elementor-col-50 elementor-top-column elementor-element elementor-element-686df65\" data-id=\"686df65\" data-element_type=\"column\">\n\t\t\t<div class=\"elementor-widget-wrap elementor-element-populated\">\n\t\t\t\t\t\t\t\t<div class=\"elementor-element elementor-element-e65b8e2 elementor-widget elementor-widget-image\" data-id=\"e65b8e2\" data-element_type=\"widget\" data-widget_type=\"image.default\">\n\t\t\t\t<div class=\"elementor-widget-container\">\n\t\t\t<style>\/*! elementor - v3.18.0 - 20-12-2023 *\/\n.elementor-widget-image{text-align:center}.elementor-widget-image a{display:inline-block}.elementor-widget-image a img[src$=\".svg\"]{width:48px}.elementor-widget-image img{vertical-align:middle;display:inline-block}<\/style>\t\t\t\t\t\t\t\t\t\t\t\t<img fetchpriority=\"high\" decoding=\"async\" width=\"580\" height=\"384\" src=\"https:\/\/enitec.fi\/updated\/wp-content\/uploads\/2024\/03\/huoltosopimus.png\" class=\"attachment-large size-large wp-image-1168\" alt=\"\" srcset=\"https:\/\/enitec.fi\/updated\/wp-content\/uploads\/2024\/03\/huoltosopimus.png 614w, https:\/\/enitec.fi\/updated\/wp-content\/uploads\/2024\/03\/huoltosopimus-300x198.png 300w\" sizes=\"(max-width: 580px) 100vw, 580px\" \/>\t\t\t\t\t\t\t\t\t\t\t\t\t\t\t<\/div>\n\t\t\t\t<\/div>\n\t\t\t\t\t<\/div>\n\t\t<\/div>\n\t\t\t\t\t\t\t<\/div>\n\t\t<\/section>\n\t\t\t\t\t\t\t<\/div>\n\t\t","protected":false},"excerpt":{"rendered":"<p>SERVICEKONTRAKT Vi g\u00f6r \u00e4ven servicekontrakt. Detta betyder regelbundna inspektioner och reng\u00f6ringar enligt ett med kunden framtaget program. Syftet med kontraktet \u00e4r att \u201dautomatisera\u201d inspektionerna. P\u00e5 s\u00e5 vis f\u00e5r man genast och i tid reda p\u00e5 eventuella reng\u00f6ringsbehov och\/eller eventuella andra brister, som inverkar p\u00e5 vattenkvaliteten. D\u00e5 inspektioner utf\u00f6rs tillr\u00e4ckligt ofta hinner man reagera kostnadseffektivt p\u00e5 [&hellip;]<\/p>\n","protected":false},"author":1,"featured_media":0,"parent":0,"menu_order":0,"comment_status":"closed","ping_status":"closed","template":"","meta":{"footnotes":""},"_links":{"self":[{"href":"https:\/\/enitec.fi\/updated\/wp-json\/wp\/v2\/pages\/1440"}],"collection":[{"href":"https:\/\/enitec.fi\/updated\/wp-json\/wp\/v2\/pages"}],"about":[{"href":"https:\/\/enitec.fi\/updated\/wp-json\/wp\/v2\/types\/page"}],"author":[{"embeddable":true,"href":"https:\/\/enitec.fi\/updated\/wp-json\/wp\/v2\/users\/1"}],"replies":[{"embeddable":true,"href":"https:\/\/enitec.fi\/updated\/wp-json\/wp\/v2\/comments?post=1440"}],"version-history":[{"count":7,"href":"https:\/\/enitec.fi\/updated\/wp-json\/wp\/v2\/pages\/1440\/revisions"}],"predecessor-version":[{"id":1466,"href":"https:\/\/enitec.fi\/updated\/wp-json\/wp\/v2\/pages\/1440\/revisions\/1466"}],"wp:attachment":[{"href":"https:\/\/enitec.fi\/updated\/wp-json\/wp\/v2\/media?parent=1440"}],"curies":[{"name":"wp","href":"https:\/\/api.w.org\/{rel}","templated":true}]}}