{"id":1438,"date":"2024-04-03T10:14:21","date_gmt":"2024-04-03T10:14:21","guid":{"rendered":"https:\/\/enitec.fi\/updated\/?page_id=1438"},"modified":"2024-04-03T10:54:18","modified_gmt":"2024-04-03T10:54:18","slug":"manuell-rengoring-av-dricksvattenreservoarer","status":"publish","type":"page","link":"https:\/\/enitec.fi\/updated\/sv\/manuell-rengoring-av-dricksvattenreservoarer\/","title":{"rendered":"Manuell reng\u00f6ring av dricksvattenreservoarer\u200b"},"content":{"rendered":"\t\t<div data-elementor-type=\"wp-page\" data-elementor-id=\"1438\" class=\"elementor elementor-1438\">\n\t\t\t\t\t\t\t\t\t<section class=\"elementor-section elementor-top-section elementor-element elementor-element-9927261 elementor-section-boxed elementor-section-height-default elementor-section-height-default\" data-id=\"9927261\" data-element_type=\"section\">\n\t\t\t\t\t\t<div class=\"elementor-container elementor-column-gap-default\">\n\t\t\t\t\t<div class=\"elementor-column elementor-col-50 elementor-top-column elementor-element elementor-element-a2cb57e\" data-id=\"a2cb57e\" data-element_type=\"column\">\n\t\t\t<div class=\"elementor-widget-wrap elementor-element-populated\">\n\t\t\t\t\t\t\t\t<div class=\"elementor-element elementor-element-696aa23 elementor-widget elementor-widget-heading\" data-id=\"696aa23\" data-element_type=\"widget\" data-widget_type=\"heading.default\">\n\t\t\t\t<div class=\"elementor-widget-container\">\n\t\t\t<style>\/*! elementor - v3.18.0 - 20-12-2023 *\/\n.elementor-heading-title{padding:0;margin:0;line-height:1}.elementor-widget-heading .elementor-heading-title[class*=elementor-size-]>a{color:inherit;font-size:inherit;line-height:inherit}.elementor-widget-heading .elementor-heading-title.elementor-size-small{font-size:15px}.elementor-widget-heading .elementor-heading-title.elementor-size-medium{font-size:19px}.elementor-widget-heading .elementor-heading-title.elementor-size-large{font-size:29px}.elementor-widget-heading .elementor-heading-title.elementor-size-xl{font-size:39px}.elementor-widget-heading .elementor-heading-title.elementor-size-xxl{font-size:59px}<\/style><h2 class=\"elementor-heading-title elementor-size-default\">MANUELL RENG\u00d6RING - i t\u00f6md reservoar<\/h2>\t\t<\/div>\n\t\t\t\t<\/div>\n\t\t\t\t<div class=\"elementor-element elementor-element-477a03c elementor-widget elementor-widget-text-editor\" data-id=\"477a03c\" data-element_type=\"widget\" data-widget_type=\"text-editor.default\">\n\t\t\t\t<div class=\"elementor-widget-container\">\n\t\t\t<style>\/*! elementor - v3.18.0 - 20-12-2023 *\/\n.elementor-widget-text-editor.elementor-drop-cap-view-stacked .elementor-drop-cap{background-color:#69727d;color:#fff}.elementor-widget-text-editor.elementor-drop-cap-view-framed .elementor-drop-cap{color:#69727d;border:3px solid;background-color:transparent}.elementor-widget-text-editor:not(.elementor-drop-cap-view-default) .elementor-drop-cap{margin-top:8px}.elementor-widget-text-editor:not(.elementor-drop-cap-view-default) .elementor-drop-cap-letter{width:1em;height:1em}.elementor-widget-text-editor .elementor-drop-cap{float:left;text-align:center;line-height:1;font-size:50px}.elementor-widget-text-editor .elementor-drop-cap-letter{display:inline-block}<\/style>\t\t\t\t<p><span style=\"font-size: inherit; text-align: inherit; color: var( --e-global-color-text ); font-family: var( --e-global-typography-text-font-family ), Sans-serif; font-weight: var( --e-global-typography-text-font-weight );\">Ibland \u00e4r en reng\u00f6ring av bottenytan med robot inte tillr\u00e4cklig. Exempelvis reservoarv\u00e4ggar i behov av reng\u00f6ring g\u00e5r inte att reng\u00f6ra med robot. I nya reservoarer och reservoarer som varit t\u00f6mda f\u00f6r underh\u00e5ll, m\u00e5ste alla ytor som \u00e4r i kontakt med dricksvattnet reng\u00f6ras och desinficeras innan reservoaren tas i bruk. Reservoarens utformning kan vara s\u00e5dan att robotreng\u00f6ring \u00e4r om\u00f6jlig. I dessa fall \u00e4r det befogat med manuell reng\u00f6ring i dricksvattenreservoaren.<\/span><br><\/p>\n<p>Vi utf\u00f6r manuella reng\u00f6ringar med efterdesinficering i t\u00f6mda reservoarer.<\/p>\n<p>V\u00e5r personal har f\u00e5tt skolning i dricksvattenhygien och utrustningen som vi anv\u00e4nder \u00e4r framtagen specifikt med tanke p\u00e5 manuella reng\u00f6ringar av dricksvattenreservoarer.<br>Utrustningen anv\u00e4nds endast i dricksvattenreservoarer. Vi g\u00f6r en riskanalys g\u00e4llande alla manuella jobb och objekt, med tanke p\u00e5 b\u00e5de personalens s\u00e4kerhet och kontamineringsrisken av dricksvattnet.<\/p>\t\t\t\t\t\t<\/div>\n\t\t\t\t<\/div>\n\t\t\t\t\t<\/div>\n\t\t<\/div>\n\t\t\t\t<div class=\"elementor-column elementor-col-50 elementor-top-column elementor-element elementor-element-06f0a51 elementor-hidden-mobile\" data-id=\"06f0a51\" data-element_type=\"column\" data-settings=\"{&quot;background_background&quot;:&quot;classic&quot;}\">\n\t\t\t<div class=\"elementor-widget-wrap elementor-element-populated\">\n\t\t\t\t\t\t\t\t<div class=\"elementor-element elementor-element-5abfde1 elementor-widget elementor-widget-image\" data-id=\"5abfde1\" data-element_type=\"widget\" data-widget_type=\"image.default\">\n\t\t\t\t<div class=\"elementor-widget-container\">\n\t\t\t<style>\/*! elementor - v3.18.0 - 20-12-2023 *\/\n.elementor-widget-image{text-align:center}.elementor-widget-image a{display:inline-block}.elementor-widget-image a img[src$=\".svg\"]{width:48px}.elementor-widget-image img{vertical-align:middle;display:inline-block}<\/style>\t\t\t\t\t\t\t\t\t\t\t\t<img decoding=\"async\" width=\"240\" height=\"179\" src=\"https:\/\/enitec.fi\/updated\/wp-content\/uploads\/2022\/02\/Som-bild-vid-manuell.webp\" class=\"attachment-large size-large wp-image-387\" alt=\"\" \/>\t\t\t\t\t\t\t\t\t\t\t\t\t\t\t<\/div>\n\t\t\t\t<\/div>\n\t\t\t\t<div class=\"elementor-element elementor-element-92a8d79 elementor-widget elementor-widget-image\" data-id=\"92a8d79\" data-element_type=\"widget\" data-widget_type=\"image.default\">\n\t\t\t\t<div class=\"elementor-widget-container\">\n\t\t\t\t\t\t\t\t\t\t\t\t\t\t\t<img fetchpriority=\"high\" decoding=\"async\" width=\"580\" height=\"384\" src=\"https:\/\/enitec.fi\/updated\/wp-content\/uploads\/2024\/03\/manuel.png\" class=\"attachment-large size-large wp-image-1174\" alt=\"\" srcset=\"https:\/\/enitec.fi\/updated\/wp-content\/uploads\/2024\/03\/manuel.png 614w, https:\/\/enitec.fi\/updated\/wp-content\/uploads\/2024\/03\/manuel-300x198.png 300w\" sizes=\"(max-width: 580px) 100vw, 580px\" \/>\t\t\t\t\t\t\t\t\t\t\t\t\t\t\t<\/div>\n\t\t\t\t<\/div>\n\t\t\t\t\t<\/div>\n\t\t<\/div>\n\t\t\t\t\t\t\t<\/div>\n\t\t<\/section>\n\t\t\t\t\t\t\t<\/div>\n\t\t","protected":false},"excerpt":{"rendered":"<p>MANUELL RENG\u00d6RING &#8211; i t\u00f6md reservoar Ibland \u00e4r en reng\u00f6ring av bottenytan med robot inte tillr\u00e4cklig. Exempelvis reservoarv\u00e4ggar i behov av reng\u00f6ring g\u00e5r inte att reng\u00f6ra med robot. I nya reservoarer och reservoarer som varit t\u00f6mda f\u00f6r underh\u00e5ll, m\u00e5ste alla ytor som \u00e4r i kontakt med dricksvattnet reng\u00f6ras och desinficeras innan reservoaren tas i bruk. [&hellip;]<\/p>\n","protected":false},"author":1,"featured_media":0,"parent":0,"menu_order":0,"comment_status":"closed","ping_status":"closed","template":"","meta":{"footnotes":""},"_links":{"self":[{"href":"https:\/\/enitec.fi\/updated\/wp-json\/wp\/v2\/pages\/1438"}],"collection":[{"href":"https:\/\/enitec.fi\/updated\/wp-json\/wp\/v2\/pages"}],"about":[{"href":"https:\/\/enitec.fi\/updated\/wp-json\/wp\/v2\/types\/page"}],"author":[{"embeddable":true,"href":"https:\/\/enitec.fi\/updated\/wp-json\/wp\/v2\/users\/1"}],"replies":[{"embeddable":true,"href":"https:\/\/enitec.fi\/updated\/wp-json\/wp\/v2\/comments?post=1438"}],"version-history":[{"count":7,"href":"https:\/\/enitec.fi\/updated\/wp-json\/wp\/v2\/pages\/1438\/revisions"}],"predecessor-version":[{"id":1472,"href":"https:\/\/enitec.fi\/updated\/wp-json\/wp\/v2\/pages\/1438\/revisions\/1472"}],"wp:attachment":[{"href":"https:\/\/enitec.fi\/updated\/wp-json\/wp\/v2\/media?parent=1438"}],"curies":[{"name":"wp","href":"https:\/\/api.w.org\/{rel}","templated":true}]}}