{"id":1436,"date":"2024-04-03T10:13:57","date_gmt":"2024-04-03T10:13:57","guid":{"rendered":"https:\/\/enitec.fi\/updated\/?page_id=1436"},"modified":"2024-04-03T10:34:50","modified_gmt":"2024-04-03T10:34:50","slug":"rengorning-av-dricksvattenreservoarer","status":"publish","type":"page","link":"https:\/\/enitec.fi\/updated\/sv\/rengorning-av-dricksvattenreservoarer\/","title":{"rendered":"Reng\u00f6rning av dricksvattenreservoarer"},"content":{"rendered":"\t\t<div data-elementor-type=\"wp-page\" data-elementor-id=\"1436\" class=\"elementor elementor-1436\">\n\t\t\t\t\t\t\t\t\t<section class=\"elementor-section elementor-top-section elementor-element elementor-element-b2cc956 animated-slow elementor-section-boxed elementor-section-height-default elementor-section-height-default elementor-invisible\" data-id=\"b2cc956\" data-element_type=\"section\" data-settings=\"{&quot;animation&quot;:&quot;fadeIn&quot;}\">\n\t\t\t\t\t\t<div class=\"elementor-container elementor-column-gap-default\">\n\t\t\t\t\t<div class=\"elementor-column elementor-col-50 elementor-top-column elementor-element elementor-element-1f3576d\" data-id=\"1f3576d\" data-element_type=\"column\">\n\t\t\t<div class=\"elementor-widget-wrap elementor-element-populated\">\n\t\t\t\t\t\t\t\t<div class=\"elementor-element elementor-element-3b41532 elementor-widget elementor-widget-heading\" data-id=\"3b41532\" data-element_type=\"widget\" data-widget_type=\"heading.default\">\n\t\t\t\t<div class=\"elementor-widget-container\">\n\t\t\t<style>\/*! elementor - v3.18.0 - 20-12-2023 *\/\n.elementor-heading-title{padding:0;margin:0;line-height:1}.elementor-widget-heading .elementor-heading-title[class*=elementor-size-]>a{color:inherit;font-size:inherit;line-height:inherit}.elementor-widget-heading .elementor-heading-title.elementor-size-small{font-size:15px}.elementor-widget-heading .elementor-heading-title.elementor-size-medium{font-size:19px}.elementor-widget-heading .elementor-heading-title.elementor-size-large{font-size:29px}.elementor-widget-heading .elementor-heading-title.elementor-size-xl{font-size:39px}.elementor-widget-heading .elementor-heading-title.elementor-size-xxl{font-size:59px}<\/style><h4 class=\"elementor-heading-title elementor-size-default\">RENG\u00d6RING AV DRICKSVATTENRESERVOARER\n<\/h4>\t\t<\/div>\n\t\t\t\t<\/div>\n\t\t\t\t<div class=\"elementor-element elementor-element-829afd4 elementor-widget elementor-widget-text-editor\" data-id=\"829afd4\" data-element_type=\"widget\" data-widget_type=\"text-editor.default\">\n\t\t\t\t<div class=\"elementor-widget-container\">\n\t\t\t<style>\/*! elementor - v3.18.0 - 20-12-2023 *\/\n.elementor-widget-text-editor.elementor-drop-cap-view-stacked .elementor-drop-cap{background-color:#69727d;color:#fff}.elementor-widget-text-editor.elementor-drop-cap-view-framed .elementor-drop-cap{color:#69727d;border:3px solid;background-color:transparent}.elementor-widget-text-editor:not(.elementor-drop-cap-view-default) .elementor-drop-cap{margin-top:8px}.elementor-widget-text-editor:not(.elementor-drop-cap-view-default) .elementor-drop-cap-letter{width:1em;height:1em}.elementor-widget-text-editor .elementor-drop-cap{float:left;text-align:center;line-height:1;font-size:50px}.elementor-widget-text-editor .elementor-drop-cap-letter{display:inline-block}<\/style>\t\t\t\t<p>Dricksvattenreservoarer b\u00f6r inspekteras och reng\u00f6ras regelbundet. Reng\u00f6ring av dricksvattenreservoarer med robot \u00e4r mer hygieniskt, s\u00e4krare och f\u00f6rm\u00e5nligare \u00e4n en t\u00f6mning och manuell reng\u00f6ring av reservoaren. Vi erbjuder b\u00e5da alternativen, men rekommenderar robotreng\u00f6ring i de fall det \u00e4r m\u00f6jligt och tillr\u00e4ckligt. D\u00e5 reng\u00f6ring utf\u00f6rs med robot undviker man avbrott i distributionen samt f\u00f6ljdriskerna, som tryckf\u00f6r\u00e4ndringar som uppkommer av en t\u00f6mning av reservoaren. Alla arbeten dokumenteras och kunden erh\u00e5ller ett skriftligt intyg med bilder p\u00e5 utf\u00f6rda reng\u00f6ringsjobbet.<\/p><p><strong>ROBOTRENG\u00d6RING<\/strong>&#8211; reservoaren i drift och kopplad till distributionsn\u00e4tet<\/p><p>Reng\u00f6ring av reservoarens bottenyta utf\u00f6rs med en fj\u00e4rrstyrd reng\u00f6ringsrobot. Roboten \u00e4r utrustad med en roterande borste som l\u00f6sg\u00f6r sedimentet fr\u00e5n botten, samt en pump som suger ut sedimentet och \u00f6vriga f\u00f6roreningar, som leds via slang ut till exempelvis terr\u00e4ngen eller br\u00e4ddavloppet. Med hj\u00e4lp av belysning, kamera och sonar (ekolod) navigeras roboten effektivt i reservoaren.<\/p><p>\u00a0<\/p>\t\t\t\t\t\t<\/div>\n\t\t\t\t<\/div>\n\t\t\t\t\t<\/div>\n\t\t<\/div>\n\t\t\t\t<div class=\"elementor-column elementor-col-50 elementor-top-column elementor-element elementor-element-f1acea9\" data-id=\"f1acea9\" data-element_type=\"column\">\n\t\t\t<div class=\"elementor-widget-wrap elementor-element-populated\">\n\t\t\t\t\t\t\t\t<div class=\"elementor-element elementor-element-f305ff0 elementor-widget elementor-widget-image\" data-id=\"f305ff0\" data-element_type=\"widget\" data-widget_type=\"image.default\">\n\t\t\t\t<div class=\"elementor-widget-container\">\n\t\t\t<style>\/*! elementor - v3.18.0 - 20-12-2023 *\/\n.elementor-widget-image{text-align:center}.elementor-widget-image a{display:inline-block}.elementor-widget-image a img[src$=\".svg\"]{width:48px}.elementor-widget-image img{vertical-align:middle;display:inline-block}<\/style>\t\t\t\t\t\t\t\t\t\t\t\t<img decoding=\"async\" width=\"228\" height=\"184\" src=\"https:\/\/enitec.fi\/updated\/wp-content\/uploads\/2022\/02\/rob_reng__21-1.webp\" class=\"attachment-large size-large wp-image-405\" alt=\"\" \/>\t\t\t\t\t\t\t\t\t\t\t\t\t\t\t<\/div>\n\t\t\t\t<\/div>\n\t\t\t\t<div class=\"elementor-element elementor-element-3506dc6 elementor-widget elementor-widget-image\" data-id=\"3506dc6\" data-element_type=\"widget\" data-widget_type=\"image.default\">\n\t\t\t\t<div class=\"elementor-widget-container\">\n\t\t\t\t\t\t\t\t\t\t\t\t\t\t\t<img decoding=\"async\" width=\"236\" height=\"174\" src=\"https:\/\/enitec.fi\/updated\/wp-content\/uploads\/2022\/02\/rob_reng__10-1.webp\" class=\"attachment-large size-large wp-image-406\" alt=\"\" \/>\t\t\t\t\t\t\t\t\t\t\t\t\t\t\t<\/div>\n\t\t\t\t<\/div>\n\t\t\t\t\t<\/div>\n\t\t<\/div>\n\t\t\t\t\t\t\t<\/div>\n\t\t<\/section>\n\t\t\t\t<section class=\"elementor-section elementor-top-section elementor-element elementor-element-bdaf086 elementor-section-boxed elementor-section-height-default elementor-section-height-default\" data-id=\"bdaf086\" data-element_type=\"section\" data-settings=\"{&quot;background_background&quot;:&quot;classic&quot;}\">\n\t\t\t\t\t\t<div class=\"elementor-container elementor-column-gap-default\">\n\t\t\t\t\t<div class=\"elementor-column elementor-col-100 elementor-top-column elementor-element elementor-element-03c6240\" data-id=\"03c6240\" data-element_type=\"column\">\n\t\t\t<div class=\"elementor-widget-wrap elementor-element-populated\">\n\t\t\t\t\t\t\t\t<div class=\"elementor-element elementor-element-189219c elementor-widget elementor-widget-text-editor\" data-id=\"189219c\" data-element_type=\"widget\" data-widget_type=\"text-editor.default\">\n\t\t\t\t<div class=\"elementor-widget-container\">\n\t\t\t\t\t\t\t<h4><strong>F\u00f6rdelar med metoden:<\/strong><\/h4><ul><li>ingen t\u00f6mning av reservoaren, inga on\u00f6diga tryckf\u00f6r\u00e4ndringar p\u00e5 reservoarens konstruktioner.<\/li><li>reservoaren i drift och kopplad till distributionsn\u00e4tet<\/li><li>minde tidskr\u00e4vande \u00e4n manuell reng\u00f6ring<\/li><li>f\u00f6rm\u00e5nligare \u00e4n en t\u00f6mning<\/li><li>ingen efterdesinficering<\/li><li>inga personer i reservoaren<\/li><li>s\u00e4krare<strong><br \/><\/strong><p>\u00a0<\/p><\/li><\/ul>\t\t\t\t\t\t<\/div>\n\t\t\t\t<\/div>\n\t\t\t\t\t<\/div>\n\t\t<\/div>\n\t\t\t\t\t\t\t<\/div>\n\t\t<\/section>\n\t\t\t\t\t\t\t<\/div>\n\t\t","protected":false},"excerpt":{"rendered":"<p>RENG\u00d6RING AV DRICKSVATTENRESERVOARER Dricksvattenreservoarer b\u00f6r inspekteras och reng\u00f6ras regelbundet. Reng\u00f6ring av dricksvattenreservoarer med robot \u00e4r mer hygieniskt, s\u00e4krare och f\u00f6rm\u00e5nligare \u00e4n en t\u00f6mning och manuell reng\u00f6ring av reservoaren. Vi erbjuder b\u00e5da alternativen, men rekommenderar robotreng\u00f6ring i de fall det \u00e4r m\u00f6jligt och tillr\u00e4ckligt. D\u00e5 reng\u00f6ring utf\u00f6rs med robot undviker man avbrott i distributionen samt f\u00f6ljdriskerna, [&hellip;]<\/p>\n","protected":false},"author":1,"featured_media":0,"parent":0,"menu_order":0,"comment_status":"closed","ping_status":"closed","template":"","meta":{"footnotes":""},"_links":{"self":[{"href":"https:\/\/enitec.fi\/updated\/wp-json\/wp\/v2\/pages\/1436"}],"collection":[{"href":"https:\/\/enitec.fi\/updated\/wp-json\/wp\/v2\/pages"}],"about":[{"href":"https:\/\/enitec.fi\/updated\/wp-json\/wp\/v2\/types\/page"}],"author":[{"embeddable":true,"href":"https:\/\/enitec.fi\/updated\/wp-json\/wp\/v2\/users\/1"}],"replies":[{"embeddable":true,"href":"https:\/\/enitec.fi\/updated\/wp-json\/wp\/v2\/comments?post=1436"}],"version-history":[{"count":4,"href":"https:\/\/enitec.fi\/updated\/wp-json\/wp\/v2\/pages\/1436\/revisions"}],"predecessor-version":[{"id":1457,"href":"https:\/\/enitec.fi\/updated\/wp-json\/wp\/v2\/pages\/1436\/revisions\/1457"}],"wp:attachment":[{"href":"https:\/\/enitec.fi\/updated\/wp-json\/wp\/v2\/media?parent=1436"}],"curies":[{"name":"wp","href":"https:\/\/api.w.org\/{rel}","templated":true}]}}