{"id":1433,"date":"2024-04-03T10:13:28","date_gmt":"2024-04-03T10:13:28","guid":{"rendered":"https:\/\/enitec.fi\/updated\/?page_id=1433"},"modified":"2024-04-03T10:28:00","modified_gmt":"2024-04-03T10:28:00","slug":"inspektioner-av-dricksvattenreservoarer","status":"publish","type":"page","link":"https:\/\/enitec.fi\/updated\/sv\/inspektioner-av-dricksvattenreservoarer\/","title":{"rendered":"Inspektioner av dricksvattenreservoarer"},"content":{"rendered":"\t\t<div data-elementor-type=\"wp-page\" data-elementor-id=\"1433\" class=\"elementor elementor-1433\">\n\t\t\t\t\t\t\t\t\t<section class=\"elementor-section elementor-top-section elementor-element elementor-element-fef4387 animated-slow elementor-section-boxed elementor-section-height-default elementor-section-height-default elementor-invisible\" data-id=\"fef4387\" data-element_type=\"section\" data-settings=\"{&quot;animation&quot;:&quot;fadeIn&quot;}\">\n\t\t\t\t\t\t<div class=\"elementor-container elementor-column-gap-default\">\n\t\t\t\t\t<div class=\"elementor-column elementor-col-50 elementor-top-column elementor-element elementor-element-e9dec23\" data-id=\"e9dec23\" data-element_type=\"column\">\n\t\t\t<div class=\"elementor-widget-wrap elementor-element-populated\">\n\t\t\t\t\t\t\t\t<div class=\"elementor-element elementor-element-a010156 elementor-widget elementor-widget-heading\" data-id=\"a010156\" data-element_type=\"widget\" data-widget_type=\"heading.default\">\n\t\t\t\t<div class=\"elementor-widget-container\">\n\t\t\t<style>\/*! elementor - v3.18.0 - 20-12-2023 *\/\n.elementor-heading-title{padding:0;margin:0;line-height:1}.elementor-widget-heading .elementor-heading-title[class*=elementor-size-]>a{color:inherit;font-size:inherit;line-height:inherit}.elementor-widget-heading .elementor-heading-title.elementor-size-small{font-size:15px}.elementor-widget-heading .elementor-heading-title.elementor-size-medium{font-size:19px}.elementor-widget-heading .elementor-heading-title.elementor-size-large{font-size:29px}.elementor-widget-heading .elementor-heading-title.elementor-size-xl{font-size:39px}.elementor-widget-heading .elementor-heading-title.elementor-size-xxl{font-size:59px}<\/style><h4 class=\"elementor-heading-title elementor-size-default\">INSPEKTIONER AV DRICKSVATTENRESERVOARER\n\u2013 Reservoaren i drift och kopplad till distributionsn\u00e4tet.<\/h4>\t\t<\/div>\n\t\t\t\t<\/div>\n\t\t\t\t<div class=\"elementor-element elementor-element-7bec346 elementor-widget elementor-widget-text-editor\" data-id=\"7bec346\" data-element_type=\"widget\" data-widget_type=\"text-editor.default\">\n\t\t\t\t<div class=\"elementor-widget-container\">\n\t\t\t<style>\/*! elementor - v3.18.0 - 20-12-2023 *\/\n.elementor-widget-text-editor.elementor-drop-cap-view-stacked .elementor-drop-cap{background-color:#69727d;color:#fff}.elementor-widget-text-editor.elementor-drop-cap-view-framed .elementor-drop-cap{color:#69727d;border:3px solid;background-color:transparent}.elementor-widget-text-editor:not(.elementor-drop-cap-view-default) .elementor-drop-cap{margin-top:8px}.elementor-widget-text-editor:not(.elementor-drop-cap-view-default) .elementor-drop-cap-letter{width:1em;height:1em}.elementor-widget-text-editor .elementor-drop-cap{float:left;text-align:center;line-height:1;font-size:50px}.elementor-widget-text-editor .elementor-drop-cap-letter{display:inline-block}<\/style>\t\t\t\t<p>Under v\u00e5ra inspektioner i dricksvattenreservoarer pekar vi p\u00e5 faktorer som p\u00e5verkar vattenkvalit\u00e9n. S\u00e4rskilt uppm\u00e4rksammar vi objektets persons\u00e4kerhet och konstruktionerna inspekterar vi med icke s\u00f6ndrande metoder. Reservoarens insida (\u00e4ven taket), utsidan samt n\u00e4rmilj\u00f6n inspekteras enligt en standardiserad checklista.<\/p><p>Den inv\u00e4ndiga inspektionen utf\u00f6rs med hj\u00e4lp av en ROV (fj\u00e4rrstyrd undervattensfarkost). Den utv\u00e4ndiga inspektionen utf\u00f6rs okul\u00e4rt. Anm\u00e4rkningarna dokumenteras i protokollet tillsammans med bilder.<\/p><h4><strong>Inspektionsprotokollet ber\u00e4ttar bland annat om:<\/strong><\/h4><ul><li>det finns reng\u00f6ringsbehov av reservoaren<\/li><li>eventuella in l\u00e4ckage och f\u00f6roreningar<\/li><li>reservoarens skick och underh\u00e5llsbehov<\/li><li>rekommendationer p\u00e5 uppr\u00e4tth\u00e5llande av en s\u00e4ker dricksvattendistribution.<\/li><\/ul><p><strong>F\u00f6rdelar med metoden:<\/strong><\/p><ul><li>reservoaren \u00e4r i drift och kopplad till distributionsn\u00e4tet under arbetets g\u00e5ng<\/li><li>kostnadseffektiv<\/li><li>protokollet fungerar som en del av vattenverkets egenkontroll.<\/li><\/ul>\t\t\t\t\t\t<\/div>\n\t\t\t\t<\/div>\n\t\t\t\t\t<\/div>\n\t\t<\/div>\n\t\t\t\t<div class=\"elementor-column elementor-col-50 elementor-top-column elementor-element elementor-element-093613a\" data-id=\"093613a\" data-element_type=\"column\">\n\t\t\t<div class=\"elementor-widget-wrap elementor-element-populated\">\n\t\t\t\t\t\t\t\t<div class=\"elementor-element elementor-element-96d7afc elementor-widget elementor-widget-image\" data-id=\"96d7afc\" data-element_type=\"widget\" data-widget_type=\"image.default\">\n\t\t\t\t<div class=\"elementor-widget-container\">\n\t\t\t<style>\/*! elementor - v3.18.0 - 20-12-2023 *\/\n.elementor-widget-image{text-align:center}.elementor-widget-image a{display:inline-block}.elementor-widget-image a img[src$=\".svg\"]{width:48px}.elementor-widget-image img{vertical-align:middle;display:inline-block}<\/style>\t\t\t\t\t\t\t\t\t\t\t\t<img decoding=\"async\" width=\"236\" height=\"149\" src=\"https:\/\/enitec.fi\/updated\/wp-content\/uploads\/2022\/02\/besiktning18.webp\" class=\"attachment-large size-large wp-image-383\" alt=\"\" \/>\t\t\t\t\t\t\t\t\t\t\t\t\t\t\t<\/div>\n\t\t\t\t<\/div>\n\t\t\t\t<div class=\"elementor-element elementor-element-b384465 elementor-widget elementor-widget-image\" data-id=\"b384465\" data-element_type=\"widget\" data-widget_type=\"image.default\">\n\t\t\t\t<div class=\"elementor-widget-container\">\n\t\t\t\t\t\t\t\t\t\t\t\t\t\t\t<img decoding=\"async\" width=\"234\" height=\"149\" src=\"https:\/\/enitec.fi\/updated\/wp-content\/uploads\/2022\/02\/besiktning20-1.webp\" class=\"attachment-large size-large wp-image-404\" alt=\"\" \/>\t\t\t\t\t\t\t\t\t\t\t\t\t\t\t<\/div>\n\t\t\t\t<\/div>\n\t\t\t\t\t<\/div>\n\t\t<\/div>\n\t\t\t\t\t\t\t<\/div>\n\t\t<\/section>\n\t\t\t\t\t\t\t<\/div>\n\t\t","protected":false},"excerpt":{"rendered":"<p>INSPEKTIONER AV DRICKSVATTENRESERVOARER \u2013 Reservoaren i drift och kopplad till distributionsn\u00e4tet. Under v\u00e5ra inspektioner i dricksvattenreservoarer pekar vi p\u00e5 faktorer som p\u00e5verkar vattenkvalit\u00e9n. S\u00e4rskilt uppm\u00e4rksammar vi objektets persons\u00e4kerhet och konstruktionerna inspekterar vi med icke s\u00f6ndrande metoder. Reservoarens insida (\u00e4ven taket), utsidan samt n\u00e4rmilj\u00f6n inspekteras enligt en standardiserad checklista. Den inv\u00e4ndiga inspektionen utf\u00f6rs med hj\u00e4lp av [&hellip;]<\/p>\n","protected":false},"author":1,"featured_media":0,"parent":0,"menu_order":0,"comment_status":"closed","ping_status":"closed","template":"","meta":{"footnotes":""},"_links":{"self":[{"href":"https:\/\/enitec.fi\/updated\/wp-json\/wp\/v2\/pages\/1433"}],"collection":[{"href":"https:\/\/enitec.fi\/updated\/wp-json\/wp\/v2\/pages"}],"about":[{"href":"https:\/\/enitec.fi\/updated\/wp-json\/wp\/v2\/types\/page"}],"author":[{"embeddable":true,"href":"https:\/\/enitec.fi\/updated\/wp-json\/wp\/v2\/users\/1"}],"replies":[{"embeddable":true,"href":"https:\/\/enitec.fi\/updated\/wp-json\/wp\/v2\/comments?post=1433"}],"version-history":[{"count":7,"href":"https:\/\/enitec.fi\/updated\/wp-json\/wp\/v2\/pages\/1433\/revisions"}],"predecessor-version":[{"id":1454,"href":"https:\/\/enitec.fi\/updated\/wp-json\/wp\/v2\/pages\/1433\/revisions\/1454"}],"wp:attachment":[{"href":"https:\/\/enitec.fi\/updated\/wp-json\/wp\/v2\/media?parent=1433"}],"curies":[{"name":"wp","href":"https:\/\/api.w.org\/{rel}","templated":true}]}}