{"id":137,"date":"2022-02-21T10:31:41","date_gmt":"2022-02-21T10:31:41","guid":{"rendered":"https:\/\/enitec.fi\/updated\/?page_id=137"},"modified":"2023-06-12T10:20:51","modified_gmt":"2023-06-12T10:20:51","slug":"inspektion-av-silrors-och-borrbrunnar","status":"publish","type":"page","link":"https:\/\/enitec.fi\/updated\/sv\/inspektion-av-silrors-och-borrbrunnar\/","title":{"rendered":"Inspektion av silr\u00f6rs- och borrbrunnar"},"content":{"rendered":"\t\t<div data-elementor-type=\"wp-page\" data-elementor-id=\"137\" class=\"elementor elementor-137\">\n\t\t\t\t\t\t\t\t\t<section class=\"elementor-section elementor-top-section elementor-element elementor-element-d1f12b5 animated-slow elementor-section-boxed elementor-section-height-default elementor-section-height-default elementor-invisible\" data-id=\"d1f12b5\" data-element_type=\"section\" data-settings=\"{&quot;animation&quot;:&quot;fadeIn&quot;}\">\n\t\t\t\t\t\t<div class=\"elementor-container elementor-column-gap-default\">\n\t\t\t\t\t<div class=\"elementor-column elementor-col-50 elementor-top-column elementor-element elementor-element-08d77cf\" data-id=\"08d77cf\" data-element_type=\"column\">\n\t\t\t<div class=\"elementor-widget-wrap elementor-element-populated\">\n\t\t\t\t\t\t\t\t<div class=\"elementor-element elementor-element-be1c780 elementor-widget elementor-widget-heading\" data-id=\"be1c780\" data-element_type=\"widget\" data-widget_type=\"heading.default\">\n\t\t\t\t<div class=\"elementor-widget-container\">\n\t\t\t<style>\/*! elementor - v3.18.0 - 20-12-2023 *\/\n.elementor-heading-title{padding:0;margin:0;line-height:1}.elementor-widget-heading .elementor-heading-title[class*=elementor-size-]>a{color:inherit;font-size:inherit;line-height:inherit}.elementor-widget-heading .elementor-heading-title.elementor-size-small{font-size:15px}.elementor-widget-heading .elementor-heading-title.elementor-size-medium{font-size:19px}.elementor-widget-heading .elementor-heading-title.elementor-size-large{font-size:29px}.elementor-widget-heading .elementor-heading-title.elementor-size-xl{font-size:39px}.elementor-widget-heading .elementor-heading-title.elementor-size-xxl{font-size:59px}<\/style><h2 class=\"elementor-heading-title elementor-size-default\">KAMERAINSPEKTIONER AV BORR- OCH SILR\u00d6RSBRUNNAR<\/h2>\t\t<\/div>\n\t\t\t\t<\/div>\n\t\t\t\t<div class=\"elementor-element elementor-element-506baf0 elementor-widget elementor-widget-text-editor\" data-id=\"506baf0\" data-element_type=\"widget\" data-widget_type=\"text-editor.default\">\n\t\t\t\t<div class=\"elementor-widget-container\">\n\t\t\t<style>\/*! elementor - v3.18.0 - 20-12-2023 *\/\n.elementor-widget-text-editor.elementor-drop-cap-view-stacked .elementor-drop-cap{background-color:#69727d;color:#fff}.elementor-widget-text-editor.elementor-drop-cap-view-framed .elementor-drop-cap{color:#69727d;border:3px solid;background-color:transparent}.elementor-widget-text-editor:not(.elementor-drop-cap-view-default) .elementor-drop-cap{margin-top:8px}.elementor-widget-text-editor:not(.elementor-drop-cap-view-default) .elementor-drop-cap-letter{width:1em;height:1em}.elementor-widget-text-editor .elementor-drop-cap{float:left;text-align:center;line-height:1;font-size:50px}.elementor-widget-text-editor .elementor-drop-cap-letter{display:inline-block}<\/style>\t\t\t\t<p>Vi erbjuder kamerainspektioner av borr- och silr\u00f6rsbrunnar. Kunden f\u00e5r \u00e4ven, om s\u00e5 \u00f6nskas, en omfattande vattenanalys (av vattenverk anv\u00e4nt laboratorium) d\u00e4r dricksvattnets faktiska kvalitet framkommer. Alla arbeten dokumenteras i protokoll och med bilder.<\/p>\t\t\t\t\t\t<\/div>\n\t\t\t\t<\/div>\n\t\t\t\t\t<\/div>\n\t\t<\/div>\n\t\t\t\t<div class=\"elementor-column elementor-col-50 elementor-top-column elementor-element elementor-element-baaf7f0\" data-id=\"baaf7f0\" data-element_type=\"column\">\n\t\t\t<div class=\"elementor-widget-wrap elementor-element-populated\">\n\t\t\t\t\t\t\t\t<div class=\"elementor-element elementor-element-2061360 elementor-widget elementor-widget-image\" data-id=\"2061360\" data-element_type=\"widget\" data-widget_type=\"image.default\">\n\t\t\t\t<div class=\"elementor-widget-container\">\n\t\t\t<style>\/*! elementor - v3.18.0 - 20-12-2023 *\/\n.elementor-widget-image{text-align:center}.elementor-widget-image a{display:inline-block}.elementor-widget-image a img[src$=\".svg\"]{width:48px}.elementor-widget-image img{vertical-align:middle;display:inline-block}<\/style>\t\t\t\t\t\t\t\t\t\t\t\t<img fetchpriority=\"high\" decoding=\"async\" width=\"580\" height=\"514\" src=\"https:\/\/enitec.fi\/updated\/wp-content\/uploads\/2022\/03\/FinlandskServ_Sin_rgb-1024x908.png\" class=\"attachment-large size-large wp-image-460\" alt=\"\" srcset=\"https:\/\/enitec.fi\/updated\/wp-content\/uploads\/2022\/03\/FinlandskServ_Sin_rgb-1024x908.png 1024w, https:\/\/enitec.fi\/updated\/wp-content\/uploads\/2022\/03\/FinlandskServ_Sin_rgb-300x266.png 300w, https:\/\/enitec.fi\/updated\/wp-content\/uploads\/2022\/03\/FinlandskServ_Sin_rgb-768x681.png 768w, https:\/\/enitec.fi\/updated\/wp-content\/uploads\/2022\/03\/FinlandskServ_Sin_rgb-1536x1362.png 1536w, https:\/\/enitec.fi\/updated\/wp-content\/uploads\/2022\/03\/FinlandskServ_Sin_rgb-1200x1064.png 1200w, https:\/\/enitec.fi\/updated\/wp-content\/uploads\/2022\/03\/FinlandskServ_Sin_rgb-1980x1756.png 1980w, https:\/\/enitec.fi\/updated\/wp-content\/uploads\/2022\/03\/FinlandskServ_Sin_rgb.png 1998w\" sizes=\"(max-width: 580px) 100vw, 580px\" \/>\t\t\t\t\t\t\t\t\t\t\t\t\t\t\t<\/div>\n\t\t\t\t<\/div>\n\t\t\t\t\t<\/div>\n\t\t<\/div>\n\t\t\t\t\t\t\t<\/div>\n\t\t<\/section>\n\t\t\t\t\t\t\t<\/div>\n\t\t","protected":false},"excerpt":{"rendered":"<p>KAMERAINSPEKTIONER AV BORR- OCH SILR\u00d6RSBRUNNAR Vi erbjuder kamerainspektioner av borr- och silr\u00f6rsbrunnar. Kunden f\u00e5r \u00e4ven, om s\u00e5 \u00f6nskas, en omfattande vattenanalys (av vattenverk anv\u00e4nt laboratorium) d\u00e4r dricksvattnets faktiska kvalitet framkommer. Alla arbeten dokumenteras i protokoll och med bilder.<\/p>\n","protected":false},"author":1,"featured_media":0,"parent":0,"menu_order":0,"comment_status":"closed","ping_status":"closed","template":"","meta":{"footnotes":""},"_links":{"self":[{"href":"https:\/\/enitec.fi\/updated\/wp-json\/wp\/v2\/pages\/137"}],"collection":[{"href":"https:\/\/enitec.fi\/updated\/wp-json\/wp\/v2\/pages"}],"about":[{"href":"https:\/\/enitec.fi\/updated\/wp-json\/wp\/v2\/types\/page"}],"author":[{"embeddable":true,"href":"https:\/\/enitec.fi\/updated\/wp-json\/wp\/v2\/users\/1"}],"replies":[{"embeddable":true,"href":"https:\/\/enitec.fi\/updated\/wp-json\/wp\/v2\/comments?post=137"}],"version-history":[{"count":7,"href":"https:\/\/enitec.fi\/updated\/wp-json\/wp\/v2\/pages\/137\/revisions"}],"predecessor-version":[{"id":906,"href":"https:\/\/enitec.fi\/updated\/wp-json\/wp\/v2\/pages\/137\/revisions\/906"}],"wp:attachment":[{"href":"https:\/\/enitec.fi\/updated\/wp-json\/wp\/v2\/media?parent=137"}],"curies":[{"name":"wp","href":"https:\/\/api.w.org\/{rel}","templated":true}]}}