{"id":129,"date":"2022-02-21T10:29:04","date_gmt":"2022-02-21T10:29:04","guid":{"rendered":"https:\/\/enitec.fi\/updated\/?page_id=129"},"modified":"2023-06-12T10:03:13","modified_gmt":"2023-06-12T10:03:13","slug":"underhall-av-sprinklertankar","status":"publish","type":"page","link":"https:\/\/enitec.fi\/updated\/sv\/underhall-av-sprinklertankar\/","title":{"rendered":"Underh\u00e5ll av sprinklertankar"},"content":{"rendered":"\t\t<div data-elementor-type=\"wp-page\" data-elementor-id=\"129\" class=\"elementor elementor-129\">\n\t\t\t\t\t\t\t\t\t<section class=\"elementor-section elementor-top-section elementor-element elementor-element-5064d77 animated-slow elementor-section-boxed elementor-section-height-default elementor-section-height-default elementor-invisible\" data-id=\"5064d77\" data-element_type=\"section\" data-settings=\"{&quot;animation&quot;:&quot;fadeIn&quot;}\">\n\t\t\t\t\t\t<div class=\"elementor-container elementor-column-gap-default\">\n\t\t\t\t\t<div class=\"elementor-column elementor-col-66 elementor-top-column elementor-element elementor-element-67f11ab\" data-id=\"67f11ab\" data-element_type=\"column\">\n\t\t\t<div class=\"elementor-widget-wrap elementor-element-populated\">\n\t\t\t\t\t\t\t\t<div class=\"elementor-element elementor-element-312ff10 elementor-widget elementor-widget-heading\" data-id=\"312ff10\" data-element_type=\"widget\" data-widget_type=\"heading.default\">\n\t\t\t\t<div class=\"elementor-widget-container\">\n\t\t\t<style>\/*! elementor - v3.18.0 - 20-12-2023 *\/\n.elementor-heading-title{padding:0;margin:0;line-height:1}.elementor-widget-heading .elementor-heading-title[class*=elementor-size-]>a{color:inherit;font-size:inherit;line-height:inherit}.elementor-widget-heading .elementor-heading-title.elementor-size-small{font-size:15px}.elementor-widget-heading .elementor-heading-title.elementor-size-medium{font-size:19px}.elementor-widget-heading .elementor-heading-title.elementor-size-large{font-size:29px}.elementor-widget-heading .elementor-heading-title.elementor-size-xl{font-size:39px}.elementor-widget-heading .elementor-heading-title.elementor-size-xxl{font-size:59px}<\/style><h2 class=\"elementor-heading-title elementor-size-default\">INSPEKTION OCH RENG\u00d6RING AV SPRINKLERTANKAR<\/h2>\t\t<\/div>\n\t\t\t\t<\/div>\n\t\t\t\t<div class=\"elementor-element elementor-element-ccaae5f elementor-widget elementor-widget-text-editor\" data-id=\"ccaae5f\" data-element_type=\"widget\" data-widget_type=\"text-editor.default\">\n\t\t\t\t<div class=\"elementor-widget-container\">\n\t\t\t<style>\/*! elementor - v3.18.0 - 20-12-2023 *\/\n.elementor-widget-text-editor.elementor-drop-cap-view-stacked .elementor-drop-cap{background-color:#69727d;color:#fff}.elementor-widget-text-editor.elementor-drop-cap-view-framed .elementor-drop-cap{color:#69727d;border:3px solid;background-color:transparent}.elementor-widget-text-editor:not(.elementor-drop-cap-view-default) .elementor-drop-cap{margin-top:8px}.elementor-widget-text-editor:not(.elementor-drop-cap-view-default) .elementor-drop-cap-letter{width:1em;height:1em}.elementor-widget-text-editor .elementor-drop-cap{float:left;text-align:center;line-height:1;font-size:50px}.elementor-widget-text-editor .elementor-drop-cap-letter{display:inline-block}<\/style>\t\t\t\t<p>Det \u00e4r viktigt att h\u00e5lla sprinklertankarna rena. S\u00e5 f\u00f6rs\u00e4kras att all sprinklerutrustning funktionerar p\u00e5litligt vid eventuell brand.<\/p>\n<p>Vi fokuserar p\u00e5 en noggrann rapportering av eventuella brister eller lokalisering av problem.<\/p>\t\t\t\t\t\t<\/div>\n\t\t\t\t<\/div>\n\t\t\t\t\t<\/div>\n\t\t<\/div>\n\t\t\t\t<div class=\"elementor-column elementor-col-33 elementor-top-column elementor-element elementor-element-7008968\" data-id=\"7008968\" data-element_type=\"column\">\n\t\t\t<div class=\"elementor-widget-wrap elementor-element-populated\">\n\t\t\t\t\t\t\t\t<div class=\"elementor-element elementor-element-a4a76b4 elementor-widget elementor-widget-image\" data-id=\"a4a76b4\" data-element_type=\"widget\" data-widget_type=\"image.default\">\n\t\t\t\t<div class=\"elementor-widget-container\">\n\t\t\t<style>\/*! elementor - v3.18.0 - 20-12-2023 *\/\n.elementor-widget-image{text-align:center}.elementor-widget-image a{display:inline-block}.elementor-widget-image a img[src$=\".svg\"]{width:48px}.elementor-widget-image img{vertical-align:middle;display:inline-block}<\/style>\t\t\t\t\t\t\t\t\t\t\t\t<img fetchpriority=\"high\" decoding=\"async\" width=\"580\" height=\"514\" src=\"https:\/\/enitec.fi\/updated\/wp-content\/uploads\/2022\/03\/FinlandskServ_Sin_rgb-1024x908.png\" class=\"attachment-large size-large wp-image-460\" alt=\"\" srcset=\"https:\/\/enitec.fi\/updated\/wp-content\/uploads\/2022\/03\/FinlandskServ_Sin_rgb-1024x908.png 1024w, https:\/\/enitec.fi\/updated\/wp-content\/uploads\/2022\/03\/FinlandskServ_Sin_rgb-300x266.png 300w, https:\/\/enitec.fi\/updated\/wp-content\/uploads\/2022\/03\/FinlandskServ_Sin_rgb-768x681.png 768w, https:\/\/enitec.fi\/updated\/wp-content\/uploads\/2022\/03\/FinlandskServ_Sin_rgb-1536x1362.png 1536w, https:\/\/enitec.fi\/updated\/wp-content\/uploads\/2022\/03\/FinlandskServ_Sin_rgb-1200x1064.png 1200w, https:\/\/enitec.fi\/updated\/wp-content\/uploads\/2022\/03\/FinlandskServ_Sin_rgb-1980x1756.png 1980w, https:\/\/enitec.fi\/updated\/wp-content\/uploads\/2022\/03\/FinlandskServ_Sin_rgb.png 1998w\" sizes=\"(max-width: 580px) 100vw, 580px\" \/>\t\t\t\t\t\t\t\t\t\t\t\t\t\t\t<\/div>\n\t\t\t\t<\/div>\n\t\t\t\t\t<\/div>\n\t\t<\/div>\n\t\t\t\t\t\t\t<\/div>\n\t\t<\/section>\n\t\t\t\t<section class=\"elementor-section elementor-top-section elementor-element elementor-element-bc723b8 animated-slow elementor-section-boxed elementor-section-height-default elementor-section-height-default elementor-invisible\" data-id=\"bc723b8\" data-element_type=\"section\" data-settings=\"{&quot;animation&quot;:&quot;fadeIn&quot;}\">\n\t\t\t\t\t\t<div class=\"elementor-container elementor-column-gap-default\">\n\t\t\t\t\t<div class=\"elementor-column elementor-col-100 elementor-top-column elementor-element elementor-element-d9a51a5\" data-id=\"d9a51a5\" data-element_type=\"column\">\n\t\t\t<div class=\"elementor-widget-wrap elementor-element-populated\">\n\t\t\t\t\t\t\t\t<div class=\"elementor-element elementor-element-5151c96 elementor-widget elementor-widget-text-editor\" data-id=\"5151c96\" data-element_type=\"widget\" data-widget_type=\"text-editor.default\">\n\t\t\t\t<div class=\"elementor-widget-container\">\n\t\t\t\t\t\t\t<p>Fr\u00e5n \u00e5r 2000 har vi utf\u00f6rt inspektioner och reng\u00f6ringar av olika sprinklertankar. Sprinklertankarna \u00e4r i drift och kopplade till sprinklersystemet under arbetet. (Utom vid manuella reng\u00f6ringar).<br \/>Vi erbjuder inspektioner och robotreng\u00f6ringar av fyllda sprinklertankar samt manuella reng\u00f6ringar i t\u00f6mda tankar. Alla arbeten dokumenteras i protokoll, med bilder och videoinspelning.<\/p>\n<p>V\u00e5r inspektion \u00e4r en del av det f\u00f6rebyggande arbetet. Ofta ser en utomst\u00e5ende inspekt\u00f6r brister som egen personal inte l\u00e4gger m\u00e4rke till eller som man inte reagerar p\u00e5 i det vardagliga arbetet. Under inspektioner observeras ofta brister som d\u00e5 de inte \u00e5tg\u00e4rdas kan ha allvarliga f\u00f6ljder. Vi noterar t.ex. om smuts som samlats i reservoaren eller brister som kan leda till personskador. Vi utf\u00f6r inte s\u00f6ndrande konstruktionsanalyser, men vi p\u00e5pekar alltid i v\u00e5ra rapporter om observationer som kan vara signaler p\u00e5 byggnadstekniska problem som exempelvis sprickor i reservoaren.<\/p>\t\t\t\t\t\t<\/div>\n\t\t\t\t<\/div>\n\t\t\t\t\t<\/div>\n\t\t<\/div>\n\t\t\t\t\t\t\t<\/div>\n\t\t<\/section>\n\t\t\t\t\t\t\t<\/div>\n\t\t","protected":false},"excerpt":{"rendered":"<p>INSPEKTION OCH RENG\u00d6RING AV SPRINKLERTANKAR Det \u00e4r viktigt att h\u00e5lla sprinklertankarna rena. S\u00e5 f\u00f6rs\u00e4kras att all sprinklerutrustning funktionerar p\u00e5litligt vid eventuell brand. Vi fokuserar p\u00e5 en noggrann rapportering av eventuella brister eller lokalisering av problem. Fr\u00e5n \u00e5r 2000 har vi utf\u00f6rt inspektioner och reng\u00f6ringar av olika sprinklertankar. Sprinklertankarna \u00e4r i drift och kopplade till sprinklersystemet [&hellip;]<\/p>\n","protected":false},"author":1,"featured_media":0,"parent":0,"menu_order":0,"comment_status":"closed","ping_status":"closed","template":"","meta":{"footnotes":""},"_links":{"self":[{"href":"https:\/\/enitec.fi\/updated\/wp-json\/wp\/v2\/pages\/129"}],"collection":[{"href":"https:\/\/enitec.fi\/updated\/wp-json\/wp\/v2\/pages"}],"about":[{"href":"https:\/\/enitec.fi\/updated\/wp-json\/wp\/v2\/types\/page"}],"author":[{"embeddable":true,"href":"https:\/\/enitec.fi\/updated\/wp-json\/wp\/v2\/users\/1"}],"replies":[{"embeddable":true,"href":"https:\/\/enitec.fi\/updated\/wp-json\/wp\/v2\/comments?post=129"}],"version-history":[{"count":18,"href":"https:\/\/enitec.fi\/updated\/wp-json\/wp\/v2\/pages\/129\/revisions"}],"predecessor-version":[{"id":894,"href":"https:\/\/enitec.fi\/updated\/wp-json\/wp\/v2\/pages\/129\/revisions\/894"}],"wp:attachment":[{"href":"https:\/\/enitec.fi\/updated\/wp-json\/wp\/v2\/media?parent=129"}],"curies":[{"name":"wp","href":"https:\/\/api.w.org\/{rel}","templated":true}]}}