{"id":127,"date":"2022-02-21T10:28:46","date_gmt":"2022-02-21T10:28:46","guid":{"rendered":"https:\/\/enitec.fi\/updated\/?page_id=127"},"modified":"2024-03-20T12:27:32","modified_gmt":"2024-03-20T12:27:32","slug":"sprinklerisailioiden-huollot","status":"publish","type":"page","link":"https:\/\/enitec.fi\/updated\/sprinklerisailioiden-huollot\/","title":{"rendered":"Sprinkleris\u00e4ili\u00f6iden huollot"},"content":{"rendered":"\t\t<div data-elementor-type=\"wp-page\" data-elementor-id=\"127\" class=\"elementor elementor-127\">\n\t\t\t\t\t\t\t\t\t<section class=\"elementor-section elementor-top-section elementor-element elementor-element-b21991e animated-slow elementor-section-boxed elementor-section-height-default elementor-section-height-default elementor-invisible\" data-id=\"b21991e\" data-element_type=\"section\" data-settings=\"{&quot;animation&quot;:&quot;fadeIn&quot;}\">\n\t\t\t\t\t\t<div class=\"elementor-container elementor-column-gap-default\">\n\t\t\t\t\t<div class=\"elementor-column elementor-col-66 elementor-top-column elementor-element elementor-element-3c640bc\" data-id=\"3c640bc\" data-element_type=\"column\">\n\t\t\t<div class=\"elementor-widget-wrap elementor-element-populated\">\n\t\t\t\t\t\t\t\t<div class=\"elementor-element elementor-element-774229f elementor-widget elementor-widget-heading\" data-id=\"774229f\" data-element_type=\"widget\" data-widget_type=\"heading.default\">\n\t\t\t\t<div class=\"elementor-widget-container\">\n\t\t\t<style>\/*! elementor - v3.18.0 - 20-12-2023 *\/\n.elementor-heading-title{padding:0;margin:0;line-height:1}.elementor-widget-heading .elementor-heading-title[class*=elementor-size-]>a{color:inherit;font-size:inherit;line-height:inherit}.elementor-widget-heading .elementor-heading-title.elementor-size-small{font-size:15px}.elementor-widget-heading .elementor-heading-title.elementor-size-medium{font-size:19px}.elementor-widget-heading .elementor-heading-title.elementor-size-large{font-size:29px}.elementor-widget-heading .elementor-heading-title.elementor-size-xl{font-size:39px}.elementor-widget-heading .elementor-heading-title.elementor-size-xxl{font-size:59px}<\/style><h2 class=\"elementor-heading-title elementor-size-default\">SPRINKLERIS\u00c4ILI\u00d6IDEN TARKASTUS JA PUHDISTUS<\/h2>\t\t<\/div>\n\t\t\t\t<\/div>\n\t\t\t\t<div class=\"elementor-element elementor-element-b1a1a3f elementor-widget elementor-widget-text-editor\" data-id=\"b1a1a3f\" data-element_type=\"widget\" data-widget_type=\"text-editor.default\">\n\t\t\t\t<div class=\"elementor-widget-container\">\n\t\t\t<style>\/*! elementor - v3.18.0 - 20-12-2023 *\/\n.elementor-widget-text-editor.elementor-drop-cap-view-stacked .elementor-drop-cap{background-color:#69727d;color:#fff}.elementor-widget-text-editor.elementor-drop-cap-view-framed .elementor-drop-cap{color:#69727d;border:3px solid;background-color:transparent}.elementor-widget-text-editor:not(.elementor-drop-cap-view-default) .elementor-drop-cap{margin-top:8px}.elementor-widget-text-editor:not(.elementor-drop-cap-view-default) .elementor-drop-cap-letter{width:1em;height:1em}.elementor-widget-text-editor .elementor-drop-cap{float:left;text-align:center;line-height:1;font-size:50px}.elementor-widget-text-editor .elementor-drop-cap-letter{display:inline-block}<\/style>\t\t\t\t<p id=\"sprinklerisailioiden-puhtaanapito-on-tarkeaa-jotta-voidaan-varmistaa-etta-laitteistot-kuten-sprinklerit-toimivat-luotettavasti-mahdollisessa-palotilanteessa\">Sprinkleris\u00e4ili\u00f6iden puhtaanapito on t\u00e4rke\u00e4\u00e4 jotta voidaan varmistaa,\u00a0ett\u00e4 laitteistot kuten sprinklerit, toimivat luotettavasti mahdollisessa palotilanteessa.\u00a0<\/p>\n<p id=\"siksi-panostamme-suuresti-tarkkaan-raportointiin-mahdollisten-puutteiden-tai-ongelmien-paikallistamisessa\">Siksi panostamme suuresti\u00a0tarkkaan\u00a0raportointiin\u00a0mahdollisten puutteiden tai ongelmien paikallistamisessa.\u00a0<\/p>\t\t\t\t\t\t<\/div>\n\t\t\t\t<\/div>\n\t\t\t\t\t<\/div>\n\t\t<\/div>\n\t\t\t\t<div class=\"elementor-column elementor-col-33 elementor-top-column elementor-element elementor-element-5e6c1b3\" data-id=\"5e6c1b3\" data-element_type=\"column\">\n\t\t\t<div class=\"elementor-widget-wrap elementor-element-populated\">\n\t\t\t\t\t\t\t\t<div class=\"elementor-element elementor-element-7994972 elementor-widget elementor-widget-image\" data-id=\"7994972\" data-element_type=\"widget\" data-widget_type=\"image.default\">\n\t\t\t\t<div class=\"elementor-widget-container\">\n\t\t\t<style>\/*! elementor - v3.18.0 - 20-12-2023 *\/\n.elementor-widget-image{text-align:center}.elementor-widget-image a{display:inline-block}.elementor-widget-image a img[src$=\".svg\"]{width:48px}.elementor-widget-image img{vertical-align:middle;display:inline-block}<\/style>\t\t\t\t\t\t\t\t\t\t\t\t<img fetchpriority=\"high\" decoding=\"async\" width=\"580\" height=\"563\" src=\"https:\/\/enitec.fi\/updated\/wp-content\/uploads\/2022\/03\/SuomalPalvelua_Sin_rgb-1024x994.png\" class=\"attachment-large size-large wp-image-461\" alt=\"\" srcset=\"https:\/\/enitec.fi\/updated\/wp-content\/uploads\/2022\/03\/SuomalPalvelua_Sin_rgb-1024x994.png 1024w, https:\/\/enitec.fi\/updated\/wp-content\/uploads\/2022\/03\/SuomalPalvelua_Sin_rgb-300x291.png 300w, https:\/\/enitec.fi\/updated\/wp-content\/uploads\/2022\/03\/SuomalPalvelua_Sin_rgb-768x745.png 768w, https:\/\/enitec.fi\/updated\/wp-content\/uploads\/2022\/03\/SuomalPalvelua_Sin_rgb-1536x1491.png 1536w, https:\/\/enitec.fi\/updated\/wp-content\/uploads\/2022\/03\/SuomalPalvelua_Sin_rgb-1200x1165.png 1200w, https:\/\/enitec.fi\/updated\/wp-content\/uploads\/2022\/03\/SuomalPalvelua_Sin_rgb.png 1826w\" sizes=\"(max-width: 580px) 100vw, 580px\" \/>\t\t\t\t\t\t\t\t\t\t\t\t\t\t\t<\/div>\n\t\t\t\t<\/div>\n\t\t\t\t\t<\/div>\n\t\t<\/div>\n\t\t\t\t\t\t\t<\/div>\n\t\t<\/section>\n\t\t\t\t<section class=\"elementor-section elementor-top-section elementor-element elementor-element-d6c9019 animated-slow elementor-section-boxed elementor-section-height-default elementor-section-height-default elementor-invisible\" data-id=\"d6c9019\" data-element_type=\"section\" data-settings=\"{&quot;animation&quot;:&quot;fadeIn&quot;}\">\n\t\t\t\t\t\t<div class=\"elementor-container elementor-column-gap-default\">\n\t\t\t\t\t<div class=\"elementor-column elementor-col-100 elementor-top-column elementor-element elementor-element-3bdc151\" data-id=\"3bdc151\" data-element_type=\"column\">\n\t\t\t<div class=\"elementor-widget-wrap elementor-element-populated\">\n\t\t\t\t\t\t\t\t<div class=\"elementor-element elementor-element-7fdbb52 elementor-widget elementor-widget-text-editor\" data-id=\"7fdbb52\" data-element_type=\"widget\" data-widget_type=\"text-editor.default\">\n\t\t\t\t<div class=\"elementor-widget-container\">\n\t\t\t\t\t\t\t<p id=\"vuodesta-2000-olemme-suorittaneet-erilaisten-sprinklerisailioiden-tarkastuksia-ja-puhdistuksia-sailiot-ovat-kaytossa-ja-kytkettyna-tyosuorituksen-aikana\">Vuodesta 2000 olemme suorittaneet erilaisten sprinkleris\u00e4ili\u00f6iden\u00a0tarkastuksia ja puhdistuksia. S\u00e4ili\u00f6t ovat k\u00e4yt\u00f6ss\u00e4 ja kytkettyn\u00e4\u00a0ty\u00f6suorituksen aikana.<\/p>\n<p id=\"tarjoamme-taynna-olevien-sprinklerisailioiden-tarkastuksia-ja-robottipuhdistuksia-seka-tyhjien-sailioiden-manuaaliset-pesut-kaikki-tyot-dokumentoidaan-poytakirjoin-kuvin-ja-videotallentein-joista-asiakas-saa-tarvittavat-tiedot\">Tarjoamme t\u00e4ynn\u00e4 olevien sprinkleris\u00e4ili\u00f6iden\u00a0tarkastuksia ja robottipuhdistuksia, sek\u00e4 tyhjien s\u00e4ili\u00f6iden manuaaliset pesut. Kaikki ty\u00f6t dokumentoidaan p\u00f6yt\u00e4kirjoin, kuvin ja videotallentein joista asiakas saa tarvittavat tiedot.<\/p>\n<p id=\"tarkastuksemme-on-osa-ennaltaehkaisevaa-tyota-monta-kertaa-ulkopuolinen-tarkastaja-huomaa-asioita-joita-oma-henkilokunta-ei-nae-tai-joihin-ei-arkipaivaisessa-tyossa-reagoida-usein-tarkastuksissa-havaitaan-epakohtia-joilla-voi-hoitamatta-olla-vakaviakin-seurauksia-esimerkiksi-sailioon-kertynytta-likaa-tai-henkilovahinkoja-emme-tee-rikkovia-rakennetutkimuksia-mutta-mainitsemme-raporteissamme-aina-myos-havainnot-jotka-voivat-viitata-rakenneteknisiin-ongelmiin\">Tarkastuksemme on osa ennaltaehk\u00e4isev\u00e4\u00e4 ty\u00f6t\u00e4. Monta kertaa ulkopuolinen tarkastaja huomaa asioita joita\u00a0oma henkil\u00f6kunta ei n\u00e4e tai joihin ei arkip\u00e4iv\u00e4isess\u00e4 ty\u00f6ss\u00e4 reagoida. Usein tarkastuksissa havaitaan ep\u00e4kohtia, joilla voi hoitamatta olla vakaviakin seurauksia, esimerkiksi s\u00e4ili\u00f6\u00f6n kertynytt\u00e4 likaa\u00a0tai henkil\u00f6vahinkoja. Emme tee rikkovia rakennetutkimuksia, mutta mainitsemme raporteissamme aina my\u00f6s havainnot jotka voivat viitata rakenneteknisiin ongelmiin.<\/p>\t\t\t\t\t\t<\/div>\n\t\t\t\t<\/div>\n\t\t\t\t\t<\/div>\n\t\t<\/div>\n\t\t\t\t\t\t\t<\/div>\n\t\t<\/section>\n\t\t\t\t\t\t\t<\/div>\n\t\t","protected":false},"excerpt":{"rendered":"<p>SPRINKLERIS\u00c4ILI\u00d6IDEN TARKASTUS JA PUHDISTUS Sprinkleris\u00e4ili\u00f6iden puhtaanapito on t\u00e4rke\u00e4\u00e4 jotta voidaan varmistaa,\u00a0ett\u00e4 laitteistot kuten sprinklerit, toimivat luotettavasti mahdollisessa palotilanteessa.\u00a0 Siksi panostamme suuresti\u00a0tarkkaan\u00a0raportointiin\u00a0mahdollisten puutteiden tai ongelmien paikallistamisessa.\u00a0 Vuodesta 2000 olemme suorittaneet erilaisten sprinkleris\u00e4ili\u00f6iden\u00a0tarkastuksia ja puhdistuksia. S\u00e4ili\u00f6t ovat k\u00e4yt\u00f6ss\u00e4 ja kytkettyn\u00e4\u00a0ty\u00f6suorituksen aikana. Tarjoamme t\u00e4ynn\u00e4 olevien sprinkleris\u00e4ili\u00f6iden\u00a0tarkastuksia ja robottipuhdistuksia, sek\u00e4 tyhjien s\u00e4ili\u00f6iden manuaaliset pesut. Kaikki ty\u00f6t dokumentoidaan p\u00f6yt\u00e4kirjoin, kuvin [&hellip;]<\/p>\n","protected":false},"author":1,"featured_media":0,"parent":0,"menu_order":0,"comment_status":"closed","ping_status":"closed","template":"","meta":{"footnotes":""},"_links":{"self":[{"href":"https:\/\/enitec.fi\/updated\/wp-json\/wp\/v2\/pages\/127"}],"collection":[{"href":"https:\/\/enitec.fi\/updated\/wp-json\/wp\/v2\/pages"}],"about":[{"href":"https:\/\/enitec.fi\/updated\/wp-json\/wp\/v2\/types\/page"}],"author":[{"embeddable":true,"href":"https:\/\/enitec.fi\/updated\/wp-json\/wp\/v2\/users\/1"}],"replies":[{"embeddable":true,"href":"https:\/\/enitec.fi\/updated\/wp-json\/wp\/v2\/comments?post=127"}],"version-history":[{"count":10,"href":"https:\/\/enitec.fi\/updated\/wp-json\/wp\/v2\/pages\/127\/revisions"}],"predecessor-version":[{"id":1340,"href":"https:\/\/enitec.fi\/updated\/wp-json\/wp\/v2\/pages\/127\/revisions\/1340"}],"wp:attachment":[{"href":"https:\/\/enitec.fi\/updated\/wp-json\/wp\/v2\/media?parent=127"}],"curies":[{"name":"wp","href":"https:\/\/api.w.org\/{rel}","templated":true}]}}