{"id":1250,"date":"2024-03-19T14:07:30","date_gmt":"2024-03-19T14:07:30","guid":{"rendered":"https:\/\/enitec.fi\/updated\/?page_id=1250"},"modified":"2024-03-20T12:25:32","modified_gmt":"2024-03-20T12:25:32","slug":"talousvesisailioiden-manuaalinen-puhdistus","status":"publish","type":"page","link":"https:\/\/enitec.fi\/updated\/talousvesisailioiden-manuaalinen-puhdistus\/","title":{"rendered":"Talousvesis\u00e4ili\u00f6iden manuaalinen puhdistus"},"content":{"rendered":"\t\t<div data-elementor-type=\"wp-page\" data-elementor-id=\"1250\" class=\"elementor elementor-1250\">\n\t\t\t\t\t\t\t\t\t<section class=\"elementor-section elementor-top-section elementor-element elementor-element-3a48193 animated-slow elementor-section-boxed elementor-section-height-default elementor-section-height-default elementor-invisible\" data-id=\"3a48193\" data-element_type=\"section\" data-settings=\"{&quot;animation&quot;:&quot;fadeIn&quot;}\">\n\t\t\t\t\t\t<div class=\"elementor-container elementor-column-gap-default\">\n\t\t\t\t\t<div class=\"elementor-column elementor-col-50 elementor-top-column elementor-element elementor-element-bbb05df\" data-id=\"bbb05df\" data-element_type=\"column\">\n\t\t\t<div class=\"elementor-widget-wrap elementor-element-populated\">\n\t\t\t\t\t\t\t\t<div class=\"elementor-element elementor-element-fbd0aaf elementor-widget elementor-widget-heading\" data-id=\"fbd0aaf\" data-element_type=\"widget\" data-widget_type=\"heading.default\">\n\t\t\t\t<div class=\"elementor-widget-container\">\n\t\t\t<style>\/*! elementor - v3.18.0 - 20-12-2023 *\/\n.elementor-heading-title{padding:0;margin:0;line-height:1}.elementor-widget-heading .elementor-heading-title[class*=elementor-size-]>a{color:inherit;font-size:inherit;line-height:inherit}.elementor-widget-heading .elementor-heading-title.elementor-size-small{font-size:15px}.elementor-widget-heading .elementor-heading-title.elementor-size-medium{font-size:19px}.elementor-widget-heading .elementor-heading-title.elementor-size-large{font-size:29px}.elementor-widget-heading .elementor-heading-title.elementor-size-xl{font-size:39px}.elementor-widget-heading .elementor-heading-title.elementor-size-xxl{font-size:59px}<\/style><h4 class=\"elementor-heading-title elementor-size-default\">MANUAALINEN PUHDISTUS\u00a0\u2013 tyhjennetyss\u00e4 s\u00e4ili\u00f6ss\u00e4\n<\/h4>\t\t<\/div>\n\t\t\t\t<\/div>\n\t\t\t\t<div class=\"elementor-element elementor-element-844fff8 elementor-widget elementor-widget-text-editor\" data-id=\"844fff8\" data-element_type=\"widget\" data-widget_type=\"text-editor.default\">\n\t\t\t\t<div class=\"elementor-widget-container\">\n\t\t\t<style>\/*! elementor - v3.18.0 - 20-12-2023 *\/\n.elementor-widget-text-editor.elementor-drop-cap-view-stacked .elementor-drop-cap{background-color:#69727d;color:#fff}.elementor-widget-text-editor.elementor-drop-cap-view-framed .elementor-drop-cap{color:#69727d;border:3px solid;background-color:transparent}.elementor-widget-text-editor:not(.elementor-drop-cap-view-default) .elementor-drop-cap{margin-top:8px}.elementor-widget-text-editor:not(.elementor-drop-cap-view-default) .elementor-drop-cap-letter{width:1em;height:1em}.elementor-widget-text-editor .elementor-drop-cap{float:left;text-align:center;line-height:1;font-size:50px}.elementor-widget-text-editor .elementor-drop-cap-letter{display:inline-block}<\/style>\t\t\t\t<p id=\"joskus-pohjapinnan-puhdistus-robotilla-ei-ole-riittava-esimerkiksi-puhdistuksen-tarpeessa-olevia-vesisailion-seinia-ei-robotilla-pysty-puhdistamaan-uudessa-vesisailiossa-ja-huoltotoita-varten-tyhjennetyssa-sailiossa-on-kaikki-juomaveden-kanssa-kosketukseen-tulevat-pinnat-puhdistettava-ennen-kayttoonottoa-myos-talousvesisailion-rakenne-voi-olla-sellainen-etta-robottipuhdistus-on-mahdoton-naissa-tapauksissa-talousvesisailion-manuaalinen-puhdistus-on-paikallaan\">Joskus pohjapinnan puhdistus robotilla ei ole riitt\u00e4v\u00e4. Esimerkiksi puhdistuksen tarpeessa olevia vesis\u00e4ili\u00f6n seini\u00e4 ei robotilla pysty puhdistamaan. Uudessa vesis\u00e4ili\u00f6ss\u00e4, ja huoltot\u00f6it\u00e4 varten tyhjennetyss\u00e4 s\u00e4ili\u00f6ss\u00e4 on kaikki juomaveden kanssa kosketukseen tulevat pinnat puhdistettava ennen k\u00e4ytt\u00f6\u00f6nottoa. My\u00f6s talousvesis\u00e4ili\u00f6n rakenne voi olla sellainen, ett\u00e4 robottipuhdistus on mahdoton. N\u00e4iss\u00e4 tapauksissa talousvesis\u00e4ili\u00f6n manuaalinen puhdistus on paikallaan.<\/p><p id=\"suoritamme-tyhjennettyjen-talousvesisailioiden-manuaalisia-puhdistuksia-jalkidesinfiointeineen\">Suoritamme tyhjennettyjen talousvesis\u00e4ili\u00f6iden manuaalisia puhdistuksia j\u00e4lkidesinfiointeineen.<\/p><p id=\"henkilokuntamme-on-lapikaynyt-juomavesihygieniakoulutuksen-ja-kayttamamme-varusteeet-on-koottu-varta-vasten-talousvesisailioiden-manuaalisia-puhdistuksia-ajatellen-varusteita-kaytetaan-ainoastaan-talousvesisailioissa\">Henkil\u00f6kuntamme on l\u00e4pik\u00e4ynyt juomavesihygieniakoulutuksen ja k\u00e4ytt\u00e4m\u00e4mme varusteet on koottu varta vasten talousvesis\u00e4ili\u00f6iden manuaalisia puhdistuksia ajatellen. Varusteita k\u00e4ytet\u00e4\u00e4n ainoastaan talousvesis\u00e4ili\u00f6iss\u00e4.<\/p><p>Laadimme aina kohde sovitetun riskianalyysin t\u00f6ille, joissa henkil\u00f6it\u00e4 laskeutuu s\u00e4ili\u00f6\u00f6n. Riksianalyysiss\u00e4 huomioidaan henkil\u00f6turvallissuutta ja juomaveden kontaminaatioriski\u00e4.<\/p>\t\t\t\t\t\t<\/div>\n\t\t\t\t<\/div>\n\t\t\t\t\t<\/div>\n\t\t<\/div>\n\t\t\t\t<div class=\"elementor-column elementor-col-50 elementor-top-column elementor-element elementor-element-ae9777a elementor-hidden-mobile\" data-id=\"ae9777a\" data-element_type=\"column\" data-settings=\"{&quot;background_background&quot;:&quot;classic&quot;}\">\n\t\t\t<div class=\"elementor-widget-wrap elementor-element-populated\">\n\t\t\t\t\t\t\t\t<div class=\"elementor-element elementor-element-d9b0952 elementor-widget elementor-widget-image\" data-id=\"d9b0952\" data-element_type=\"widget\" data-widget_type=\"image.default\">\n\t\t\t\t<div class=\"elementor-widget-container\">\n\t\t\t<style>\/*! elementor - v3.18.0 - 20-12-2023 *\/\n.elementor-widget-image{text-align:center}.elementor-widget-image a{display:inline-block}.elementor-widget-image a img[src$=\".svg\"]{width:48px}.elementor-widget-image img{vertical-align:middle;display:inline-block}<\/style>\t\t\t\t\t\t\t\t\t\t\t\t<img decoding=\"async\" width=\"240\" height=\"179\" src=\"https:\/\/enitec.fi\/updated\/wp-content\/uploads\/2022\/02\/Som-bild-vid-manuell.webp\" class=\"attachment-large size-large wp-image-387\" alt=\"\" \/>\t\t\t\t\t\t\t\t\t\t\t\t\t\t\t<\/div>\n\t\t\t\t<\/div>\n\t\t\t\t<div class=\"elementor-element elementor-element-d942591 elementor-widget elementor-widget-image\" data-id=\"d942591\" data-element_type=\"widget\" data-widget_type=\"image.default\">\n\t\t\t\t<div class=\"elementor-widget-container\">\n\t\t\t\t\t\t\t\t\t\t\t\t\t\t\t<img fetchpriority=\"high\" decoding=\"async\" width=\"580\" height=\"384\" src=\"https:\/\/enitec.fi\/updated\/wp-content\/uploads\/2024\/03\/manuel.png\" class=\"attachment-large size-large wp-image-1174\" alt=\"\" srcset=\"https:\/\/enitec.fi\/updated\/wp-content\/uploads\/2024\/03\/manuel.png 614w, https:\/\/enitec.fi\/updated\/wp-content\/uploads\/2024\/03\/manuel-300x198.png 300w\" sizes=\"(max-width: 580px) 100vw, 580px\" \/>\t\t\t\t\t\t\t\t\t\t\t\t\t\t\t<\/div>\n\t\t\t\t<\/div>\n\t\t\t\t\t<\/div>\n\t\t<\/div>\n\t\t\t\t\t\t\t<\/div>\n\t\t<\/section>\n\t\t\t\t<section class=\"elementor-section elementor-top-section elementor-element elementor-element-0e2e7d9 elementor-section-stretched elementor-hidden-desktop elementor-hidden-tablet elementor-section-boxed elementor-section-height-default elementor-section-height-default\" data-id=\"0e2e7d9\" data-element_type=\"section\" data-settings=\"{&quot;stretch_section&quot;:&quot;section-stretched&quot;,&quot;background_background&quot;:&quot;classic&quot;}\">\n\t\t\t\t\t\t<div class=\"elementor-container elementor-column-gap-default\">\n\t\t\t\t\t<div class=\"elementor-column elementor-col-50 elementor-top-column elementor-element elementor-element-68637b6\" data-id=\"68637b6\" data-element_type=\"column\">\n\t\t\t<div class=\"elementor-widget-wrap elementor-element-populated\">\n\t\t\t\t\t\t\t\t<div class=\"elementor-element elementor-element-1b719eb elementor-widget elementor-widget-image\" data-id=\"1b719eb\" data-element_type=\"widget\" data-widget_type=\"image.default\">\n\t\t\t\t<div class=\"elementor-widget-container\">\n\t\t\t\t\t\t\t\t\t\t\t\t\t\t\t<img decoding=\"async\" width=\"240\" height=\"179\" src=\"https:\/\/enitec.fi\/updated\/wp-content\/uploads\/2022\/02\/Som-bild-vid-manuell.webp\" class=\"attachment-large size-large wp-image-387\" alt=\"\" \/>\t\t\t\t\t\t\t\t\t\t\t\t\t\t\t<\/div>\n\t\t\t\t<\/div>\n\t\t\t\t\t<\/div>\n\t\t<\/div>\n\t\t\t\t<div class=\"elementor-column elementor-col-50 elementor-top-column elementor-element elementor-element-ae03cf4\" data-id=\"ae03cf4\" data-element_type=\"column\">\n\t\t\t<div class=\"elementor-widget-wrap elementor-element-populated\">\n\t\t\t\t\t\t\t\t<div class=\"elementor-element elementor-element-642065e elementor-widget elementor-widget-image\" data-id=\"642065e\" data-element_type=\"widget\" data-widget_type=\"image.default\">\n\t\t\t\t<div class=\"elementor-widget-container\">\n\t\t\t\t\t\t\t\t\t\t\t\t\t\t\t<img fetchpriority=\"high\" decoding=\"async\" width=\"580\" height=\"384\" src=\"https:\/\/enitec.fi\/updated\/wp-content\/uploads\/2024\/03\/manuel.png\" class=\"attachment-large size-large wp-image-1174\" alt=\"\" srcset=\"https:\/\/enitec.fi\/updated\/wp-content\/uploads\/2024\/03\/manuel.png 614w, https:\/\/enitec.fi\/updated\/wp-content\/uploads\/2024\/03\/manuel-300x198.png 300w\" sizes=\"(max-width: 580px) 100vw, 580px\" \/>\t\t\t\t\t\t\t\t\t\t\t\t\t\t\t<\/div>\n\t\t\t\t<\/div>\n\t\t\t\t\t<\/div>\n\t\t<\/div>\n\t\t\t\t\t\t\t<\/div>\n\t\t<\/section>\n\t\t\t\t\t\t\t<\/div>\n\t\t","protected":false},"excerpt":{"rendered":"<p>MANUAALINEN PUHDISTUS\u00a0\u2013 tyhjennetyss\u00e4 s\u00e4ili\u00f6ss\u00e4 Joskus pohjapinnan puhdistus robotilla ei ole riitt\u00e4v\u00e4. Esimerkiksi puhdistuksen tarpeessa olevia vesis\u00e4ili\u00f6n seini\u00e4 ei robotilla pysty puhdistamaan. Uudessa vesis\u00e4ili\u00f6ss\u00e4, ja huoltot\u00f6it\u00e4 varten tyhjennetyss\u00e4 s\u00e4ili\u00f6ss\u00e4 on kaikki juomaveden kanssa kosketukseen tulevat pinnat puhdistettava ennen k\u00e4ytt\u00f6\u00f6nottoa. My\u00f6s talousvesis\u00e4ili\u00f6n rakenne voi olla sellainen, ett\u00e4 robottipuhdistus on mahdoton. N\u00e4iss\u00e4 tapauksissa talousvesis\u00e4ili\u00f6n manuaalinen puhdistus on paikallaan. [&hellip;]<\/p>\n","protected":false},"author":1,"featured_media":0,"parent":0,"menu_order":0,"comment_status":"closed","ping_status":"closed","template":"","meta":{"footnotes":""},"_links":{"self":[{"href":"https:\/\/enitec.fi\/updated\/wp-json\/wp\/v2\/pages\/1250"}],"collection":[{"href":"https:\/\/enitec.fi\/updated\/wp-json\/wp\/v2\/pages"}],"about":[{"href":"https:\/\/enitec.fi\/updated\/wp-json\/wp\/v2\/types\/page"}],"author":[{"embeddable":true,"href":"https:\/\/enitec.fi\/updated\/wp-json\/wp\/v2\/users\/1"}],"replies":[{"embeddable":true,"href":"https:\/\/enitec.fi\/updated\/wp-json\/wp\/v2\/comments?post=1250"}],"version-history":[{"count":10,"href":"https:\/\/enitec.fi\/updated\/wp-json\/wp\/v2\/pages\/1250\/revisions"}],"predecessor-version":[{"id":1337,"href":"https:\/\/enitec.fi\/updated\/wp-json\/wp\/v2\/pages\/1250\/revisions\/1337"}],"wp:attachment":[{"href":"https:\/\/enitec.fi\/updated\/wp-json\/wp\/v2\/media?parent=1250"}],"curies":[{"name":"wp","href":"https:\/\/api.w.org\/{rel}","templated":true}]}}