{"id":125,"date":"2022-02-21T10:28:27","date_gmt":"2022-02-21T10:28:27","guid":{"rendered":"https:\/\/enitec.fi\/updated\/?page_id=125"},"modified":"2024-04-03T10:53:18","modified_gmt":"2024-04-03T10:53:18","slug":"underhall-av-dricksvattenreservoarer","status":"publish","type":"page","link":"https:\/\/enitec.fi\/updated\/sv\/underhall-av-dricksvattenreservoarer\/","title":{"rendered":"Underh\u00e5ll av dricksvattenreservoarer"},"content":{"rendered":"\t\t<div data-elementor-type=\"wp-page\" data-elementor-id=\"125\" class=\"elementor elementor-125\">\n\t\t\t\t\t\t\t\t\t<section class=\"elementor-section elementor-top-section elementor-element elementor-element-1c242309 animated-slow elementor-section-boxed elementor-section-height-default elementor-section-height-default elementor-invisible\" data-id=\"1c242309\" data-element_type=\"section\" data-settings=\"{&quot;animation&quot;:&quot;fadeIn&quot;}\">\n\t\t\t\t\t\t<div class=\"elementor-container elementor-column-gap-default\">\n\t\t\t\t\t<div class=\"elementor-column elementor-col-50 elementor-top-column elementor-element elementor-element-5c5c71dc\" data-id=\"5c5c71dc\" data-element_type=\"column\">\n\t\t\t<div class=\"elementor-widget-wrap elementor-element-populated\">\n\t\t\t\t\t\t\t\t<div class=\"elementor-element elementor-element-501726e elementor-widget elementor-widget-heading\" data-id=\"501726e\" data-element_type=\"widget\" data-widget_type=\"heading.default\">\n\t\t\t\t<div class=\"elementor-widget-container\">\n\t\t\t<style>\/*! elementor - v3.18.0 - 20-12-2023 *\/\n.elementor-heading-title{padding:0;margin:0;line-height:1}.elementor-widget-heading .elementor-heading-title[class*=elementor-size-]>a{color:inherit;font-size:inherit;line-height:inherit}.elementor-widget-heading .elementor-heading-title.elementor-size-small{font-size:15px}.elementor-widget-heading .elementor-heading-title.elementor-size-medium{font-size:19px}.elementor-widget-heading .elementor-heading-title.elementor-size-large{font-size:29px}.elementor-widget-heading .elementor-heading-title.elementor-size-xl{font-size:39px}.elementor-widget-heading .elementor-heading-title.elementor-size-xxl{font-size:59px}<\/style><h2 class=\"elementor-heading-title elementor-size-default\">INSPEKTION OCH RENG\u00d6RING AV DRICKSVATTENRESEROVARER<\/h2>\t\t<\/div>\n\t\t\t\t<\/div>\n\t\t\t\t<div class=\"elementor-element elementor-element-4b685f2c elementor-widget elementor-widget-text-editor\" data-id=\"4b685f2c\" data-element_type=\"widget\" data-widget_type=\"text-editor.default\">\n\t\t\t\t<div class=\"elementor-widget-container\">\n\t\t\t<style>\/*! elementor - v3.18.0 - 20-12-2023 *\/\n.elementor-widget-text-editor.elementor-drop-cap-view-stacked .elementor-drop-cap{background-color:#69727d;color:#fff}.elementor-widget-text-editor.elementor-drop-cap-view-framed .elementor-drop-cap{color:#69727d;border:3px solid;background-color:transparent}.elementor-widget-text-editor:not(.elementor-drop-cap-view-default) .elementor-drop-cap{margin-top:8px}.elementor-widget-text-editor:not(.elementor-drop-cap-view-default) .elementor-drop-cap-letter{width:1em;height:1em}.elementor-widget-text-editor .elementor-drop-cap{float:left;text-align:center;line-height:1;font-size:50px}.elementor-widget-text-editor .elementor-drop-cap-letter{display:inline-block}<\/style>\t\t\t\t<p>Vatten \u00e4r ett livsmedel, det viktigaste av alla. D\u00e4rf\u00f6r l\u00e4gger vi stor vikt p\u00e5 hygient\u00e4nkandet i v\u00e5rt arbete. F\u00f6rutom att v\u00e5r personal sj\u00e4lvklart har f\u00e5tt skolning i dricksvattenhygien, har Enitec en egen standardiserad hygienskolning. V\u00e5r utrustning anv\u00e4nds endast i dricksvattenreservoarer och uppfyller de krav som st\u00e4lls p\u00e5 material som anv\u00e4nds inom livsmedelsindustrin.<br \/><u>Fr\u00e5n \u00e5r 2000<\/u> har vi utf\u00f6rt inspektioner och reng\u00f6ringar av vattentorn, h\u00f6gvatten- och l\u00e5gvattenreservoarer.<br \/>Vi erbjuder inspektioner och robotreng\u00f6ringar i fyllda reservoarer, manuella reng\u00f6ringar och desinfektioner i t\u00f6mda reservoarer samt inspektioner i t\u00f6mda reservoarer till exempel i samband med andra underh\u00e5llsarbeten. Arbetena dokumenteras med protokoll, bilder och videoinspelning. Reservoaren \u00e4r i drift och kopplad till distributionsn\u00e4tet under robotinspektionen och\/eller robotreng\u00f6ringen.<\/p>\n<p><!-- \/wp:paragraph --><\/p>\n<p><!-- wp:paragraph --><\/p>\n<p>Vi anv\u00e4nder oss av metoder som baserar sig p\u00e5 \u00f6ver 30 \u00e5rs specialisering inom vattenbyggnation. Erfarenhet finns av \u00f6ver <u>2500<\/u> inspekterade objekt.<\/p>\n<p><!-- \/wp:paragraph --><\/p>\n<p><!-- wp:paragraph --><\/p>\n<p>V\u00e5ra inspektioner \u00e4r en del av det f\u00f6rebyggande arbetet. Ofta ser en utomst\u00e5ende inspekt\u00f6r brister, som vattenverkets egen personal inte l\u00e4gger m\u00e4rke till, eller som man inte reagerar p\u00e5 i det vardagliga arbetet. Under inspektioner observeras ofta brister som, d\u00e5 de inte \u00e5tg\u00e4rdas, kan ha allvarliga f\u00f6ljder, som t.ex. f\u00f6rorenat vatten eller personskador. Vi utf\u00f6r inte s\u00f6ndrande konstruktionsanalyser, men vi p\u00e5pekar alltid i v\u00e5ra rapporter om observationer som kan vara signaler p\u00e5 byggnadstekniska problem, som exempelvis sprickor i reservoaren.<\/p>\t\t\t\t\t\t<\/div>\n\t\t\t\t<\/div>\n\t\t\t\t\t<\/div>\n\t\t<\/div>\n\t\t\t\t<div class=\"elementor-column elementor-col-50 elementor-top-column elementor-element elementor-element-2269ac7\" data-id=\"2269ac7\" data-element_type=\"column\">\n\t\t\t<div class=\"elementor-widget-wrap elementor-element-populated\">\n\t\t\t\t\t\t\t\t<div class=\"elementor-element elementor-element-28072a9 elementor-widget elementor-widget-image\" data-id=\"28072a9\" data-element_type=\"widget\" data-widget_type=\"image.default\">\n\t\t\t\t<div class=\"elementor-widget-container\">\n\t\t\t<style>\/*! elementor - v3.18.0 - 20-12-2023 *\/\n.elementor-widget-image{text-align:center}.elementor-widget-image a{display:inline-block}.elementor-widget-image a img[src$=\".svg\"]{width:48px}.elementor-widget-image img{vertical-align:middle;display:inline-block}<\/style>\t\t\t\t\t\t\t\t\t\t\t\t<img fetchpriority=\"high\" decoding=\"async\" width=\"580\" height=\"514\" src=\"https:\/\/enitec.fi\/updated\/wp-content\/uploads\/2022\/03\/FinlandskServ_Sin_rgb-1024x908.png\" class=\"attachment-large size-large wp-image-460\" alt=\"\" srcset=\"https:\/\/enitec.fi\/updated\/wp-content\/uploads\/2022\/03\/FinlandskServ_Sin_rgb-1024x908.png 1024w, https:\/\/enitec.fi\/updated\/wp-content\/uploads\/2022\/03\/FinlandskServ_Sin_rgb-300x266.png 300w, https:\/\/enitec.fi\/updated\/wp-content\/uploads\/2022\/03\/FinlandskServ_Sin_rgb-768x681.png 768w, https:\/\/enitec.fi\/updated\/wp-content\/uploads\/2022\/03\/FinlandskServ_Sin_rgb-1536x1362.png 1536w, https:\/\/enitec.fi\/updated\/wp-content\/uploads\/2022\/03\/FinlandskServ_Sin_rgb-1200x1064.png 1200w, https:\/\/enitec.fi\/updated\/wp-content\/uploads\/2022\/03\/FinlandskServ_Sin_rgb-1980x1756.png 1980w, https:\/\/enitec.fi\/updated\/wp-content\/uploads\/2022\/03\/FinlandskServ_Sin_rgb.png 1998w\" sizes=\"(max-width: 580px) 100vw, 580px\" \/>\t\t\t\t\t\t\t\t\t\t\t\t\t\t\t<\/div>\n\t\t\t\t<\/div>\n\t\t\t\t<div class=\"elementor-element elementor-element-e1320ae elementor-widget elementor-widget-image\" data-id=\"e1320ae\" data-element_type=\"widget\" data-widget_type=\"image.default\">\n\t\t\t\t<div class=\"elementor-widget-container\">\n\t\t\t\t\t\t\t\t\t\t\t\t\t\t\t<img decoding=\"async\" width=\"190\" height=\"144\" src=\"https:\/\/enitec.fi\/updated\/wp-content\/uploads\/2022\/02\/inspektorn-2.webp\" class=\"attachment-large size-large wp-image-399\" alt=\"\" \/>\t\t\t\t\t\t\t\t\t\t\t\t\t\t\t<\/div>\n\t\t\t\t<\/div>\n\t\t\t\t<div class=\"elementor-element elementor-element-31a2158 elementor-widget elementor-widget-image\" data-id=\"31a2158\" data-element_type=\"widget\" data-widget_type=\"image.default\">\n\t\t\t\t<div class=\"elementor-widget-container\">\n\t\t\t\t\t\t\t\t\t\t\t\t\t\t\t<img decoding=\"async\" width=\"227\" height=\"149\" src=\"https:\/\/enitec.fi\/updated\/wp-content\/uploads\/2022\/02\/rengoraren-1.webp\" class=\"attachment-large size-large wp-image-400\" alt=\"\" \/>\t\t\t\t\t\t\t\t\t\t\t\t\t\t\t<\/div>\n\t\t\t\t<\/div>\n\t\t\t\t\t<\/div>\n\t\t<\/div>\n\t\t\t\t\t\t\t<\/div>\n\t\t<\/section>\n\t\t\t\t\t\t\t<\/div>\n\t\t","protected":false},"excerpt":{"rendered":"<p>INSPEKTION OCH RENG\u00d6RING AV DRICKSVATTENRESEROVARER Vatten \u00e4r ett livsmedel, det viktigaste av alla. D\u00e4rf\u00f6r l\u00e4gger vi stor vikt p\u00e5 hygient\u00e4nkandet i v\u00e5rt arbete. F\u00f6rutom att v\u00e5r personal sj\u00e4lvklart har f\u00e5tt skolning i dricksvattenhygien, har Enitec en egen standardiserad hygienskolning. V\u00e5r utrustning anv\u00e4nds endast i dricksvattenreservoarer och uppfyller de krav som st\u00e4lls p\u00e5 material som anv\u00e4nds [&hellip;]<\/p>\n","protected":false},"author":1,"featured_media":0,"parent":0,"menu_order":0,"comment_status":"closed","ping_status":"closed","template":"","meta":{"footnotes":""},"_links":{"self":[{"href":"https:\/\/enitec.fi\/updated\/wp-json\/wp\/v2\/pages\/125"}],"collection":[{"href":"https:\/\/enitec.fi\/updated\/wp-json\/wp\/v2\/pages"}],"about":[{"href":"https:\/\/enitec.fi\/updated\/wp-json\/wp\/v2\/types\/page"}],"author":[{"embeddable":true,"href":"https:\/\/enitec.fi\/updated\/wp-json\/wp\/v2\/users\/1"}],"replies":[{"embeddable":true,"href":"https:\/\/enitec.fi\/updated\/wp-json\/wp\/v2\/comments?post=125"}],"version-history":[{"count":29,"href":"https:\/\/enitec.fi\/updated\/wp-json\/wp\/v2\/pages\/125\/revisions"}],"predecessor-version":[{"id":1469,"href":"https:\/\/enitec.fi\/updated\/wp-json\/wp\/v2\/pages\/125\/revisions\/1469"}],"wp:attachment":[{"href":"https:\/\/enitec.fi\/updated\/wp-json\/wp\/v2\/media?parent=125"}],"curies":[{"name":"wp","href":"https:\/\/api.w.org\/{rel}","templated":true}]}}