{"id":1248,"date":"2024-03-19T13:55:16","date_gmt":"2024-03-19T13:55:16","guid":{"rendered":"https:\/\/enitec.fi\/updated\/?page_id=1248"},"modified":"2024-03-20T13:11:23","modified_gmt":"2024-03-20T13:11:23","slug":"talousvesisailioiden-robottipuhdistus","status":"publish","type":"page","link":"https:\/\/enitec.fi\/updated\/talousvesisailioiden-robottipuhdistus\/","title":{"rendered":"Talousvesis\u00e4ili\u00f6iden robottipuhdistus"},"content":{"rendered":"\t\t<div data-elementor-type=\"wp-page\" data-elementor-id=\"1248\" class=\"elementor elementor-1248\">\n\t\t\t\t\t\t\t\t\t<section class=\"elementor-section elementor-top-section elementor-element elementor-element-c08da57 animated-slow elementor-section-boxed elementor-section-height-default elementor-section-height-default elementor-invisible\" data-id=\"c08da57\" data-element_type=\"section\" data-settings=\"{&quot;animation&quot;:&quot;fadeIn&quot;}\">\n\t\t\t\t\t\t<div class=\"elementor-container elementor-column-gap-default\">\n\t\t\t\t\t<div class=\"elementor-column elementor-col-50 elementor-top-column elementor-element elementor-element-3643d69\" data-id=\"3643d69\" data-element_type=\"column\">\n\t\t\t<div class=\"elementor-widget-wrap elementor-element-populated\">\n\t\t\t\t\t\t\t\t<div class=\"elementor-element elementor-element-08325ff elementor-widget elementor-widget-heading\" data-id=\"08325ff\" data-element_type=\"widget\" data-widget_type=\"heading.default\">\n\t\t\t\t<div class=\"elementor-widget-container\">\n\t\t\t<style>\/*! elementor - v3.18.0 - 20-12-2023 *\/\n.elementor-heading-title{padding:0;margin:0;line-height:1}.elementor-widget-heading .elementor-heading-title[class*=elementor-size-]>a{color:inherit;font-size:inherit;line-height:inherit}.elementor-widget-heading .elementor-heading-title.elementor-size-small{font-size:15px}.elementor-widget-heading .elementor-heading-title.elementor-size-medium{font-size:19px}.elementor-widget-heading .elementor-heading-title.elementor-size-large{font-size:29px}.elementor-widget-heading .elementor-heading-title.elementor-size-xl{font-size:39px}.elementor-widget-heading .elementor-heading-title.elementor-size-xxl{font-size:59px}<\/style><h4 class=\"elementor-heading-title elementor-size-default\">TALOUSVESIS\u00c4ILI\u00d6IDEN PUHDISTUS\n<\/h4>\t\t<\/div>\n\t\t\t\t<\/div>\n\t\t\t\t<div class=\"elementor-element elementor-element-34cf781 elementor-widget elementor-widget-text-editor\" data-id=\"34cf781\" data-element_type=\"widget\" data-widget_type=\"text-editor.default\">\n\t\t\t\t<div class=\"elementor-widget-container\">\n\t\t\t<style>\/*! elementor - v3.18.0 - 20-12-2023 *\/\n.elementor-widget-text-editor.elementor-drop-cap-view-stacked .elementor-drop-cap{background-color:#69727d;color:#fff}.elementor-widget-text-editor.elementor-drop-cap-view-framed .elementor-drop-cap{color:#69727d;border:3px solid;background-color:transparent}.elementor-widget-text-editor:not(.elementor-drop-cap-view-default) .elementor-drop-cap{margin-top:8px}.elementor-widget-text-editor:not(.elementor-drop-cap-view-default) .elementor-drop-cap-letter{width:1em;height:1em}.elementor-widget-text-editor .elementor-drop-cap{float:left;text-align:center;line-height:1;font-size:50px}.elementor-widget-text-editor .elementor-drop-cap-letter{display:inline-block}<\/style>\t\t\t\t<p id=\"talousvesisailioiden-puhdistus-robotilla-on-hygienisempaa-turvallisempaa-seka-taloudellisempaa-kuin-sailion-tyhjentaminen-ja-manuaalinen-puhdistaminen-tarjoamme-molemmat-vaihtoehdot-mutta-suosittelemme-robottipuhdistusta-tapauksissa-joissa-se-on-mahdollinen-kun-puhdistus-tehdaan-robotilla-valtytaan-kayttokatkoilta-ja-riskeilta-jotka-seuraavat-veden-tyhjentamista-ja-paineen-muuttumista-sailiossa-kaikki-tyot-dokumentoidaan-ja-asiakas-saa-kirjallisen-todistuksen-kuvineen-suoritetusta-puhdistustyosta\">Talousvesis\u00e4ili\u00f6iden puhdistus robotilla on hygieenisemp\u00e4\u00e4, turvallisempaa sek\u00e4 taloudellisempaa kuin s\u00e4ili\u00f6n tyhjent\u00e4minen ja manuaalinen puhdistaminen. Tarjoamme molemmat vaihtoehdot, mutta suosittelemme robottipuhdistusta tapauksissa, joissa se on mahdollinen. Kun puhdistus tehd\u00e4\u00e4n robotilla, v\u00e4ltyt\u00e4\u00e4n k\u00e4ytt\u00f6katkoilta ja riskeilt\u00e4, jotka seuraavat veden tyhjent\u00e4mist\u00e4 ja paineen muuttumista s\u00e4ili\u00f6ss\u00e4. Kaikki ty\u00f6t dokumentoidaan ja asiakas saa kirjallisen todistuksen kuvineen suoritetusta puhdistusty\u00f6st\u00e4.<\/p><p id=\"robottipuhdistus-sailion-ollessa-kaytossa-ja-kytkettyna-jakeluverkostoon\"><strong>ROBOTTIPUHDISTUS<\/strong>\u00a0\u2013 s\u00e4ili\u00f6n ollessa k\u00e4yt\u00f6ss\u00e4 ja kytkettyn\u00e4 jakeluverkostoon<\/p><p id=\"robottipuhdistus-sailion-ollessa-kaytossa-ja-kytkettyna-jakeluverkostoon\">S\u00e4ili\u00f6n pohjapinnan puhdistus suoritetaan kauko-ohjattavalla puhdistusrobotilla. Robotti on varustettu py\u00f6riv\u00e4ll\u00e4 harjalla, joka irrottaa sakan s\u00e4ili\u00f6n pohjalta, sek\u00e4 pumpulla, joka imaisee ja kuljettaa sakan sek\u00e4 muut ep\u00e4puhtaudet letkun kautta ylijuoksuputkeen tai maastoon. Valaisimien, kameran ja sonarin (kaikuluotaimen) avulla robottia navigoidaan tehokkaasti s\u00e4ili\u00f6ss\u00e4.\u00a0<\/p>\t\t\t\t\t\t<\/div>\n\t\t\t\t<\/div>\n\t\t\t\t\t<\/div>\n\t\t<\/div>\n\t\t\t\t<div class=\"elementor-column elementor-col-50 elementor-top-column elementor-element elementor-element-8f93896\" data-id=\"8f93896\" data-element_type=\"column\">\n\t\t\t<div class=\"elementor-widget-wrap elementor-element-populated\">\n\t\t\t\t\t\t\t\t<div class=\"elementor-element elementor-element-cfb67ce elementor-widget elementor-widget-image\" data-id=\"cfb67ce\" data-element_type=\"widget\" data-widget_type=\"image.default\">\n\t\t\t\t<div class=\"elementor-widget-container\">\n\t\t\t<style>\/*! elementor - v3.18.0 - 20-12-2023 *\/\n.elementor-widget-image{text-align:center}.elementor-widget-image a{display:inline-block}.elementor-widget-image a img[src$=\".svg\"]{width:48px}.elementor-widget-image img{vertical-align:middle;display:inline-block}<\/style>\t\t\t\t\t\t\t\t\t\t\t\t<img decoding=\"async\" width=\"228\" height=\"184\" src=\"https:\/\/enitec.fi\/updated\/wp-content\/uploads\/2022\/02\/rob_reng__21-1.webp\" class=\"attachment-large size-large wp-image-405\" alt=\"\" \/>\t\t\t\t\t\t\t\t\t\t\t\t\t\t\t<\/div>\n\t\t\t\t<\/div>\n\t\t\t\t<div class=\"elementor-element elementor-element-ed56115 elementor-widget elementor-widget-image\" data-id=\"ed56115\" data-element_type=\"widget\" data-widget_type=\"image.default\">\n\t\t\t\t<div class=\"elementor-widget-container\">\n\t\t\t\t\t\t\t\t\t\t\t\t\t\t\t<img decoding=\"async\" width=\"236\" height=\"174\" src=\"https:\/\/enitec.fi\/updated\/wp-content\/uploads\/2022\/02\/rob_reng__10-1.webp\" class=\"attachment-large size-large wp-image-406\" alt=\"\" \/>\t\t\t\t\t\t\t\t\t\t\t\t\t\t\t<\/div>\n\t\t\t\t<\/div>\n\t\t\t\t<div class=\"elementor-element elementor-element-55b175e elementor-hidden-desktop elementor-hidden-mobile elementor-widget elementor-widget-image\" data-id=\"55b175e\" data-element_type=\"widget\" data-widget_type=\"image.default\">\n\t\t\t\t<div class=\"elementor-widget-container\">\n\t\t\t\t\t\t\t\t\t\t\t\t\t\t\t<img fetchpriority=\"high\" decoding=\"async\" width=\"580\" height=\"384\" src=\"https:\/\/enitec.fi\/updated\/wp-content\/uploads\/2024\/03\/robot-hemsida-utan-logo.png\" class=\"attachment-large size-large wp-image-1170\" alt=\"\" srcset=\"https:\/\/enitec.fi\/updated\/wp-content\/uploads\/2024\/03\/robot-hemsida-utan-logo.png 614w, https:\/\/enitec.fi\/updated\/wp-content\/uploads\/2024\/03\/robot-hemsida-utan-logo-300x198.png 300w\" sizes=\"(max-width: 580px) 100vw, 580px\" \/>\t\t\t\t\t\t\t\t\t\t\t\t\t\t\t<\/div>\n\t\t\t\t<\/div>\n\t\t\t\t\t<\/div>\n\t\t<\/div>\n\t\t\t\t\t\t\t<\/div>\n\t\t<\/section>\n\t\t\t\t<section class=\"elementor-section elementor-top-section elementor-element elementor-element-92bf5d0 elementor-section-boxed elementor-section-height-default elementor-section-height-default\" data-id=\"92bf5d0\" data-element_type=\"section\" data-settings=\"{&quot;background_background&quot;:&quot;classic&quot;}\">\n\t\t\t\t\t\t<div class=\"elementor-container elementor-column-gap-default\">\n\t\t\t\t\t<div class=\"elementor-column elementor-col-100 elementor-top-column elementor-element elementor-element-2383bef\" data-id=\"2383bef\" data-element_type=\"column\">\n\t\t\t<div class=\"elementor-widget-wrap elementor-element-populated\">\n\t\t\t\t\t\t\t\t<div class=\"elementor-element elementor-element-7cedad0 elementor-widget__width-initial elementor-widget elementor-widget-text-editor\" data-id=\"7cedad0\" data-element_type=\"widget\" data-widget_type=\"text-editor.default\">\n\t\t\t\t<div class=\"elementor-widget-container\">\n\t\t\t\t\t\t\t<h4 id=\"menetelman-etuja\">Menetelm\u00e4n etuja:<\/h4><ul><li>S\u00e4ili\u00f6t\u00e4 ei tarvitse tyhjent\u00e4\u00e4, ei turhia paineenvaihteluja s\u00e4ili\u00f6n rakenteelle<\/li><li>S\u00e4ili\u00f6 on k\u00e4yt\u00f6ss\u00e4 ja kytkettyn\u00e4 jakeluverkostoon ty\u00f6n aikana<\/li><li>Nopeampaa kuin manuaalinen puhdistus<\/li><li>Taloudellisempaa kuin tyhjennys<\/li><li>Ei j\u00e4lkidesinfiointia<\/li><li>Ei ihmisi\u00e4 s\u00e4ili\u00f6\u00f6n<\/li><\/ul>\t\t\t\t\t\t<\/div>\n\t\t\t\t<\/div>\n\t\t\t\t\t<\/div>\n\t\t<\/div>\n\t\t\t\t\t\t\t<\/div>\n\t\t<\/section>\n\t\t\t\t<section class=\"elementor-section elementor-top-section elementor-element elementor-element-3ba350e elementor-hidden-tablet elementor-hidden-mobile elementor-section-boxed elementor-section-height-default elementor-section-height-default\" data-id=\"3ba350e\" data-element_type=\"section\" data-settings=\"{&quot;background_background&quot;:&quot;classic&quot;}\">\n\t\t\t\t\t\t<div class=\"elementor-container elementor-column-gap-default\">\n\t\t\t\t\t<div class=\"elementor-column elementor-col-50 elementor-top-column elementor-element elementor-element-ce988da\" data-id=\"ce988da\" data-element_type=\"column\">\n\t\t\t<div class=\"elementor-widget-wrap\">\n\t\t\t\t\t\t\t\t\t<\/div>\n\t\t<\/div>\n\t\t\t\t<div class=\"elementor-column elementor-col-50 elementor-top-column elementor-element elementor-element-c55aef5\" data-id=\"c55aef5\" data-element_type=\"column\">\n\t\t\t<div class=\"elementor-widget-wrap elementor-element-populated\">\n\t\t\t\t\t\t\t\t<div class=\"elementor-element elementor-element-24f0a2a elementor-widget__width-initial elementor-widget elementor-widget-image\" data-id=\"24f0a2a\" data-element_type=\"widget\" data-widget_type=\"image.default\">\n\t\t\t\t<div class=\"elementor-widget-container\">\n\t\t\t\t\t\t\t\t\t\t\t\t\t\t\t<img loading=\"lazy\" decoding=\"async\" width=\"580\" height=\"384\" src=\"https:\/\/enitec.fi\/updated\/wp-content\/uploads\/2024\/03\/robot-hemsida-utan-logo-removebg-preview.png\" class=\"attachment-large size-large wp-image-1359\" alt=\"\" srcset=\"https:\/\/enitec.fi\/updated\/wp-content\/uploads\/2024\/03\/robot-hemsida-utan-logo-removebg-preview.png 614w, https:\/\/enitec.fi\/updated\/wp-content\/uploads\/2024\/03\/robot-hemsida-utan-logo-removebg-preview-300x198.png 300w, https:\/\/enitec.fi\/updated\/wp-content\/uploads\/2024\/03\/robot-hemsida-utan-logo-removebg-preview-1x1.png 1w, https:\/\/enitec.fi\/updated\/wp-content\/uploads\/2024\/03\/robot-hemsida-utan-logo-removebg-preview-36x24.png 36w, https:\/\/enitec.fi\/updated\/wp-content\/uploads\/2024\/03\/robot-hemsida-utan-logo-removebg-preview-48x32.png 48w\" sizes=\"(max-width: 580px) 100vw, 580px\" \/>\t\t\t\t\t\t\t\t\t\t\t\t\t\t\t<\/div>\n\t\t\t\t<\/div>\n\t\t\t\t\t<\/div>\n\t\t<\/div>\n\t\t\t\t\t\t\t<\/div>\n\t\t<\/section>\n\t\t\t\t<section class=\"elementor-section elementor-top-section elementor-element elementor-element-666cd9f elementor-section-boxed elementor-section-height-default elementor-section-height-default\" data-id=\"666cd9f\" data-element_type=\"section\">\n\t\t\t\t\t\t<div class=\"elementor-container elementor-column-gap-default\">\n\t\t\t\t\t<div class=\"elementor-column elementor-col-100 elementor-top-column elementor-element elementor-element-3b57e10\" data-id=\"3b57e10\" data-element_type=\"column\">\n\t\t\t<div class=\"elementor-widget-wrap elementor-element-populated\">\n\t\t\t\t\t\t\t\t<div class=\"elementor-element elementor-element-600a9d2 elementor-hidden-desktop elementor-hidden-tablet elementor-widget elementor-widget-image\" data-id=\"600a9d2\" data-element_type=\"widget\" data-widget_type=\"image.default\">\n\t\t\t\t<div class=\"elementor-widget-container\">\n\t\t\t\t\t\t\t\t\t\t\t\t\t\t\t<img fetchpriority=\"high\" decoding=\"async\" width=\"580\" height=\"384\" src=\"https:\/\/enitec.fi\/updated\/wp-content\/uploads\/2024\/03\/robot-hemsida-utan-logo.png\" class=\"attachment-large size-large wp-image-1170\" alt=\"\" srcset=\"https:\/\/enitec.fi\/updated\/wp-content\/uploads\/2024\/03\/robot-hemsida-utan-logo.png 614w, https:\/\/enitec.fi\/updated\/wp-content\/uploads\/2024\/03\/robot-hemsida-utan-logo-300x198.png 300w\" sizes=\"(max-width: 580px) 100vw, 580px\" \/>\t\t\t\t\t\t\t\t\t\t\t\t\t\t\t<\/div>\n\t\t\t\t<\/div>\n\t\t\t\t\t<\/div>\n\t\t<\/div>\n\t\t\t\t\t\t\t<\/div>\n\t\t<\/section>\n\t\t\t\t\t\t\t<\/div>\n\t\t","protected":false},"excerpt":{"rendered":"<p>TALOUSVESIS\u00c4ILI\u00d6IDEN PUHDISTUS Talousvesis\u00e4ili\u00f6iden puhdistus robotilla on hygieenisemp\u00e4\u00e4, turvallisempaa sek\u00e4 taloudellisempaa kuin s\u00e4ili\u00f6n tyhjent\u00e4minen ja manuaalinen puhdistaminen. Tarjoamme molemmat vaihtoehdot, mutta suosittelemme robottipuhdistusta tapauksissa, joissa se on mahdollinen. Kun puhdistus tehd\u00e4\u00e4n robotilla, v\u00e4ltyt\u00e4\u00e4n k\u00e4ytt\u00f6katkoilta ja riskeilt\u00e4, jotka seuraavat veden tyhjent\u00e4mist\u00e4 ja paineen muuttumista s\u00e4ili\u00f6ss\u00e4. Kaikki ty\u00f6t dokumentoidaan ja asiakas saa kirjallisen todistuksen kuvineen suoritetusta puhdistusty\u00f6st\u00e4. ROBOTTIPUHDISTUS\u00a0\u2013 [&hellip;]<\/p>\n","protected":false},"author":1,"featured_media":0,"parent":0,"menu_order":0,"comment_status":"closed","ping_status":"closed","template":"","meta":{"footnotes":""},"_links":{"self":[{"href":"https:\/\/enitec.fi\/updated\/wp-json\/wp\/v2\/pages\/1248"}],"collection":[{"href":"https:\/\/enitec.fi\/updated\/wp-json\/wp\/v2\/pages"}],"about":[{"href":"https:\/\/enitec.fi\/updated\/wp-json\/wp\/v2\/types\/page"}],"author":[{"embeddable":true,"href":"https:\/\/enitec.fi\/updated\/wp-json\/wp\/v2\/users\/1"}],"replies":[{"embeddable":true,"href":"https:\/\/enitec.fi\/updated\/wp-json\/wp\/v2\/comments?post=1248"}],"version-history":[{"count":7,"href":"https:\/\/enitec.fi\/updated\/wp-json\/wp\/v2\/pages\/1248\/revisions"}],"predecessor-version":[{"id":1363,"href":"https:\/\/enitec.fi\/updated\/wp-json\/wp\/v2\/pages\/1248\/revisions\/1363"}],"wp:attachment":[{"href":"https:\/\/enitec.fi\/updated\/wp-json\/wp\/v2\/media?parent=1248"}],"curies":[{"name":"wp","href":"https:\/\/api.w.org\/{rel}","templated":true}]}}