{"id":111,"date":"2022-02-21T10:24:18","date_gmt":"2022-02-21T10:24:18","guid":{"rendered":"https:\/\/enitec.fi\/updated\/?page_id=111"},"modified":"2023-06-12T11:11:19","modified_gmt":"2023-06-12T11:11:19","slug":"e-cover-sakerhetsluckor","status":"publish","type":"page","link":"https:\/\/enitec.fi\/updated\/sv\/e-cover-sakerhetsluckor\/","title":{"rendered":"e-cover\u00ae-S\u00e4kerhetsluckor"},"content":{"rendered":"\t\t<div data-elementor-type=\"wp-page\" data-elementor-id=\"111\" class=\"elementor elementor-111\">\n\t\t\t\t\t\t\t\t\t<section class=\"elementor-section elementor-top-section elementor-element elementor-element-342c55c animated-slow elementor-section-boxed elementor-section-height-default elementor-section-height-default elementor-invisible\" data-id=\"342c55c\" data-element_type=\"section\" data-settings=\"{&quot;animation&quot;:&quot;fadeIn&quot;}\">\n\t\t\t\t\t\t<div class=\"elementor-container elementor-column-gap-default\">\n\t\t\t\t\t<div class=\"elementor-column elementor-col-50 elementor-top-column elementor-element elementor-element-887f4c4\" data-id=\"887f4c4\" data-element_type=\"column\">\n\t\t\t<div class=\"elementor-widget-wrap elementor-element-populated\">\n\t\t\t\t\t\t\t\t<div class=\"elementor-element elementor-element-2ecf295 elementor-widget elementor-widget-heading\" data-id=\"2ecf295\" data-element_type=\"widget\" data-widget_type=\"heading.default\">\n\t\t\t\t<div class=\"elementor-widget-container\">\n\t\t\t<style>\/*! elementor - v3.18.0 - 20-12-2023 *\/\n.elementor-heading-title{padding:0;margin:0;line-height:1}.elementor-widget-heading .elementor-heading-title[class*=elementor-size-]>a{color:inherit;font-size:inherit;line-height:inherit}.elementor-widget-heading .elementor-heading-title.elementor-size-small{font-size:15px}.elementor-widget-heading .elementor-heading-title.elementor-size-medium{font-size:19px}.elementor-widget-heading .elementor-heading-title.elementor-size-large{font-size:29px}.elementor-widget-heading .elementor-heading-title.elementor-size-xl{font-size:39px}.elementor-widget-heading .elementor-heading-title.elementor-size-xxl{font-size:59px}<\/style><h2 class=\"elementor-heading-title elementor-size-default\">e-cover\u00ae-S\u00e4kerhetsluckor<\/h2>\t\t<\/div>\n\t\t\t\t<\/div>\n\t\t\t\t<div class=\"elementor-element elementor-element-b259a3f elementor-widget elementor-widget-text-editor\" data-id=\"b259a3f\" data-element_type=\"widget\" data-widget_type=\"text-editor.default\">\n\t\t\t\t<div class=\"elementor-widget-container\">\n\t\t\t<style>\/*! elementor - v3.18.0 - 20-12-2023 *\/\n.elementor-widget-text-editor.elementor-drop-cap-view-stacked .elementor-drop-cap{background-color:#69727d;color:#fff}.elementor-widget-text-editor.elementor-drop-cap-view-framed .elementor-drop-cap{color:#69727d;border:3px solid;background-color:transparent}.elementor-widget-text-editor:not(.elementor-drop-cap-view-default) .elementor-drop-cap{margin-top:8px}.elementor-widget-text-editor:not(.elementor-drop-cap-view-default) .elementor-drop-cap-letter{width:1em;height:1em}.elementor-widget-text-editor .elementor-drop-cap{float:left;text-align:center;line-height:1;font-size:50px}.elementor-widget-text-editor .elementor-drop-cap-letter{display:inline-block}<\/style>\t\t\t\t<p><strong><code>e-cover\u00ae<\/code> S\u00e4kra manluckor f\u00f6r dricksvattenreservoarer och andra objekt d\u00e4r det kr\u00e4vs till exempel brottsskydd av luckan.<\/strong><\/p>\t\t\t\t\t\t<\/div>\n\t\t\t\t<\/div>\n\t\t\t\t\t<\/div>\n\t\t<\/div>\n\t\t\t\t<div class=\"elementor-column elementor-col-50 elementor-top-column elementor-element elementor-element-c017efb\" data-id=\"c017efb\" data-element_type=\"column\">\n\t\t\t<div class=\"elementor-widget-wrap elementor-element-populated\">\n\t\t\t\t\t\t\t\t<div class=\"elementor-element elementor-element-5546c26 elementor-widget elementor-widget-image\" data-id=\"5546c26\" data-element_type=\"widget\" data-widget_type=\"image.default\">\n\t\t\t\t<div class=\"elementor-widget-container\">\n\t\t\t<style>\/*! elementor - v3.18.0 - 20-12-2023 *\/\n.elementor-widget-image{text-align:center}.elementor-widget-image a{display:inline-block}.elementor-widget-image a img[src$=\".svg\"]{width:48px}.elementor-widget-image img{vertical-align:middle;display:inline-block}<\/style>\t\t\t\t\t\t\t\t\t\t\t\t<img fetchpriority=\"high\" decoding=\"async\" width=\"391\" height=\"426\" src=\"https:\/\/enitec.fi\/updated\/wp-content\/uploads\/2022\/03\/1608716881wpdm_Valmistettu_Suomessa_ruotsi_blue_rgb.png\" class=\"attachment-large size-large wp-image-497\" alt=\"\" srcset=\"https:\/\/enitec.fi\/updated\/wp-content\/uploads\/2022\/03\/1608716881wpdm_Valmistettu_Suomessa_ruotsi_blue_rgb.png 391w, https:\/\/enitec.fi\/updated\/wp-content\/uploads\/2022\/03\/1608716881wpdm_Valmistettu_Suomessa_ruotsi_blue_rgb-275x300.png 275w\" sizes=\"(max-width: 391px) 100vw, 391px\" \/>\t\t\t\t\t\t\t\t\t\t\t\t\t\t\t<\/div>\n\t\t\t\t<\/div>\n\t\t\t\t\t<\/div>\n\t\t<\/div>\n\t\t\t\t\t\t\t<\/div>\n\t\t<\/section>\n\t\t\t\t<section class=\"elementor-section elementor-top-section elementor-element elementor-element-6219c4c animated-slow elementor-section-boxed elementor-section-height-default elementor-section-height-default elementor-invisible\" data-id=\"6219c4c\" data-element_type=\"section\" data-settings=\"{&quot;animation&quot;:&quot;fadeIn&quot;}\">\n\t\t\t\t\t\t<div class=\"elementor-container elementor-column-gap-wide\">\n\t\t\t\t\t<div class=\"elementor-column elementor-col-50 elementor-top-column elementor-element elementor-element-6242532\" data-id=\"6242532\" data-element_type=\"column\">\n\t\t\t<div class=\"elementor-widget-wrap elementor-element-populated\">\n\t\t\t\t\t\t\t\t<div class=\"elementor-element elementor-element-9fcedf3 elementor-align-center elementor-icon-list--layout-traditional elementor-list-item-link-full_width elementor-widget elementor-widget-icon-list\" data-id=\"9fcedf3\" data-element_type=\"widget\" data-widget_type=\"icon-list.default\">\n\t\t\t\t<div class=\"elementor-widget-container\">\n\t\t\t<link rel=\"stylesheet\" href=\"https:\/\/enitec.fi\/updated\/wp-content\/plugins\/elementor\/assets\/css\/widget-icon-list.min.css\">\t\t<ul class=\"elementor-icon-list-items\">\n\t\t\t\t\t\t\t<li class=\"elementor-icon-list-item\">\n\t\t\t\t\t\t\t\t\t\t\t<span class=\"elementor-icon-list-icon\">\n\t\t\t\t\t\t\t<i aria-hidden=\"true\" class=\"fas fa-exclamation-triangle\"><\/i>\t\t\t\t\t\t<\/span>\n\t\t\t\t\t\t\t\t\t\t<span class=\"elementor-icon-list-text\">Problem<\/span>\n\t\t\t\t\t\t\t\t\t<\/li>\n\t\t\t\t\t\t<\/ul>\n\t\t\t\t<\/div>\n\t\t\t\t<\/div>\n\t\t\t\t<div class=\"elementor-element elementor-element-3a0ba38 elementor-widget elementor-widget-text-editor\" data-id=\"3a0ba38\" data-element_type=\"widget\" data-widget_type=\"text-editor.default\">\n\t\t\t\t<div class=\"elementor-widget-container\">\n\t\t\t\t\t\t\t<p>En bristf\u00e4llig manlucka \u00e4r en l\u00e4tt ing\u00e5ng till reservoaren och \u00e4r d\u00e4rf\u00f6r en stor risk med tanke p\u00e5 sabotage. Dessutom kommer det in sm\u00e5 djur, insekter, luftf\u00f6roreningar och pollen via en ot\u00e4t manlucka.<\/p>\t\t\t\t\t\t<\/div>\n\t\t\t\t<\/div>\n\t\t\t\t\t<\/div>\n\t\t<\/div>\n\t\t\t\t<div class=\"elementor-column elementor-col-50 elementor-top-column elementor-element elementor-element-fcd194b\" data-id=\"fcd194b\" data-element_type=\"column\">\n\t\t\t<div class=\"elementor-widget-wrap elementor-element-populated\">\n\t\t\t\t\t\t\t\t<div class=\"elementor-element elementor-element-909396a elementor-align-center elementor-icon-list--layout-traditional elementor-list-item-link-full_width elementor-widget elementor-widget-icon-list\" data-id=\"909396a\" data-element_type=\"widget\" data-widget_type=\"icon-list.default\">\n\t\t\t\t<div class=\"elementor-widget-container\">\n\t\t\t\t\t<ul class=\"elementor-icon-list-items\">\n\t\t\t\t\t\t\t<li class=\"elementor-icon-list-item\">\n\t\t\t\t\t\t\t\t\t\t\t<span class=\"elementor-icon-list-icon\">\n\t\t\t\t\t\t\t<i aria-hidden=\"true\" class=\"fas fa-check-circle\"><\/i>\t\t\t\t\t\t<\/span>\n\t\t\t\t\t\t\t\t\t\t<span class=\"elementor-icon-list-text\">L\u00f6sning<\/span>\n\t\t\t\t\t\t\t\t\t<\/li>\n\t\t\t\t\t\t<\/ul>\n\t\t\t\t<\/div>\n\t\t\t\t<\/div>\n\t\t\t\t<div class=\"elementor-element elementor-element-6d13780 elementor-widget elementor-widget-text-editor\" data-id=\"6d13780\" data-element_type=\"widget\" data-widget_type=\"text-editor.default\">\n\t\t\t\t<div class=\"elementor-widget-container\">\n\t\t\t\t\t\t\t<p><strong>e-cover<\/strong>\u00a0skyddar effektivt dricksvattnet fr\u00e5n att f\u00f6rorenas och f\u00f6rsv\u00e5rar en avsiktlig kontaminering av dricksvattnet. N\u00e4r manluckan och alla andra \u00f6ppningar till reservoaren \u00e4r noggrant t\u00e4tade, tvingas luften genom luftfiltret (minsta filterklass F7) vid v\u00e4xlingar av vattenniv\u00e5n. D\u00e5 \u00e4r inkommande luften alltid rent.<\/p>\t\t\t\t\t\t<\/div>\n\t\t\t\t<\/div>\n\t\t\t\t\t<\/div>\n\t\t<\/div>\n\t\t\t\t\t\t\t<\/div>\n\t\t<\/section>\n\t\t\t\t<section class=\"elementor-section elementor-top-section elementor-element elementor-element-b09aceb animated-slow elementor-section-boxed elementor-section-height-default elementor-section-height-default elementor-invisible\" data-id=\"b09aceb\" data-element_type=\"section\" data-settings=\"{&quot;animation&quot;:&quot;fadeIn&quot;}\">\n\t\t\t\t\t\t<div class=\"elementor-container elementor-column-gap-wide\">\n\t\t\t\t\t<div class=\"elementor-column elementor-col-100 elementor-top-column elementor-element elementor-element-7007614\" data-id=\"7007614\" data-element_type=\"column\">\n\t\t\t<div class=\"elementor-widget-wrap elementor-element-populated\">\n\t\t\t\t\t\t\t\t<div class=\"elementor-element elementor-element-fdbe5ef elementor-widget elementor-widget-text-editor\" data-id=\"fdbe5ef\" data-element_type=\"widget\" data-widget_type=\"text-editor.default\">\n\t\t\t\t<div class=\"elementor-widget-container\">\n\t\t\t\t\t\t\t<p><strong>e-cover\u00ae<\/strong> luckorna tillverkas oftast m\u00e5ttbest\u00e4llda. Eftersom reservoarerna och objekten \u00e4r olika, g\u00e5r vi alltid med best\u00e4llaren igenom vilka krav som st\u00e4lls p\u00e5 luckan. (En del objekt kr\u00e4ver till exempel h\u00f6gre brottsskydd \u00e4n andra och m\u00e5tten varierar stort.)<\/p>\n<p>I huvudsak tillverkas luckan av rostfritt st\u00e5l. Vid planering och tillverkning har lagts stor vikt p\u00e5 vattenhygienen, brottsskydd, persons\u00e4kerhet och kvalitet. Materialen som anv\u00e4nds \u00e4r hygieniska och livsmedelsgodk\u00e4nda. Som standard \u00e4r luckan f\u00f6rsedd med en s\u00e4kerhetsmekanism som f\u00f6rhindrar en \u00f6ppen lucka att i misstag falla. Detta \u00e4r v\u00e4ldigt viktigt med tanke p\u00e5 persons\u00e4kerheten.<\/p>\n<p>Luckan \u00e4r planerad och tillverkas enligt brottsskyddsklass RC4, som i sig f\u00f6rhindrar \u00e4ven de gr\u00f6vsta inbrottsf\u00f6rs\u00f6ken. Som till\u00e4ggsutrustning finns <strong>e-cover\u00ae<\/strong> larmsystem, som \u00e4r framtagen speciellt f\u00f6r dricksvattenreservoarer.<\/p>\n<p>Vid behov kan luckan utrustas med isolering, dubbel lucka, dubbel l\u00e5sning, upph\u00f6jd krage och\/eller d\u00e4mpare, som underl\u00e4ttar \u00f6ppnandet\/st\u00e4ngandet av en stor och tung lucka.<\/p>\n<p>Luckornas planering och tillverkning sker i Finland, d\u00e4rf\u00f6r har produkten beviljats Tillverkad i Finland nyckelm\u00e4rket.<\/p>\n<p><strong>Monteringstj\u00e4nst<\/strong><\/p>\n<p><strong>Enitec<\/strong> utf\u00f6r \u00e4ven monteringar av <strong>e-cover\u00ae<\/strong> s\u00e4kra luckor vid behov.<\/p>\t\t\t\t\t\t<\/div>\n\t\t\t\t<\/div>\n\t\t\t\t\t<\/div>\n\t\t<\/div>\n\t\t\t\t\t\t\t<\/div>\n\t\t<\/section>\n\t\t\t\t\t\t\t<\/div>\n\t\t","protected":false},"excerpt":{"rendered":"<p>e-cover\u00ae-S\u00e4kerhetsluckor e-cover\u00ae S\u00e4kra manluckor f\u00f6r dricksvattenreservoarer och andra objekt d\u00e4r det kr\u00e4vs till exempel brottsskydd av luckan. Problem En bristf\u00e4llig manlucka \u00e4r en l\u00e4tt ing\u00e5ng till reservoaren och \u00e4r d\u00e4rf\u00f6r en stor risk med tanke p\u00e5 sabotage. Dessutom kommer det in sm\u00e5 djur, insekter, luftf\u00f6roreningar och pollen via en ot\u00e4t manlucka. L\u00f6sning e-cover\u00a0skyddar effektivt dricksvattnet [&hellip;]<\/p>\n","protected":false},"author":1,"featured_media":0,"parent":0,"menu_order":0,"comment_status":"closed","ping_status":"closed","template":"","meta":{"footnotes":""},"_links":{"self":[{"href":"https:\/\/enitec.fi\/updated\/wp-json\/wp\/v2\/pages\/111"}],"collection":[{"href":"https:\/\/enitec.fi\/updated\/wp-json\/wp\/v2\/pages"}],"about":[{"href":"https:\/\/enitec.fi\/updated\/wp-json\/wp\/v2\/types\/page"}],"author":[{"embeddable":true,"href":"https:\/\/enitec.fi\/updated\/wp-json\/wp\/v2\/users\/1"}],"replies":[{"embeddable":true,"href":"https:\/\/enitec.fi\/updated\/wp-json\/wp\/v2\/comments?post=111"}],"version-history":[{"count":13,"href":"https:\/\/enitec.fi\/updated\/wp-json\/wp\/v2\/pages\/111\/revisions"}],"predecessor-version":[{"id":920,"href":"https:\/\/enitec.fi\/updated\/wp-json\/wp\/v2\/pages\/111\/revisions\/920"}],"wp:attachment":[{"href":"https:\/\/enitec.fi\/updated\/wp-json\/wp\/v2\/media?parent=111"}],"curies":[{"name":"wp","href":"https:\/\/api.w.org\/{rel}","templated":true}]}}