{"id":1091,"date":"2024-02-23T09:50:50","date_gmt":"2024-02-23T09:50:50","guid":{"rendered":"https:\/\/enitec.fi\/updated\/?page_id=1091"},"modified":"2024-03-08T13:57:46","modified_gmt":"2024-03-08T13:57:46","slug":"talousvesisailioiden-huoltosopimus","status":"publish","type":"page","link":"https:\/\/enitec.fi\/updated\/talousvesisailioiden-huoltosopimus\/","title":{"rendered":"Talousvesis\u00e4ili\u00f6iden huoltosopimus"},"content":{"rendered":"\t\t<div data-elementor-type=\"wp-page\" data-elementor-id=\"1091\" class=\"elementor elementor-1091\">\n\t\t\t\t\t\t\t\t\t<section class=\"elementor-section elementor-top-section elementor-element elementor-element-48d7525 elementor-section-boxed elementor-section-height-default elementor-section-height-default\" data-id=\"48d7525\" data-element_type=\"section\">\n\t\t\t\t\t\t<div class=\"elementor-container elementor-column-gap-default\">\n\t\t\t\t\t<div class=\"elementor-column elementor-col-66 elementor-top-column elementor-element elementor-element-706d195\" data-id=\"706d195\" data-element_type=\"column\">\n\t\t\t<div class=\"elementor-widget-wrap elementor-element-populated\">\n\t\t\t\t\t\t\t\t<div class=\"elementor-element elementor-element-104a464 elementor-widget elementor-widget-text-editor\" data-id=\"104a464\" data-element_type=\"widget\" data-widget_type=\"text-editor.default\">\n\t\t\t\t<div class=\"elementor-widget-container\">\n\t\t\t<style>\/*! elementor - v3.18.0 - 20-12-2023 *\/\n.elementor-widget-text-editor.elementor-drop-cap-view-stacked .elementor-drop-cap{background-color:#69727d;color:#fff}.elementor-widget-text-editor.elementor-drop-cap-view-framed .elementor-drop-cap{color:#69727d;border:3px solid;background-color:transparent}.elementor-widget-text-editor:not(.elementor-drop-cap-view-default) .elementor-drop-cap{margin-top:8px}.elementor-widget-text-editor:not(.elementor-drop-cap-view-default) .elementor-drop-cap-letter{width:1em;height:1em}.elementor-widget-text-editor .elementor-drop-cap{float:left;text-align:center;line-height:1;font-size:50px}.elementor-widget-text-editor .elementor-drop-cap-letter{display:inline-block}<\/style>\t\t\t\t<div style=\"flex-basis: var(--flex-basis); flex-grow: var(--flex-grow); flex-shrink: var(--flex-shrink); order: var(--order); align-self: var(--align-self); --swiper-theme-color: #000; --swiper-navigation-size: 44px; --swiper-pagination-bullet-size: 6px; --swiper-pagination-bullet-horizontal-gap: 6px; --widgets-spacing: 20px 20px; width: 700px;\" data-id=\"ed071d0\" data-element_type=\"column\"><div style=\"width: 700px; padding: 10px;\"><div style=\"flex-basis: var(--flex-basis); flex-grow: var(--flex-grow); flex-shrink: var(--flex-shrink); order: var(--order); align-self: var(--align-self); flex-direction: var(--flex-direction); flex-wrap: var(--flex-wrap); justify-content: var(--justify-content); align-items: var(--align-items); align-content: var(--align-content); gap: var(--gap); --swiper-theme-color: #000; --swiper-navigation-size: 44px; --swiper-pagination-bullet-size: 6px; --swiper-pagination-bullet-horizontal-gap: 6px; --widgets-spacing: 20px 20px; font-family: Roboto, sans-serif; font-weight: 400; width: 680px;\" data-id=\"caa9c5d\" data-element_type=\"widget\" data-widget_type=\"text-editor.default\"><div style=\"transition: background .3s,border .3s,border-radius .3s,box-shadow .3s,transform var(--e-transform-transition-duration,.4s);\"><h4>HUOLTOSOPIMUS<\/h4><p>Solmimme my\u00f6s huoltosopimuksia. T\u00e4m\u00e4 tarkoittaa s\u00e4\u00e4nn\u00f6llisi\u00e4 tarkastuksia ja puhdistuksia, yhdess\u00e4 asiakkaan kanssa laaditun ohjelman mukaan.<\/p><p>Sopimuksen tarkoitus on \u201dautomatisoida\u201d tarkastukset. N\u00e4in saadaan heti ja ajoissa selville mahdollinen puhdistustarve ja\/tai mahdolliset muut puutteet, jotka vaikuttavat veden laatuun. Suorittamalla tarkastuksia tarpeeksi usein voidaan ajoissa havaita ongelmat ennen kuin niist\u00e4 tulee (oikein) suuret ja kalliit.<\/p><\/div><\/div><\/div><\/div><div style=\"flex-basis: var(--flex-basis); flex-grow: var(--flex-grow); flex-shrink: var(--flex-shrink); order: var(--order); align-self: var(--align-self); --swiper-theme-color: #000; --swiper-navigation-size: 44px; --swiper-pagination-bullet-size: 6px; --swiper-pagination-bullet-horizontal-gap: 6px; --widgets-spacing: 20px 20px; width: 300px;\" data-id=\"7f0aa8f\" data-element_type=\"column\"><div style=\"width: 300px; padding: 10px;\"><div style=\"flex-basis: var(--flex-basis); flex-grow: var(--flex-grow); flex-shrink: var(--flex-shrink); order: var(--order); align-self: var(--align-self); flex-direction: var(--flex-direction); flex-wrap: var(--flex-wrap); justify-content: var(--justify-content); align-items: var(--align-items); align-content: var(--align-content); gap: var(--gap); --swiper-theme-color: #000; --swiper-navigation-size: 44px; --swiper-pagination-bullet-size: 6px; --swiper-pagination-bullet-horizontal-gap: 6px; --widgets-spacing: 20px 20px; width: 280px; color: #000000; font-family: NonBreakingSpaceOverride, 'Hoefler Text', 'Noto Serif', Garamond, 'Times New Roman', serif;\" data-id=\"aaae1a0\" data-element_type=\"widget\" data-widget_type=\"image.default\">\u00a0<\/div><\/div><\/div>\t\t\t\t\t\t<\/div>\n\t\t\t\t<\/div>\n\t\t\t\t\t<\/div>\n\t\t<\/div>\n\t\t\t\t<div class=\"elementor-column elementor-col-33 elementor-top-column elementor-element elementor-element-762056f\" data-id=\"762056f\" data-element_type=\"column\">\n\t\t\t<div class=\"elementor-widget-wrap elementor-element-populated\">\n\t\t\t\t\t\t\t\t<div class=\"elementor-element elementor-element-fe75dc0 elementor-widget elementor-widget-image\" data-id=\"fe75dc0\" data-element_type=\"widget\" data-widget_type=\"image.default\">\n\t\t\t\t<div class=\"elementor-widget-container\">\n\t\t\t<style>\/*! elementor - v3.18.0 - 20-12-2023 *\/\n.elementor-widget-image{text-align:center}.elementor-widget-image a{display:inline-block}.elementor-widget-image a img[src$=\".svg\"]{width:48px}.elementor-widget-image img{vertical-align:middle;display:inline-block}<\/style>\t\t\t\t\t\t\t\t\t\t\t\t<img fetchpriority=\"high\" decoding=\"async\" width=\"580\" height=\"384\" src=\"https:\/\/enitec.fi\/updated\/wp-content\/uploads\/2024\/03\/huoltosopimus.png\" class=\"attachment-large size-large wp-image-1168\" alt=\"\" srcset=\"https:\/\/enitec.fi\/updated\/wp-content\/uploads\/2024\/03\/huoltosopimus.png 614w, https:\/\/enitec.fi\/updated\/wp-content\/uploads\/2024\/03\/huoltosopimus-300x198.png 300w\" sizes=\"(max-width: 580px) 100vw, 580px\" \/>\t\t\t\t\t\t\t\t\t\t\t\t\t\t\t<\/div>\n\t\t\t\t<\/div>\n\t\t\t\t\t<\/div>\n\t\t<\/div>\n\t\t\t\t\t\t\t<\/div>\n\t\t<\/section>\n\t\t\t\t\t\t\t<\/div>\n\t\t","protected":false},"excerpt":{"rendered":"<p>HUOLTOSOPIMUS Solmimme my\u00f6s huoltosopimuksia. T\u00e4m\u00e4 tarkoittaa s\u00e4\u00e4nn\u00f6llisi\u00e4 tarkastuksia ja puhdistuksia, yhdess\u00e4 asiakkaan kanssa laaditun ohjelman mukaan. Sopimuksen tarkoitus on \u201dautomatisoida\u201d tarkastukset. N\u00e4in saadaan heti ja ajoissa selville mahdollinen puhdistustarve ja\/tai mahdolliset muut puutteet, jotka vaikuttavat veden laatuun. Suorittamalla tarkastuksia tarpeeksi usein voidaan ajoissa havaita ongelmat ennen kuin niist\u00e4 tulee (oikein) suuret ja kalliit. \u00a0<\/p>\n","protected":false},"author":1,"featured_media":0,"parent":0,"menu_order":0,"comment_status":"closed","ping_status":"closed","template":"","meta":{"footnotes":""},"_links":{"self":[{"href":"https:\/\/enitec.fi\/updated\/wp-json\/wp\/v2\/pages\/1091"}],"collection":[{"href":"https:\/\/enitec.fi\/updated\/wp-json\/wp\/v2\/pages"}],"about":[{"href":"https:\/\/enitec.fi\/updated\/wp-json\/wp\/v2\/types\/page"}],"author":[{"embeddable":true,"href":"https:\/\/enitec.fi\/updated\/wp-json\/wp\/v2\/users\/1"}],"replies":[{"embeddable":true,"href":"https:\/\/enitec.fi\/updated\/wp-json\/wp\/v2\/comments?post=1091"}],"version-history":[{"count":10,"href":"https:\/\/enitec.fi\/updated\/wp-json\/wp\/v2\/pages\/1091\/revisions"}],"predecessor-version":[{"id":1210,"href":"https:\/\/enitec.fi\/updated\/wp-json\/wp\/v2\/pages\/1091\/revisions\/1210"}],"wp:attachment":[{"href":"https:\/\/enitec.fi\/updated\/wp-json\/wp\/v2\/media?parent=1091"}],"curies":[{"name":"wp","href":"https:\/\/api.w.org\/{rel}","templated":true}]}}