{"id":109,"date":"2022-02-21T10:23:56","date_gmt":"2022-02-21T10:23:56","guid":{"rendered":"https:\/\/enitec.fi\/updated\/?page_id=109"},"modified":"2024-03-20T12:34:58","modified_gmt":"2024-03-20T12:34:58","slug":"e-cover-turvaluukut","status":"publish","type":"page","link":"https:\/\/enitec.fi\/updated\/e-cover-turvaluukut\/","title":{"rendered":"e-cover\u00ae-Huoltoluukut"},"content":{"rendered":"\t\t<div data-elementor-type=\"wp-page\" data-elementor-id=\"109\" class=\"elementor elementor-109\">\n\t\t\t\t\t\t\t\t\t<section class=\"elementor-section elementor-top-section elementor-element elementor-element-92b907a animated-slow elementor-section-boxed elementor-section-height-default elementor-section-height-default elementor-invisible\" data-id=\"92b907a\" data-element_type=\"section\" data-settings=\"{&quot;animation&quot;:&quot;fadeIn&quot;}\">\n\t\t\t\t\t\t<div class=\"elementor-container elementor-column-gap-default\">\n\t\t\t\t\t<div class=\"elementor-column elementor-col-50 elementor-top-column elementor-element elementor-element-bca9255\" data-id=\"bca9255\" data-element_type=\"column\">\n\t\t\t<div class=\"elementor-widget-wrap elementor-element-populated\">\n\t\t\t\t\t\t\t\t<div class=\"elementor-element elementor-element-ce4b9dc elementor-widget elementor-widget-heading\" data-id=\"ce4b9dc\" data-element_type=\"widget\" data-widget_type=\"heading.default\">\n\t\t\t\t<div class=\"elementor-widget-container\">\n\t\t\t<style>\/*! elementor - v3.18.0 - 20-12-2023 *\/\n.elementor-heading-title{padding:0;margin:0;line-height:1}.elementor-widget-heading .elementor-heading-title[class*=elementor-size-]>a{color:inherit;font-size:inherit;line-height:inherit}.elementor-widget-heading .elementor-heading-title.elementor-size-small{font-size:15px}.elementor-widget-heading .elementor-heading-title.elementor-size-medium{font-size:19px}.elementor-widget-heading .elementor-heading-title.elementor-size-large{font-size:29px}.elementor-widget-heading .elementor-heading-title.elementor-size-xl{font-size:39px}.elementor-widget-heading .elementor-heading-title.elementor-size-xxl{font-size:59px}<\/style><h2 class=\"elementor-heading-title elementor-size-default\">e-cover\u00ae-Huoltoluukut<\/h2>\t\t<\/div>\n\t\t\t\t<\/div>\n\t\t\t\t<div class=\"elementor-element elementor-element-87b06be elementor-widget elementor-widget-text-editor\" data-id=\"87b06be\" data-element_type=\"widget\" data-widget_type=\"text-editor.default\">\n\t\t\t\t<div class=\"elementor-widget-container\">\n\t\t\t<style>\/*! elementor - v3.18.0 - 20-12-2023 *\/\n.elementor-widget-text-editor.elementor-drop-cap-view-stacked .elementor-drop-cap{background-color:#69727d;color:#fff}.elementor-widget-text-editor.elementor-drop-cap-view-framed .elementor-drop-cap{color:#69727d;border:3px solid;background-color:transparent}.elementor-widget-text-editor:not(.elementor-drop-cap-view-default) .elementor-drop-cap{margin-top:8px}.elementor-widget-text-editor:not(.elementor-drop-cap-view-default) .elementor-drop-cap-letter{width:1em;height:1em}.elementor-widget-text-editor .elementor-drop-cap{float:left;text-align:center;line-height:1;font-size:50px}.elementor-widget-text-editor .elementor-drop-cap-letter{display:inline-block}<\/style>\t\t\t\t<p><strong><code>e-cover\u00ae<\/code>\u00a0Turvaluukku talousvesis\u00e4ili\u00f6ihin ja muihin kohteisiin, joissa vaaditaan luukulta esimerkiksi murtosuojausta.<\/strong><\/p>\t\t\t\t\t\t<\/div>\n\t\t\t\t<\/div>\n\t\t\t\t\t<\/div>\n\t\t<\/div>\n\t\t\t\t<div class=\"elementor-column elementor-col-50 elementor-top-column elementor-element elementor-element-5e1ae02\" data-id=\"5e1ae02\" data-element_type=\"column\">\n\t\t\t<div class=\"elementor-widget-wrap elementor-element-populated\">\n\t\t\t\t\t\t\t\t<div class=\"elementor-element elementor-element-dba9a20 elementor-widget elementor-widget-image\" data-id=\"dba9a20\" data-element_type=\"widget\" data-widget_type=\"image.default\">\n\t\t\t\t<div class=\"elementor-widget-container\">\n\t\t\t<style>\/*! elementor - v3.18.0 - 20-12-2023 *\/\n.elementor-widget-image{text-align:center}.elementor-widget-image a{display:inline-block}.elementor-widget-image a img[src$=\".svg\"]{width:48px}.elementor-widget-image img{vertical-align:middle;display:inline-block}<\/style>\t\t\t\t\t\t\t\t\t\t\t\t<img fetchpriority=\"high\" decoding=\"async\" width=\"441\" height=\"426\" src=\"https:\/\/enitec.fi\/updated\/wp-content\/uploads\/2022\/03\/Valmistettu_Suomessa_suomi_blue_rgb.png\" class=\"attachment-large size-large wp-image-498\" alt=\"\" srcset=\"https:\/\/enitec.fi\/updated\/wp-content\/uploads\/2022\/03\/Valmistettu_Suomessa_suomi_blue_rgb.png 441w, https:\/\/enitec.fi\/updated\/wp-content\/uploads\/2022\/03\/Valmistettu_Suomessa_suomi_blue_rgb-300x290.png 300w\" sizes=\"(max-width: 441px) 100vw, 441px\" \/>\t\t\t\t\t\t\t\t\t\t\t\t\t\t\t<\/div>\n\t\t\t\t<\/div>\n\t\t\t\t\t<\/div>\n\t\t<\/div>\n\t\t\t\t\t\t\t<\/div>\n\t\t<\/section>\n\t\t\t\t<section class=\"elementor-section elementor-top-section elementor-element elementor-element-574d126 animated-slow elementor-section-boxed elementor-section-height-default elementor-section-height-default elementor-invisible\" data-id=\"574d126\" data-element_type=\"section\" data-settings=\"{&quot;animation&quot;:&quot;fadeIn&quot;}\">\n\t\t\t\t\t\t<div class=\"elementor-container elementor-column-gap-wide\">\n\t\t\t\t\t<div class=\"elementor-column elementor-col-50 elementor-top-column elementor-element elementor-element-0e2a37c\" data-id=\"0e2a37c\" data-element_type=\"column\">\n\t\t\t<div class=\"elementor-widget-wrap elementor-element-populated\">\n\t\t\t\t\t\t\t\t<div class=\"elementor-element elementor-element-09139aa elementor-align-center elementor-icon-list--layout-traditional elementor-list-item-link-full_width elementor-widget elementor-widget-icon-list\" data-id=\"09139aa\" data-element_type=\"widget\" data-widget_type=\"icon-list.default\">\n\t\t\t\t<div class=\"elementor-widget-container\">\n\t\t\t<link rel=\"stylesheet\" href=\"https:\/\/enitec.fi\/updated\/wp-content\/plugins\/elementor\/assets\/css\/widget-icon-list.min.css\">\t\t<ul class=\"elementor-icon-list-items\">\n\t\t\t\t\t\t\t<li class=\"elementor-icon-list-item\">\n\t\t\t\t\t\t\t\t\t\t\t<span class=\"elementor-icon-list-icon\">\n\t\t\t\t\t\t\t<i aria-hidden=\"true\" class=\"fas fa-exclamation-triangle\"><\/i>\t\t\t\t\t\t<\/span>\n\t\t\t\t\t\t\t\t\t\t<span class=\"elementor-icon-list-text\">Ongelma<\/span>\n\t\t\t\t\t\t\t\t\t<\/li>\n\t\t\t\t\t\t<\/ul>\n\t\t\t\t<\/div>\n\t\t\t\t<\/div>\n\t\t\t\t<div class=\"elementor-element elementor-element-a99ed15 elementor-widget elementor-widget-text-editor\" data-id=\"a99ed15\" data-element_type=\"widget\" data-widget_type=\"text-editor.default\">\n\t\t\t\t<div class=\"elementor-widget-container\">\n\t\t\t\t\t\t\t<p>Puutteellinen huoltoluukku on helppo sis\u00e4\u00e4np\u00e4\u00e4sy s\u00e4ili\u00f6\u00f6n, ja n\u00e4in ollen se on riskikohde ilkivaltaa ajatellen. Sen lis\u00e4ksi s\u00e4ili\u00f6\u00f6n p\u00e4\u00e4see ep\u00e4tiiviin luukun kautta siitep\u00f6ly\u00e4, ilmansaasteita sek\u00e4 pienempi\u00e4 el\u00e4imi\u00e4 ja \u00f6t\u00f6k\u00f6it\u00e4.<\/p>\t\t\t\t\t\t<\/div>\n\t\t\t\t<\/div>\n\t\t\t\t\t<\/div>\n\t\t<\/div>\n\t\t\t\t<div class=\"elementor-column elementor-col-50 elementor-top-column elementor-element elementor-element-5e1ec9f\" data-id=\"5e1ec9f\" data-element_type=\"column\">\n\t\t\t<div class=\"elementor-widget-wrap elementor-element-populated\">\n\t\t\t\t\t\t\t\t<div class=\"elementor-element elementor-element-c9c7ca7 elementor-align-center elementor-icon-list--layout-traditional elementor-list-item-link-full_width elementor-widget elementor-widget-icon-list\" data-id=\"c9c7ca7\" data-element_type=\"widget\" data-widget_type=\"icon-list.default\">\n\t\t\t\t<div class=\"elementor-widget-container\">\n\t\t\t\t\t<ul class=\"elementor-icon-list-items\">\n\t\t\t\t\t\t\t<li class=\"elementor-icon-list-item\">\n\t\t\t\t\t\t\t\t\t\t\t<span class=\"elementor-icon-list-icon\">\n\t\t\t\t\t\t\t<i aria-hidden=\"true\" class=\"fas fa-check-circle\"><\/i>\t\t\t\t\t\t<\/span>\n\t\t\t\t\t\t\t\t\t\t<span class=\"elementor-icon-list-text\">L\u00f6sning<\/span>\n\t\t\t\t\t\t\t\t\t<\/li>\n\t\t\t\t\t\t<\/ul>\n\t\t\t\t<\/div>\n\t\t\t\t<\/div>\n\t\t\t\t<div class=\"elementor-element elementor-element-43975da elementor-widget elementor-widget-text-editor\" data-id=\"43975da\" data-element_type=\"widget\" data-widget_type=\"text-editor.default\">\n\t\t\t\t<div class=\"elementor-widget-container\">\n\t\t\t\t\t\t\t<p><strong>e-cover\u00ae<\/strong>\u00a0turvaluukku suojaa tehokkaasti juomavett\u00e4 likaantumiselta ja vaikeuttaa juomaveden tahallisen saastuttamisen. Kun huoltoluukku ja s\u00e4ili\u00f6n muut aukot ovat huolellisesti tiivistetty, ilma pakotetaan vedenpinnan muuttuessa ilmansuodattimen (v\u00e4hint\u00e4\u00e4n luokkaa F7, hienosuodattimen) l\u00e4pi, joka tarkoittaa, ett\u00e4 sis\u00e4\u00e4n tuleva ilma on aina puhdasta.<\/p>\t\t\t\t\t\t<\/div>\n\t\t\t\t<\/div>\n\t\t\t\t\t<\/div>\n\t\t<\/div>\n\t\t\t\t\t\t\t<\/div>\n\t\t<\/section>\n\t\t\t\t<section class=\"elementor-section elementor-top-section elementor-element elementor-element-6e6b68b animated-slow elementor-section-boxed elementor-section-height-default elementor-section-height-default elementor-invisible\" data-id=\"6e6b68b\" data-element_type=\"section\" data-settings=\"{&quot;animation&quot;:&quot;fadeIn&quot;}\">\n\t\t\t\t\t\t<div class=\"elementor-container elementor-column-gap-wide\">\n\t\t\t\t\t<div class=\"elementor-column elementor-col-100 elementor-top-column elementor-element elementor-element-4ac9485\" data-id=\"4ac9485\" data-element_type=\"column\">\n\t\t\t<div class=\"elementor-widget-wrap elementor-element-populated\">\n\t\t\t\t\t\t\t\t<div class=\"elementor-element elementor-element-3d52723 elementor-widget elementor-widget-text-editor\" data-id=\"3d52723\" data-element_type=\"widget\" data-widget_type=\"text-editor.default\">\n\t\t\t\t<div class=\"elementor-widget-container\">\n\t\t\t\t\t\t\t<p><b>e-cover\u00ae<\/b> luukut valmistetaan useimmiten mittatilausty\u00f6n\u00e4. Koska s\u00e4ili\u00f6t ja kohteet ovat erilaisia, k\u00e4ymme tilaajan kanssa aina tapauskohtaisesti l\u00e4pi luukun vaatimustason. (Eri kohteet vaativat luukulta esimerkiksi eri murtosuojauksen ja mitat vaihtelevat suuresti.)<\/p>\n<p>P\u00e4\u00e4s\u00e4\u00e4nt\u00f6isesti luukku valmistetaan ruostumattomasta ter\u00e4ksest\u00e4. Luukun suunnittelussa ja valmistuksessa on huomioitu juomavesihygienia, murtosuojaus, henkil\u00f6turvallisuus sek\u00e4 laatu. K\u00e4ytetyt materiaalit ovat hygieenisi\u00e4 ja elintarvikehyv\u00e4ksyttyj\u00e4. Luukussa on vakiovarusteena mekanismi, joka est\u00e4\u00e4 luukun sulkeutumisen auki-asennosta vahingossa. T\u00e4m\u00e4 on eritt\u00e4in t\u00e4rke\u00e4\u00e4 henkil\u00f6turvallisuuden kannalta.<\/p>\n<p>Luukku on suunniteltu ja valmistetaan murtosuojaluokituksen RC4 mukaisesti, joka est\u00e4\u00e4 kovimmatkin murtoyritykset. Lis\u00e4varusteena on saatavana <b>e-cover\u00ae<\/b> h\u00e4lytysj\u00e4rjestelm\u00e4, joka on kehitetty nimenomaan juomavesis\u00e4ili\u00f6ille.<\/p>\n<p>Tarvittaessa luukut voidaan varustaa eristeell\u00e4, kaksoisluukulla, tupla lukituksella, korotetulla kauluksella ja\/tai vaimentimilla, jotka helpottavat suuren ja raskaan luukun aukaisemista\/sulkemista.<\/p>\n<p>Luukkujen suunnittelu ja valmistus tapahtuu Suomessa, joten tuotteelle on my\u00f6nnetty Valmistettu Suomessa avainlippu.<\/p>\n<p><b>Asennuspalvelu<\/b><\/p>\n<p><b>Enitec<\/b> suorittaa my\u00f6s tarvittaessa <b>e-cover\u00ae <\/b>turvaluukkujen asennuksia.<\/p>\t\t\t\t\t\t<\/div>\n\t\t\t\t<\/div>\n\t\t\t\t\t<\/div>\n\t\t<\/div>\n\t\t\t\t\t\t\t<\/div>\n\t\t<\/section>\n\t\t\t\t\t\t\t<\/div>\n\t\t","protected":false},"excerpt":{"rendered":"<p>e-cover\u00ae-Huoltoluukut e-cover\u00ae\u00a0Turvaluukku talousvesis\u00e4ili\u00f6ihin ja muihin kohteisiin, joissa vaaditaan luukulta esimerkiksi murtosuojausta. Ongelma Puutteellinen huoltoluukku on helppo sis\u00e4\u00e4np\u00e4\u00e4sy s\u00e4ili\u00f6\u00f6n, ja n\u00e4in ollen se on riskikohde ilkivaltaa ajatellen. Sen lis\u00e4ksi s\u00e4ili\u00f6\u00f6n p\u00e4\u00e4see ep\u00e4tiiviin luukun kautta siitep\u00f6ly\u00e4, ilmansaasteita sek\u00e4 pienempi\u00e4 el\u00e4imi\u00e4 ja \u00f6t\u00f6k\u00f6it\u00e4. L\u00f6sning e-cover\u00ae\u00a0turvaluukku suojaa tehokkaasti juomavett\u00e4 likaantumiselta ja vaikeuttaa juomaveden tahallisen saastuttamisen. Kun huoltoluukku ja s\u00e4ili\u00f6n [&hellip;]<\/p>\n","protected":false},"author":1,"featured_media":0,"parent":0,"menu_order":0,"comment_status":"closed","ping_status":"closed","template":"","meta":{"footnotes":""},"_links":{"self":[{"href":"https:\/\/enitec.fi\/updated\/wp-json\/wp\/v2\/pages\/109"}],"collection":[{"href":"https:\/\/enitec.fi\/updated\/wp-json\/wp\/v2\/pages"}],"about":[{"href":"https:\/\/enitec.fi\/updated\/wp-json\/wp\/v2\/types\/page"}],"author":[{"embeddable":true,"href":"https:\/\/enitec.fi\/updated\/wp-json\/wp\/v2\/users\/1"}],"replies":[{"embeddable":true,"href":"https:\/\/enitec.fi\/updated\/wp-json\/wp\/v2\/comments?post=109"}],"version-history":[{"count":15,"href":"https:\/\/enitec.fi\/updated\/wp-json\/wp\/v2\/pages\/109\/revisions"}],"predecessor-version":[{"id":1352,"href":"https:\/\/enitec.fi\/updated\/wp-json\/wp\/v2\/pages\/109\/revisions\/1352"}],"wp:attachment":[{"href":"https:\/\/enitec.fi\/updated\/wp-json\/wp\/v2\/media?parent=109"}],"curies":[{"name":"wp","href":"https:\/\/api.w.org\/{rel}","templated":true}]}}