{"id":1070,"date":"2024-02-23T08:46:33","date_gmt":"2024-02-23T08:46:33","guid":{"rendered":"https:\/\/enitec.fi\/updated\/?page_id=1070"},"modified":"2024-03-08T14:51:51","modified_gmt":"2024-03-08T14:51:51","slug":"talousvesisailioiden-tarkastus","status":"publish","type":"page","link":"https:\/\/enitec.fi\/updated\/talousvesisailioiden-tarkastus\/","title":{"rendered":"Talousvesis\u00e4ili\u00f6iden tarkastus"},"content":{"rendered":"\t\t<div data-elementor-type=\"wp-page\" data-elementor-id=\"1070\" class=\"elementor elementor-1070\">\n\t\t\t\t\t\t\t\t\t<section class=\"elementor-section elementor-top-section elementor-element elementor-element-5ecc456 elementor-section-boxed elementor-section-height-default elementor-section-height-default\" data-id=\"5ecc456\" data-element_type=\"section\">\n\t\t\t\t\t\t<div class=\"elementor-container elementor-column-gap-default\">\n\t\t\t\t\t<div class=\"elementor-column elementor-col-66 elementor-top-column elementor-element elementor-element-2507456\" data-id=\"2507456\" data-element_type=\"column\">\n\t\t\t<div class=\"elementor-widget-wrap elementor-element-populated\">\n\t\t\t\t\t\t\t\t<div class=\"elementor-element elementor-element-e1c5ab7 elementor-widget elementor-widget-heading\" data-id=\"e1c5ab7\" data-element_type=\"widget\" data-widget_type=\"heading.default\">\n\t\t\t\t<div class=\"elementor-widget-container\">\n\t\t\t<style>\/*! elementor - v3.18.0 - 20-12-2023 *\/\n.elementor-heading-title{padding:0;margin:0;line-height:1}.elementor-widget-heading .elementor-heading-title[class*=elementor-size-]>a{color:inherit;font-size:inherit;line-height:inherit}.elementor-widget-heading .elementor-heading-title.elementor-size-small{font-size:15px}.elementor-widget-heading .elementor-heading-title.elementor-size-medium{font-size:19px}.elementor-widget-heading .elementor-heading-title.elementor-size-large{font-size:29px}.elementor-widget-heading .elementor-heading-title.elementor-size-xl{font-size:39px}.elementor-widget-heading .elementor-heading-title.elementor-size-xxl{font-size:59px}<\/style><h4 class=\"elementor-heading-title elementor-size-default\">TALOUSVESIS\u00c4ILI\u00d6IDEN TARKASTUS\n\u2013 S\u00e4ili\u00f6n ollessa k\u00e4yt\u00f6ss\u00e4 ja kytkettyn\u00e4 jakeluverkostoon<\/h4>\t\t<\/div>\n\t\t\t\t<\/div>\n\t\t\t\t<div class=\"elementor-element elementor-element-9e97302 elementor-widget elementor-widget-text-editor\" data-id=\"9e97302\" data-element_type=\"widget\" data-widget_type=\"text-editor.default\">\n\t\t\t\t<div class=\"elementor-widget-container\">\n\t\t\t<style>\/*! elementor - v3.18.0 - 20-12-2023 *\/\n.elementor-widget-text-editor.elementor-drop-cap-view-stacked .elementor-drop-cap{background-color:#69727d;color:#fff}.elementor-widget-text-editor.elementor-drop-cap-view-framed .elementor-drop-cap{color:#69727d;border:3px solid;background-color:transparent}.elementor-widget-text-editor:not(.elementor-drop-cap-view-default) .elementor-drop-cap{margin-top:8px}.elementor-widget-text-editor:not(.elementor-drop-cap-view-default) .elementor-drop-cap-letter{width:1em;height:1em}.elementor-widget-text-editor .elementor-drop-cap{float:left;text-align:center;line-height:1;font-size:50px}.elementor-widget-text-editor .elementor-drop-cap-letter{display:inline-block}<\/style>\t\t\t\t<p id=\"talousvesisailion-tarkastuksessamme-huomioimme-veden-laatuun-vaikuttavat-tekijat-erityista-huomiota-kiinnitamme-myos-kohteen-henkiloturvallisuuteen-ja-rakenteet-tarkastamme-ei-rikkovin-menetelmin-sailion-sisapuoli-myos-katto-ulkopuoli-seka-lahiymparisto-tarkastetaan-standardisoidun-tarkastuslistan-mukaan\" style=\"font-size: 21px; text-align: left;\">Talousvesis\u00e4ili\u00f6n tarkastuksessamme huomioimme veden laatuun vaikuttavat tekij\u00e4t. Erityist\u00e4 huomiota kiinnit\u00e4mme my\u00f6s kohteen henkil\u00f6turvallisuuteen ja rakenteet tarkastamme ei-rikkovin menetelmin. S\u00e4ili\u00f6n sis\u00e4puoli (my\u00f6s katto), ulkopuoli sek\u00e4 l\u00e4hiymp\u00e4rist\u00f6 tarkastetaan standardisoidun tarkastuslistan mukaan.\u00a0<\/p><p id=\"sisapuolinen-tarkastus-suoritetaan-rov-in-vedessa-vapaasti-liikkuvan-vedenalaisen-aluksen-avulla-ulkopuolinen-tarkastus-tehdaan-silmamaaraisesti-havainnot-dokumentoidaan-poytakirjaan-kuvien-kera\" style=\"font-size: 21px; text-align: left;\">Sis\u00e4puolinen tarkastus suoritetaan ROV:in (vedess\u00e4 vapaasti liikkuvan vedenalaisen aluksen) avulla. Ulkopuolinen tarkastus tehd\u00e4\u00e4n silm\u00e4m\u00e4\u00e4r\u00e4isesti. Havainnot dokumentoidaan p\u00f6yt\u00e4kirjaan kuvien kera.\u00a0<\/p><h4 id=\"poytakirja-kertoo-mm\" style=\"text-align: left;\">P\u00f6yt\u00e4kirja kertoo mm:<\/h4><ul style=\"font-size: 21px; text-align: left;\"><li>Onko s\u00e4ili\u00f6ss\u00e4 puhdistustarvetta<\/li><li>Mahdolliset s\u00e4ili\u00f6n vuodot ja saastumiset<\/li><li>S\u00e4ili\u00f6n kunnon ja huoltotarpeen<\/li><li>Suositellut toimenpiteet turvallisen juomaveden jakelun yll\u00e4pit\u00e4miseen\u00a0<\/li><\/ul><h4 id=\"menetelman-etuja\" style=\"text-align: left;\">Menetelm\u00e4n etuja:<\/h4><ul style=\"font-size: 21px; text-align: left;\"><li>S\u00e4ili\u00f6 k\u00e4yt\u00f6ss\u00e4 ja kytkettyn\u00e4 jakeluverkostoon ty\u00f6n aikana<\/li><li>Kustannustehokas<\/li><li>P\u00f6yt\u00e4kirja toimii osana vesilaitoksen omavalvonta ohjelmaa<\/li><\/ul>\t\t\t\t\t\t<\/div>\n\t\t\t\t<\/div>\n\t\t\t\t\t<\/div>\n\t\t<\/div>\n\t\t\t\t<div class=\"elementor-column elementor-col-33 elementor-top-column elementor-element elementor-element-dc05b31\" data-id=\"dc05b31\" data-element_type=\"column\">\n\t\t\t<div class=\"elementor-widget-wrap elementor-element-populated\">\n\t\t\t\t\t\t\t\t<div class=\"elementor-element elementor-element-e1d82e1 elementor-widget elementor-widget-image\" data-id=\"e1d82e1\" data-element_type=\"widget\" data-widget_type=\"image.default\">\n\t\t\t\t<div class=\"elementor-widget-container\">\n\t\t\t<style>\/*! elementor - v3.18.0 - 20-12-2023 *\/\n.elementor-widget-image{text-align:center}.elementor-widget-image a{display:inline-block}.elementor-widget-image a img[src$=\".svg\"]{width:48px}.elementor-widget-image img{vertical-align:middle;display:inline-block}<\/style>\t\t\t\t\t\t\t\t\t\t\t\t<img decoding=\"async\" width=\"236\" height=\"149\" src=\"https:\/\/enitec.fi\/updated\/wp-content\/uploads\/2022\/02\/besiktning18-1.webp\" class=\"attachment-large size-large wp-image-403\" alt=\"\" \/>\t\t\t\t\t\t\t\t\t\t\t\t\t\t\t<\/div>\n\t\t\t\t<\/div>\n\t\t\t\t<div class=\"elementor-element elementor-element-4973830 elementor-widget elementor-widget-image\" data-id=\"4973830\" data-element_type=\"widget\" data-widget_type=\"image.default\">\n\t\t\t\t<div class=\"elementor-widget-container\">\n\t\t\t\t\t\t\t\t\t\t\t\t\t\t\t<img decoding=\"async\" width=\"234\" height=\"149\" src=\"https:\/\/enitec.fi\/updated\/wp-content\/uploads\/2022\/02\/besiktning20-1.webp\" class=\"attachment-large size-large wp-image-404\" alt=\"\" \/>\t\t\t\t\t\t\t\t\t\t\t\t\t\t\t<\/div>\n\t\t\t\t<\/div>\n\t\t\t\t\t<\/div>\n\t\t<\/div>\n\t\t\t\t\t\t\t<\/div>\n\t\t<\/section>\n\t\t\t\t\t\t\t<\/div>\n\t\t","protected":false},"excerpt":{"rendered":"<p>TALOUSVESIS\u00c4ILI\u00d6IDEN TARKASTUS \u2013 S\u00e4ili\u00f6n ollessa k\u00e4yt\u00f6ss\u00e4 ja kytkettyn\u00e4 jakeluverkostoon Talousvesis\u00e4ili\u00f6n tarkastuksessamme huomioimme veden laatuun vaikuttavat tekij\u00e4t. Erityist\u00e4 huomiota kiinnit\u00e4mme my\u00f6s kohteen henkil\u00f6turvallisuuteen ja rakenteet tarkastamme ei-rikkovin menetelmin. S\u00e4ili\u00f6n sis\u00e4puoli (my\u00f6s katto), ulkopuoli sek\u00e4 l\u00e4hiymp\u00e4rist\u00f6 tarkastetaan standardisoidun tarkastuslistan mukaan.\u00a0 Sis\u00e4puolinen tarkastus suoritetaan ROV:in (vedess\u00e4 vapaasti liikkuvan vedenalaisen aluksen) avulla. Ulkopuolinen tarkastus tehd\u00e4\u00e4n silm\u00e4m\u00e4\u00e4r\u00e4isesti. Havainnot dokumentoidaan p\u00f6yt\u00e4kirjaan [&hellip;]<\/p>\n","protected":false},"author":1,"featured_media":0,"parent":0,"menu_order":0,"comment_status":"closed","ping_status":"closed","template":"","meta":{"footnotes":""},"_links":{"self":[{"href":"https:\/\/enitec.fi\/updated\/wp-json\/wp\/v2\/pages\/1070"}],"collection":[{"href":"https:\/\/enitec.fi\/updated\/wp-json\/wp\/v2\/pages"}],"about":[{"href":"https:\/\/enitec.fi\/updated\/wp-json\/wp\/v2\/types\/page"}],"author":[{"embeddable":true,"href":"https:\/\/enitec.fi\/updated\/wp-json\/wp\/v2\/users\/1"}],"replies":[{"embeddable":true,"href":"https:\/\/enitec.fi\/updated\/wp-json\/wp\/v2\/comments?post=1070"}],"version-history":[{"count":10,"href":"https:\/\/enitec.fi\/updated\/wp-json\/wp\/v2\/pages\/1070\/revisions"}],"predecessor-version":[{"id":1233,"href":"https:\/\/enitec.fi\/updated\/wp-json\/wp\/v2\/pages\/1070\/revisions\/1233"}],"wp:attachment":[{"href":"https:\/\/enitec.fi\/updated\/wp-json\/wp\/v2\/media?parent=1070"}],"curies":[{"name":"wp","href":"https:\/\/api.w.org\/{rel}","templated":true}]}}