{"id":107,"date":"2022-02-21T10:23:31","date_gmt":"2022-02-21T10:23:31","guid":{"rendered":"https:\/\/enitec.fi\/updated\/?page_id=107"},"modified":"2023-06-12T11:01:54","modified_gmt":"2023-06-12T11:01:54","slug":"amphivent-luftfiltersystem","status":"publish","type":"page","link":"https:\/\/enitec.fi\/updated\/sv\/amphivent-luftfiltersystem\/","title":{"rendered":"AmphiVent\u2122-Luftfiltersystem"},"content":{"rendered":"\t\t<div data-elementor-type=\"wp-page\" data-elementor-id=\"107\" class=\"elementor elementor-107\">\n\t\t\t\t\t\t\t\t\t<section class=\"elementor-section elementor-top-section elementor-element elementor-element-d91aef1 animated-slow elementor-section-boxed elementor-section-height-default elementor-section-height-default elementor-invisible\" data-id=\"d91aef1\" data-element_type=\"section\" data-settings=\"{&quot;animation&quot;:&quot;fadeIn&quot;}\">\n\t\t\t\t\t\t<div class=\"elementor-container elementor-column-gap-default\">\n\t\t\t\t\t<div class=\"elementor-column elementor-col-100 elementor-top-column elementor-element elementor-element-6cb9fba\" data-id=\"6cb9fba\" data-element_type=\"column\">\n\t\t\t<div class=\"elementor-widget-wrap elementor-element-populated\">\n\t\t\t\t\t\t\t\t<div class=\"elementor-element elementor-element-aa7b810 elementor-widget elementor-widget-image\" data-id=\"aa7b810\" data-element_type=\"widget\" data-widget_type=\"image.default\">\n\t\t\t\t<div class=\"elementor-widget-container\">\n\t\t\t<style>\/*! elementor - v3.18.0 - 20-12-2023 *\/\n.elementor-widget-image{text-align:center}.elementor-widget-image a{display:inline-block}.elementor-widget-image a img[src$=\".svg\"]{width:48px}.elementor-widget-image img{vertical-align:middle;display:inline-block}<\/style>\t\t\t\t\t\t\t\t\t\t\t\t<img decoding=\"async\" width=\"300\" height=\"47\" src=\"https:\/\/enitec.fi\/updated\/wp-content\/uploads\/2022\/02\/amphi_tech_logo-300x47-1.webp\" class=\"attachment-large size-large wp-image-422\" alt=\"\" \/>\t\t\t\t\t\t\t\t\t\t\t\t\t\t\t<\/div>\n\t\t\t\t<\/div>\n\t\t\t\t<div class=\"elementor-element elementor-element-8e57618 elementor-widget elementor-widget-heading\" data-id=\"8e57618\" data-element_type=\"widget\" data-widget_type=\"heading.default\">\n\t\t\t\t<div class=\"elementor-widget-container\">\n\t\t\t<style>\/*! elementor - v3.18.0 - 20-12-2023 *\/\n.elementor-heading-title{padding:0;margin:0;line-height:1}.elementor-widget-heading .elementor-heading-title[class*=elementor-size-]>a{color:inherit;font-size:inherit;line-height:inherit}.elementor-widget-heading .elementor-heading-title.elementor-size-small{font-size:15px}.elementor-widget-heading .elementor-heading-title.elementor-size-medium{font-size:19px}.elementor-widget-heading .elementor-heading-title.elementor-size-large{font-size:29px}.elementor-widget-heading .elementor-heading-title.elementor-size-xl{font-size:39px}.elementor-widget-heading .elementor-heading-title.elementor-size-xxl{font-size:59px}<\/style><h6 class=\"elementor-heading-title elementor-size-default\">AMPHIVENT\u2122 luftfiltersystem f\u00f6r dricksvattenreservoarer<\/h6>\t\t<\/div>\n\t\t\t\t<\/div>\n\t\t\t\t\t<\/div>\n\t\t<\/div>\n\t\t\t\t\t\t\t<\/div>\n\t\t<\/section>\n\t\t\t\t<section class=\"elementor-section elementor-top-section elementor-element elementor-element-9cfc925 animated-slow elementor-section-boxed elementor-section-height-default elementor-section-height-default elementor-invisible\" data-id=\"9cfc925\" data-element_type=\"section\" data-settings=\"{&quot;animation&quot;:&quot;fadeIn&quot;}\">\n\t\t\t\t\t\t<div class=\"elementor-container elementor-column-gap-wide\">\n\t\t\t\t\t<div class=\"elementor-column elementor-col-50 elementor-top-column elementor-element elementor-element-f3fecfa\" data-id=\"f3fecfa\" data-element_type=\"column\">\n\t\t\t<div class=\"elementor-widget-wrap elementor-element-populated\">\n\t\t\t\t\t\t\t\t<div class=\"elementor-element elementor-element-5ea44ed elementor-align-center elementor-icon-list--layout-traditional elementor-list-item-link-full_width elementor-widget elementor-widget-icon-list\" data-id=\"5ea44ed\" data-element_type=\"widget\" data-widget_type=\"icon-list.default\">\n\t\t\t\t<div class=\"elementor-widget-container\">\n\t\t\t<link rel=\"stylesheet\" href=\"https:\/\/enitec.fi\/updated\/wp-content\/plugins\/elementor\/assets\/css\/widget-icon-list.min.css\">\t\t<ul class=\"elementor-icon-list-items\">\n\t\t\t\t\t\t\t<li class=\"elementor-icon-list-item\">\n\t\t\t\t\t\t\t\t\t\t\t<span class=\"elementor-icon-list-icon\">\n\t\t\t\t\t\t\t<i aria-hidden=\"true\" class=\"fas fa-exclamation-triangle\"><\/i>\t\t\t\t\t\t<\/span>\n\t\t\t\t\t\t\t\t\t\t<span class=\"elementor-icon-list-text\">Problem<\/span>\n\t\t\t\t\t\t\t\t\t<\/li>\n\t\t\t\t\t\t<\/ul>\n\t\t\t\t<\/div>\n\t\t\t\t<\/div>\n\t\t\t\t<div class=\"elementor-element elementor-element-57ebaa0 elementor-widget elementor-widget-text-editor\" data-id=\"57ebaa0\" data-element_type=\"widget\" data-widget_type=\"text-editor.default\">\n\t\t\t\t<div class=\"elementor-widget-container\">\n\t\t\t<style>\/*! elementor - v3.18.0 - 20-12-2023 *\/\n.elementor-widget-text-editor.elementor-drop-cap-view-stacked .elementor-drop-cap{background-color:#69727d;color:#fff}.elementor-widget-text-editor.elementor-drop-cap-view-framed .elementor-drop-cap{color:#69727d;border:3px solid;background-color:transparent}.elementor-widget-text-editor:not(.elementor-drop-cap-view-default) .elementor-drop-cap{margin-top:8px}.elementor-widget-text-editor:not(.elementor-drop-cap-view-default) .elementor-drop-cap-letter{width:1em;height:1em}.elementor-widget-text-editor .elementor-drop-cap{float:left;text-align:center;line-height:1;font-size:50px}.elementor-widget-text-editor .elementor-drop-cap-letter{display:inline-block}<\/style>\t\t\t\t<p>D\u00e5 vattenniv\u00e5n sjunker i dricksvattenreservoaren kommer luft in via ventilationskanalen.\u00a0\u00a0Om luften inte reng\u00f6rs kommer partiklar, s\u00e5 som f\u00f6rbr\u00e4nningsprodukter och pollen in i reservoaren tillsammans med luften och l\u00e4gger sig p\u00e5 vattenytan och bildar en\u00a0ytfilm.\u00a0Ytfilmen\u00a0\u00e4r en ypperlig grogrund f\u00f6r bakterier och p\u00e5verkar vattenkvaliteten.\u00a0Via ventilationskanalen kan \u00e4ven f\u00e5glar och andra djur komma in i reservoaren.\u00a0\u00a0Ventilationskanalen kan ocks\u00e5 bli utsatt f\u00f6r sabotage.<\/p>\t\t\t\t\t\t<\/div>\n\t\t\t\t<\/div>\n\t\t\t\t\t<\/div>\n\t\t<\/div>\n\t\t\t\t<div class=\"elementor-column elementor-col-50 elementor-top-column elementor-element elementor-element-10f3ecb\" data-id=\"10f3ecb\" data-element_type=\"column\">\n\t\t\t<div class=\"elementor-widget-wrap elementor-element-populated\">\n\t\t\t\t\t\t\t\t<div class=\"elementor-element elementor-element-782669e elementor-align-center elementor-icon-list--layout-traditional elementor-list-item-link-full_width elementor-widget elementor-widget-icon-list\" data-id=\"782669e\" data-element_type=\"widget\" data-widget_type=\"icon-list.default\">\n\t\t\t\t<div class=\"elementor-widget-container\">\n\t\t\t\t\t<ul class=\"elementor-icon-list-items\">\n\t\t\t\t\t\t\t<li class=\"elementor-icon-list-item\">\n\t\t\t\t\t\t\t\t\t\t\t<span class=\"elementor-icon-list-icon\">\n\t\t\t\t\t\t\t<i aria-hidden=\"true\" class=\"fas fa-check-circle\"><\/i>\t\t\t\t\t\t<\/span>\n\t\t\t\t\t\t\t\t\t\t<span class=\"elementor-icon-list-text\">L\u00f6sning<\/span>\n\t\t\t\t\t\t\t\t\t<\/li>\n\t\t\t\t\t\t<\/ul>\n\t\t\t\t<\/div>\n\t\t\t\t<\/div>\n\t\t\t\t<div class=\"elementor-element elementor-element-f73cc53 elementor-widget elementor-widget-text-editor\" data-id=\"f73cc53\" data-element_type=\"widget\" data-widget_type=\"text-editor.default\">\n\t\t\t\t<div class=\"elementor-widget-container\">\n\t\t\t\t\t\t\t<p><b>Amphivent<\/b>\u00a0\u00e4r ett luftfiltersystem som effektivt filtrerar in kommande luften till reservoaren.\u00a0Den f\u00f6rsv\u00e5rar ett avsiktlig f\u00f6rorenande av dricksvattnet (sabotage).\u00a0F\u00f6rutsett att manluckan och alla andra \u00f6ppningar till reservoaren \u00e4r noggrant t\u00e4tade, tvingas luften genom luftfiltret vid v\u00e4xlingar av vattenniv\u00e5n.<\/p>\t\t\t\t\t\t<\/div>\n\t\t\t\t<\/div>\n\t\t\t\t\t<\/div>\n\t\t<\/div>\n\t\t\t\t\t\t\t<\/div>\n\t\t<\/section>\n\t\t\t\t<section class=\"elementor-section elementor-top-section elementor-element elementor-element-6ea4ce3 animated-slow elementor-section-boxed elementor-section-height-default elementor-section-height-default elementor-invisible\" data-id=\"6ea4ce3\" data-element_type=\"section\" data-settings=\"{&quot;animation&quot;:&quot;fadeIn&quot;}\">\n\t\t\t\t\t\t<div class=\"elementor-container elementor-column-gap-default\">\n\t\t\t\t\t<div class=\"elementor-column elementor-col-100 elementor-top-column elementor-element elementor-element-1e65f0e\" data-id=\"1e65f0e\" data-element_type=\"column\">\n\t\t\t<div class=\"elementor-widget-wrap elementor-element-populated\">\n\t\t\t\t\t\t\t\t<div class=\"elementor-element elementor-element-26edbe1 elementor-widget elementor-widget-shortcode\" data-id=\"26edbe1\" data-element_type=\"widget\" data-widget_type=\"shortcode.default\">\n\t\t\t\t<div class=\"elementor-widget-container\">\n\t\t\t\t\t<div class=\"elementor-shortcode\"><\/div>\n\t\t\t\t<\/div>\n\t\t\t\t<\/div>\n\t\t\t\t<div class=\"elementor-element elementor-element-2eb94c6 elementor-widget elementor-widget-image\" data-id=\"2eb94c6\" data-element_type=\"widget\" data-widget_type=\"image.default\">\n\t\t\t\t<div class=\"elementor-widget-container\">\n\t\t\t\t\t\t\t\t\t\t\t\t\t\t\t<img fetchpriority=\"high\" decoding=\"async\" width=\"376\" height=\"663\" src=\"https:\/\/enitec.fi\/updated\/wp-content\/uploads\/2023\/01\/AmphiVent_i_4_steg-removebg-preview.png\" class=\"attachment-large size-large wp-image-729\" alt=\"\" srcset=\"https:\/\/enitec.fi\/updated\/wp-content\/uploads\/2023\/01\/AmphiVent_i_4_steg-removebg-preview.png 376w, https:\/\/enitec.fi\/updated\/wp-content\/uploads\/2023\/01\/AmphiVent_i_4_steg-removebg-preview-170x300.png 170w\" sizes=\"(max-width: 376px) 100vw, 376px\" \/>\t\t\t\t\t\t\t\t\t\t\t\t\t\t\t<\/div>\n\t\t\t\t<\/div>\n\t\t\t\t<div class=\"elementor-element elementor-element-8515d55 elementor-widget elementor-widget-text-editor\" data-id=\"8515d55\" data-element_type=\"widget\" data-widget_type=\"text-editor.default\">\n\t\t\t\t<div class=\"elementor-widget-container\">\n\t\t\t\t\t\t\t<p><strong>Teknisk data<\/strong><\/p>\n<p>Amphivent\u2122 uppfyller kraven f\u00f6r dricksvattenreservoarer enligt standard SFS-EN 1508.<\/p>\n<p><strong>Trycks\u00e4kring<\/strong><\/p>\n<p>AmphiVent\u2122 \u00e4r utrustad med en trycks\u00e4kring vars membran brister vid ett skadligt tryck och skyddar d\u00e4rmed reservoarens konstruktion. Arean p\u00e5 f\u00f6nstren i trycks\u00e4kringen \u00e4r st\u00f6rre \u00e4n ventilationskanalen och ger d\u00e4rf\u00f6r ett bra skydd vid en eventuell\u00a0st\u00f6rtt\u00f6mning\u00a0av reservoaren.<\/p>\n<p><strong>Filterinsats<\/strong><\/p>\n<p>Filtermaterialen \u00e4r endera finfilter (klass F7) eller\u00a0hepa\u00a0microfilter (klass H13)<\/p>\n<p>AmphiVent\u2122 luftfiltersystem finns i versioner b\u00e5de f\u00f6r ute eller inne montering.<\/p>\t\t\t\t\t\t<\/div>\n\t\t\t\t<\/div>\n\t\t\t\t\t<\/div>\n\t\t<\/div>\n\t\t\t\t\t\t\t<\/div>\n\t\t<\/section>\n\t\t\t\t<section class=\"elementor-section elementor-top-section elementor-element elementor-element-da36fef animated-slow elementor-section-boxed elementor-section-height-default elementor-section-height-default elementor-invisible\" data-id=\"da36fef\" data-element_type=\"section\" data-settings=\"{&quot;animation&quot;:&quot;fadeIn&quot;}\">\n\t\t\t\t\t\t<div class=\"elementor-container elementor-column-gap-default\">\n\t\t\t\t\t<div class=\"elementor-column elementor-col-50 elementor-top-column elementor-element elementor-element-7fef350\" data-id=\"7fef350\" data-element_type=\"column\">\n\t\t\t<div class=\"elementor-widget-wrap elementor-element-populated\">\n\t\t\t\t\t\t\t\t<div class=\"elementor-element elementor-element-6d42929 elementor-widget elementor-widget-image\" data-id=\"6d42929\" data-element_type=\"widget\" data-widget_type=\"image.default\">\n\t\t\t\t<div class=\"elementor-widget-container\">\n\t\t\t\t\t\t\t\t\t\t\t\t\t\t\t<img decoding=\"async\" width=\"469\" height=\"531\" src=\"https:\/\/enitec.fi\/updated\/wp-content\/uploads\/2023\/01\/AmphiVent_for_utomhusbruk-removebg-preview.png\" class=\"attachment-large size-large wp-image-730\" alt=\"\" srcset=\"https:\/\/enitec.fi\/updated\/wp-content\/uploads\/2023\/01\/AmphiVent_for_utomhusbruk-removebg-preview.png 469w, https:\/\/enitec.fi\/updated\/wp-content\/uploads\/2023\/01\/AmphiVent_for_utomhusbruk-removebg-preview-265x300.png 265w\" sizes=\"(max-width: 469px) 100vw, 469px\" \/>\t\t\t\t\t\t\t\t\t\t\t\t\t\t\t<\/div>\n\t\t\t\t<\/div>\n\t\t\t\t\t<\/div>\n\t\t<\/div>\n\t\t\t\t<div class=\"elementor-column elementor-col-50 elementor-top-column elementor-element elementor-element-9ec1cda\" data-id=\"9ec1cda\" data-element_type=\"column\">\n\t\t\t<div class=\"elementor-widget-wrap elementor-element-populated\">\n\t\t\t\t\t\t\t\t<div class=\"elementor-element elementor-element-e095f1b elementor-widget elementor-widget-heading\" data-id=\"e095f1b\" data-element_type=\"widget\" data-widget_type=\"heading.default\">\n\t\t\t\t<div class=\"elementor-widget-container\">\n\t\t\t<h6 class=\"elementor-heading-title elementor-size-default\">Ute montering (Rostfritt)<\/h6>\t\t<\/div>\n\t\t\t\t<\/div>\n\t\t\t\t<div class=\"elementor-element elementor-element-f5a0f41 elementor-widget elementor-widget-text-editor\" data-id=\"f5a0f41\" data-element_type=\"widget\" data-widget_type=\"text-editor.default\">\n\t\t\t\t<div class=\"elementor-widget-container\">\n\t\t\t\t\t\t\t<p>AmphiVent\u2122 200u (NS200) (inner \u00d8 200 mm)<\/p>\n<p>AmphiVent\u2122 125u (NS125) (inner \u00d8 125 mm)<\/p>\n<p>Kan monteras p\u00e5 befintliga svanhalsr\u00f6r.<\/p>\t\t\t\t\t\t<\/div>\n\t\t\t\t<\/div>\n\t\t\t\t\t<\/div>\n\t\t<\/div>\n\t\t\t\t\t\t\t<\/div>\n\t\t<\/section>\n\t\t\t\t<section class=\"elementor-section elementor-top-section elementor-element elementor-element-a90f053 animated-slow elementor-section-boxed elementor-section-height-default elementor-section-height-default elementor-invisible\" data-id=\"a90f053\" data-element_type=\"section\" data-settings=\"{&quot;animation&quot;:&quot;fadeIn&quot;}\">\n\t\t\t\t\t\t<div class=\"elementor-container elementor-column-gap-default\">\n\t\t\t\t\t<div class=\"elementor-column elementor-col-50 elementor-top-column elementor-element elementor-element-df01bfa\" data-id=\"df01bfa\" data-element_type=\"column\">\n\t\t\t<div class=\"elementor-widget-wrap elementor-element-populated\">\n\t\t\t\t\t\t\t\t<div class=\"elementor-element elementor-element-38a29a9 elementor-widget elementor-widget-image\" data-id=\"38a29a9\" data-element_type=\"widget\" data-widget_type=\"image.default\">\n\t\t\t\t<div class=\"elementor-widget-container\">\n\t\t\t\t\t\t\t\t\t\t\t\t\t\t\t<img loading=\"lazy\" decoding=\"async\" width=\"435\" height=\"573\" src=\"https:\/\/enitec.fi\/updated\/wp-content\/uploads\/2023\/01\/AmphiVent_for_inomhusbruk-removebg-preview.png\" class=\"attachment-large size-large wp-image-731\" alt=\"\" srcset=\"https:\/\/enitec.fi\/updated\/wp-content\/uploads\/2023\/01\/AmphiVent_for_inomhusbruk-removebg-preview.png 435w, https:\/\/enitec.fi\/updated\/wp-content\/uploads\/2023\/01\/AmphiVent_for_inomhusbruk-removebg-preview-228x300.png 228w\" sizes=\"(max-width: 435px) 100vw, 435px\" \/>\t\t\t\t\t\t\t\t\t\t\t\t\t\t\t<\/div>\n\t\t\t\t<\/div>\n\t\t\t\t\t<\/div>\n\t\t<\/div>\n\t\t\t\t<div class=\"elementor-column elementor-col-50 elementor-top-column elementor-element elementor-element-8deffcd\" data-id=\"8deffcd\" data-element_type=\"column\">\n\t\t\t<div class=\"elementor-widget-wrap elementor-element-populated\">\n\t\t\t\t\t\t\t\t<div class=\"elementor-element elementor-element-196ac15 elementor-widget elementor-widget-heading\" data-id=\"196ac15\" data-element_type=\"widget\" data-widget_type=\"heading.default\">\n\t\t\t\t<div class=\"elementor-widget-container\">\n\t\t\t<h6 class=\"elementor-heading-title elementor-size-default\">Inne montering (syrafast)<\/h6>\t\t<\/div>\n\t\t\t\t<\/div>\n\t\t\t\t<div class=\"elementor-element elementor-element-b43e4a4 elementor-widget elementor-widget-text-editor\" data-id=\"b43e4a4\" data-element_type=\"widget\" data-widget_type=\"text-editor.default\">\n\t\t\t\t<div class=\"elementor-widget-container\">\n\t\t\t\t\t\t\t<p>AmphiVent\u2122 200i (monteras p\u00e5 ventilationsr\u00f6r vars inre diameter \u00e4r 200mm)<\/p>\n<p>AmphiVent\u2122 125i (monteras p\u00e5 ventilationsr\u00f6r vars inre diameter \u00e4r 125mm)<\/p>\t\t\t\t\t\t<\/div>\n\t\t\t\t<\/div>\n\t\t\t\t\t<\/div>\n\t\t<\/div>\n\t\t\t\t\t\t\t<\/div>\n\t\t<\/section>\n\t\t\t\t<section class=\"elementor-section elementor-top-section elementor-element elementor-element-6e9a761 animated-slow elementor-section-boxed elementor-section-height-default elementor-section-height-default elementor-invisible\" data-id=\"6e9a761\" data-element_type=\"section\" data-settings=\"{&quot;animation&quot;:&quot;fadeIn&quot;}\">\n\t\t\t\t\t\t<div class=\"elementor-container elementor-column-gap-default\">\n\t\t\t\t\t<div class=\"elementor-column elementor-col-100 elementor-top-column elementor-element elementor-element-640cd11\" data-id=\"640cd11\" data-element_type=\"column\">\n\t\t\t<div class=\"elementor-widget-wrap elementor-element-populated\">\n\t\t\t\t\t\t\t\t<div class=\"elementor-element elementor-element-c044530 elementor-widget elementor-widget-text-editor\" data-id=\"c044530\" data-element_type=\"widget\" data-widget_type=\"text-editor.default\">\n\t\t\t\t<div class=\"elementor-widget-container\">\n\t\t\t\t\t\t\t<p><strong>V\u00e4rmare<\/strong><\/p>\n<p>Ifall det finns en risk, att filtret som monteras utomhus kan frysa igen, utrustas filterhuset med en v\u00e4rmeplatta. V\u00e4rmaren levereras som extra tillbeh\u00f6r.<\/p>\n<p><strong>Montering<\/strong><\/p>\n<p>\u200bB\u00e5de inne och ute modellerna kan med hj\u00e4lp av en reducerings- eller utvidgningsdel monteras p\u00e5 andra r\u00f6r dimensioner. Vid behov utf\u00f6r vi kontrollber\u00e4kningar och dimensioneringar.<\/p>\n<p><strong>Monteringstj\u00e4nst<\/strong><\/p>\n<p>Enitec utf\u00f6r \u00e4ven montering av\u00a0AmphiVent\u2122 luftfiltersystem vid behov.<\/p>\t\t\t\t\t\t<\/div>\n\t\t\t\t<\/div>\n\t\t\t\t\t<\/div>\n\t\t<\/div>\n\t\t\t\t\t\t\t<\/div>\n\t\t<\/section>\n\t\t\t\t\t\t\t<\/div>\n\t\t","protected":false},"excerpt":{"rendered":"<p>AMPHIVENT\u2122 luftfiltersystem f\u00f6r dricksvattenreservoarer Problem D\u00e5 vattenniv\u00e5n sjunker i dricksvattenreservoaren kommer luft in via ventilationskanalen.\u00a0\u00a0Om luften inte reng\u00f6rs kommer partiklar, s\u00e5 som f\u00f6rbr\u00e4nningsprodukter och pollen in i reservoaren tillsammans med luften och l\u00e4gger sig p\u00e5 vattenytan och bildar en\u00a0ytfilm.\u00a0Ytfilmen\u00a0\u00e4r en ypperlig grogrund f\u00f6r bakterier och p\u00e5verkar vattenkvaliteten.\u00a0Via ventilationskanalen kan \u00e4ven f\u00e5glar och andra djur komma [&hellip;]<\/p>\n","protected":false},"author":1,"featured_media":0,"parent":0,"menu_order":0,"comment_status":"closed","ping_status":"closed","template":"","meta":{"footnotes":""},"_links":{"self":[{"href":"https:\/\/enitec.fi\/updated\/wp-json\/wp\/v2\/pages\/107"}],"collection":[{"href":"https:\/\/enitec.fi\/updated\/wp-json\/wp\/v2\/pages"}],"about":[{"href":"https:\/\/enitec.fi\/updated\/wp-json\/wp\/v2\/types\/page"}],"author":[{"embeddable":true,"href":"https:\/\/enitec.fi\/updated\/wp-json\/wp\/v2\/users\/1"}],"replies":[{"embeddable":true,"href":"https:\/\/enitec.fi\/updated\/wp-json\/wp\/v2\/comments?post=107"}],"version-history":[{"count":16,"href":"https:\/\/enitec.fi\/updated\/wp-json\/wp\/v2\/pages\/107\/revisions"}],"predecessor-version":[{"id":916,"href":"https:\/\/enitec.fi\/updated\/wp-json\/wp\/v2\/pages\/107\/revisions\/916"}],"wp:attachment":[{"href":"https:\/\/enitec.fi\/updated\/wp-json\/wp\/v2\/media?parent=107"}],"curies":[{"name":"wp","href":"https:\/\/api.w.org\/{rel}","templated":true}]}}