{"id":105,"date":"2022-02-21T10:23:02","date_gmt":"2022-02-21T10:23:02","guid":{"rendered":"https:\/\/enitec.fi\/updated\/?page_id=105"},"modified":"2023-06-13T06:33:54","modified_gmt":"2023-06-13T06:33:54","slug":"amphivent-imanvaihojarjestelmat","status":"publish","type":"page","link":"https:\/\/enitec.fi\/updated\/amphivent-imanvaihojarjestelmat\/","title":{"rendered":"AmphiVent\u2122-Imanvaihtoj\u00e4rjestelm\u00e4t"},"content":{"rendered":"\t\t<div data-elementor-type=\"wp-page\" data-elementor-id=\"105\" class=\"elementor elementor-105\">\n\t\t\t\t\t\t\t\t\t<section class=\"elementor-section elementor-top-section elementor-element elementor-element-00100b4 animated-slow elementor-section-boxed elementor-section-height-default elementor-section-height-default elementor-invisible\" data-id=\"00100b4\" data-element_type=\"section\" data-settings=\"{&quot;animation&quot;:&quot;fadeIn&quot;}\">\n\t\t\t\t\t\t<div class=\"elementor-container elementor-column-gap-default\">\n\t\t\t\t\t<div class=\"elementor-column elementor-col-100 elementor-top-column elementor-element elementor-element-7adfbea\" data-id=\"7adfbea\" data-element_type=\"column\">\n\t\t\t<div class=\"elementor-widget-wrap elementor-element-populated\">\n\t\t\t\t\t\t\t\t<div class=\"elementor-element elementor-element-237dd0b elementor-widget elementor-widget-image\" data-id=\"237dd0b\" data-element_type=\"widget\" data-widget_type=\"image.default\">\n\t\t\t\t<div class=\"elementor-widget-container\">\n\t\t\t<style>\/*! elementor - v3.18.0 - 20-12-2023 *\/\n.elementor-widget-image{text-align:center}.elementor-widget-image a{display:inline-block}.elementor-widget-image a img[src$=\".svg\"]{width:48px}.elementor-widget-image img{vertical-align:middle;display:inline-block}<\/style>\t\t\t\t\t\t\t\t\t\t\t\t<img decoding=\"async\" width=\"300\" height=\"47\" src=\"https:\/\/enitec.fi\/updated\/wp-content\/uploads\/2022\/02\/amphi_tech_logo-300x47-1.webp\" class=\"attachment-large size-large wp-image-422\" alt=\"\" \/>\t\t\t\t\t\t\t\t\t\t\t\t\t\t\t<\/div>\n\t\t\t\t<\/div>\n\t\t\t\t<div class=\"elementor-element elementor-element-2fed1ee elementor-widget elementor-widget-heading\" data-id=\"2fed1ee\" data-element_type=\"widget\" data-widget_type=\"heading.default\">\n\t\t\t\t<div class=\"elementor-widget-container\">\n\t\t\t<style>\/*! elementor - v3.18.0 - 20-12-2023 *\/\n.elementor-heading-title{padding:0;margin:0;line-height:1}.elementor-widget-heading .elementor-heading-title[class*=elementor-size-]>a{color:inherit;font-size:inherit;line-height:inherit}.elementor-widget-heading .elementor-heading-title.elementor-size-small{font-size:15px}.elementor-widget-heading .elementor-heading-title.elementor-size-medium{font-size:19px}.elementor-widget-heading .elementor-heading-title.elementor-size-large{font-size:29px}.elementor-widget-heading .elementor-heading-title.elementor-size-xl{font-size:39px}.elementor-widget-heading .elementor-heading-title.elementor-size-xxl{font-size:59px}<\/style><h6 class=\"elementor-heading-title elementor-size-default\">AMPHIVENT\u2122 ilmansuodatinlaite talousvesis\u00e4ili\u00f6ihin<\/h6>\t\t<\/div>\n\t\t\t\t<\/div>\n\t\t\t\t\t<\/div>\n\t\t<\/div>\n\t\t\t\t\t\t\t<\/div>\n\t\t<\/section>\n\t\t\t\t<section class=\"elementor-section elementor-top-section elementor-element elementor-element-67de2e5 animated-slow elementor-section-boxed elementor-section-height-default elementor-section-height-default elementor-invisible\" data-id=\"67de2e5\" data-element_type=\"section\" data-settings=\"{&quot;animation&quot;:&quot;fadeIn&quot;}\">\n\t\t\t\t\t\t<div class=\"elementor-container elementor-column-gap-wide\">\n\t\t\t\t\t<div class=\"elementor-column elementor-col-50 elementor-top-column elementor-element elementor-element-4844b89\" data-id=\"4844b89\" data-element_type=\"column\">\n\t\t\t<div class=\"elementor-widget-wrap elementor-element-populated\">\n\t\t\t\t\t\t\t\t<div class=\"elementor-element elementor-element-1813906 elementor-align-center elementor-icon-list--layout-traditional elementor-list-item-link-full_width elementor-widget elementor-widget-icon-list\" data-id=\"1813906\" data-element_type=\"widget\" data-widget_type=\"icon-list.default\">\n\t\t\t\t<div class=\"elementor-widget-container\">\n\t\t\t<link rel=\"stylesheet\" href=\"https:\/\/enitec.fi\/updated\/wp-content\/plugins\/elementor\/assets\/css\/widget-icon-list.min.css\">\t\t<ul class=\"elementor-icon-list-items\">\n\t\t\t\t\t\t\t<li class=\"elementor-icon-list-item\">\n\t\t\t\t\t\t\t\t\t\t\t<span class=\"elementor-icon-list-icon\">\n\t\t\t\t\t\t\t<i aria-hidden=\"true\" class=\"fas fa-exclamation-triangle\"><\/i>\t\t\t\t\t\t<\/span>\n\t\t\t\t\t\t\t\t\t\t<span class=\"elementor-icon-list-text\">Ongelma<\/span>\n\t\t\t\t\t\t\t\t\t<\/li>\n\t\t\t\t\t\t<\/ul>\n\t\t\t\t<\/div>\n\t\t\t\t<\/div>\n\t\t\t\t<div class=\"elementor-element elementor-element-c3c6692 elementor-widget elementor-widget-text-editor\" data-id=\"c3c6692\" data-element_type=\"widget\" data-widget_type=\"text-editor.default\">\n\t\t\t\t<div class=\"elementor-widget-container\">\n\t\t\t<style>\/*! elementor - v3.18.0 - 20-12-2023 *\/\n.elementor-widget-text-editor.elementor-drop-cap-view-stacked .elementor-drop-cap{background-color:#69727d;color:#fff}.elementor-widget-text-editor.elementor-drop-cap-view-framed .elementor-drop-cap{color:#69727d;border:3px solid;background-color:transparent}.elementor-widget-text-editor:not(.elementor-drop-cap-view-default) .elementor-drop-cap{margin-top:8px}.elementor-widget-text-editor:not(.elementor-drop-cap-view-default) .elementor-drop-cap-letter{width:1em;height:1em}.elementor-widget-text-editor .elementor-drop-cap{float:left;text-align:center;line-height:1;font-size:50px}.elementor-widget-text-editor .elementor-drop-cap-letter{display:inline-block}<\/style>\t\t\t\t<p>Kun vedenpinta laskee talousvesis\u00e4ili\u00f6ss\u00e4,\u00a0ilmaa kulkeutuu s\u00e4ili\u00f6\u00f6n ilmanvaihtokanavan\u00a0kautta. Jos ilmaa ei puhdisteta, hiukkasia kuten\u00a0palamistuotteita ja siitep\u00f6ly\u00e4 kulkeutuu ilman\u00a0mukana s\u00e4ili\u00f6\u00f6n ja laskeutuu veden pinnalle\u00a0kalvoksi. Pintakalvo muodostaa otollisen\u00a0kasvualustan bakteereille ja vaikuttaa veden laatuun. Ilmanvaihtokanava voi olla my\u00f6s\u00a0sis\u00e4\u00e4np\u00e4\u00e4sy linnuille ja \u00f6t\u00f6k\u00f6ille. Vaarana on my\u00f6s\u00a0kanavan joutuminen ilkivallan kohteeksi.<\/p>\t\t\t\t\t\t<\/div>\n\t\t\t\t<\/div>\n\t\t\t\t\t<\/div>\n\t\t<\/div>\n\t\t\t\t<div class=\"elementor-column elementor-col-50 elementor-top-column elementor-element elementor-element-00cac5b\" data-id=\"00cac5b\" data-element_type=\"column\">\n\t\t\t<div class=\"elementor-widget-wrap elementor-element-populated\">\n\t\t\t\t\t\t\t\t<div class=\"elementor-element elementor-element-965c68a elementor-align-center elementor-icon-list--layout-traditional elementor-list-item-link-full_width elementor-widget elementor-widget-icon-list\" data-id=\"965c68a\" data-element_type=\"widget\" data-widget_type=\"icon-list.default\">\n\t\t\t\t<div class=\"elementor-widget-container\">\n\t\t\t\t\t<ul class=\"elementor-icon-list-items\">\n\t\t\t\t\t\t\t<li class=\"elementor-icon-list-item\">\n\t\t\t\t\t\t\t\t\t\t\t<span class=\"elementor-icon-list-icon\">\n\t\t\t\t\t\t\t<i aria-hidden=\"true\" class=\"fas fa-check-circle\"><\/i>\t\t\t\t\t\t<\/span>\n\t\t\t\t\t\t\t\t\t\t<span class=\"elementor-icon-list-text\">Ratkaisu<\/span>\n\t\t\t\t\t\t\t\t\t<\/li>\n\t\t\t\t\t\t<\/ul>\n\t\t\t\t<\/div>\n\t\t\t\t<\/div>\n\t\t\t\t<div class=\"elementor-element elementor-element-2696036 elementor-widget elementor-widget-text-editor\" data-id=\"2696036\" data-element_type=\"widget\" data-widget_type=\"text-editor.default\">\n\t\t\t\t<div class=\"elementor-widget-container\">\n\t\t\t\t\t\t\t<p><strong>AmphiVent\u2122<\/strong> on\u00a0ilmansuodatinlaite\u00a0joka tehokkaasti suodattaa s\u00e4ili\u00f6\u00f6n tulevan ilman. Se my\u00f6s vaikeuttaa tahallisen juomaveden saastuttamisen (ilkivallan). Edellytt\u00e4en ett\u00e4 miesluukku ja muut aukot s\u00e4ili\u00f6ss\u00e4 ovat huolellisesti tiivistettyj\u00e4, ilma pakotetaan, vedenpinnan muuttuessa kulkemaan ilmansuodattimen kautta.<\/p>\t\t\t\t\t\t<\/div>\n\t\t\t\t<\/div>\n\t\t\t\t\t<\/div>\n\t\t<\/div>\n\t\t\t\t\t\t\t<\/div>\n\t\t<\/section>\n\t\t\t\t<section class=\"elementor-section elementor-top-section elementor-element elementor-element-94b56b5 animated-slow elementor-section-boxed elementor-section-height-default elementor-section-height-default elementor-invisible\" data-id=\"94b56b5\" data-element_type=\"section\" data-settings=\"{&quot;animation&quot;:&quot;fadeIn&quot;}\">\n\t\t\t\t\t\t<div class=\"elementor-container elementor-column-gap-default\">\n\t\t\t\t\t<div class=\"elementor-column elementor-col-100 elementor-top-column elementor-element elementor-element-ff7354d\" data-id=\"ff7354d\" data-element_type=\"column\">\n\t\t\t<div class=\"elementor-widget-wrap elementor-element-populated\">\n\t\t\t\t\t\t\t\t<div class=\"elementor-element elementor-element-c3fbaf5 elementor-widget elementor-widget-shortcode\" data-id=\"c3fbaf5\" data-element_type=\"widget\" data-widget_type=\"shortcode.default\">\n\t\t\t\t<div class=\"elementor-widget-container\">\n\t\t\t\t\t<div class=\"elementor-shortcode\"><\/div>\n\t\t\t\t<\/div>\n\t\t\t\t<\/div>\n\t\t\t\t<div class=\"elementor-element elementor-element-d941d7c elementor-widget elementor-widget-image\" data-id=\"d941d7c\" data-element_type=\"widget\" data-widget_type=\"image.default\">\n\t\t\t\t<div class=\"elementor-widget-container\">\n\t\t\t\t\t\t\t\t\t\t\t\t\t\t\t<img fetchpriority=\"high\" decoding=\"async\" width=\"376\" height=\"663\" src=\"https:\/\/enitec.fi\/updated\/wp-content\/uploads\/2023\/01\/AmphiVent_i_4_steg-removebg-preview.png\" class=\"attachment-large size-large wp-image-729\" alt=\"\" srcset=\"https:\/\/enitec.fi\/updated\/wp-content\/uploads\/2023\/01\/AmphiVent_i_4_steg-removebg-preview.png 376w, https:\/\/enitec.fi\/updated\/wp-content\/uploads\/2023\/01\/AmphiVent_i_4_steg-removebg-preview-170x300.png 170w\" sizes=\"(max-width: 376px) 100vw, 376px\" \/>\t\t\t\t\t\t\t\t\t\t\t\t\t\t\t<\/div>\n\t\t\t\t<\/div>\n\t\t\t\t<div class=\"elementor-element elementor-element-15c6241 elementor-widget elementor-widget-text-editor\" data-id=\"15c6241\" data-element_type=\"widget\" data-widget_type=\"text-editor.default\">\n\t\t\t\t<div class=\"elementor-widget-container\">\n\t\t\t\t\t\t\t<p><strong>Tekniset tiedot<\/strong><\/p>\n<p>AmphiVent\u2122 t\u00e4ytt\u00e4\u00e4 talousvesis\u00e4ili\u00f6ille laaditut rakennustapaohjeet EN-SFS1580.<\/p>\n<p><strong>Painevaroke<\/strong><\/p>\n<p>AmphiVent\u2122 on varustettu\u00a0painevarokkeella\u00a0jonka kalvo laukeaa vahingollisen paineen alla ja suojaa n\u00e4in s\u00e4ili\u00f6n rakennetta. Painevarokkeen ikkunan pinta-ala on suurempi kuin ilmanvaihtokanavan, joten se antaa hyv\u00e4n suojan mahdollisen sy\u00f6ksytyhjennyksen sattuessa.<\/p>\n<p><strong>Suodatinpanos<\/strong><\/p>\n<p>Suodatinmateriaali on joko hienosuodatin (luokka F7) tai HEPA mikrosuodatin (luokka H13).<\/p>\n<p>AmphiVent\u2122 ilmansuodatinlaite l\u00f6ytyy sek\u00e4 ulos ett\u00e4 sis\u00e4tiloihin asennettavina versioina.<\/p>\t\t\t\t\t\t<\/div>\n\t\t\t\t<\/div>\n\t\t\t\t\t<\/div>\n\t\t<\/div>\n\t\t\t\t\t\t\t<\/div>\n\t\t<\/section>\n\t\t\t\t<section class=\"elementor-section elementor-top-section elementor-element elementor-element-eceadc5 animated-slow elementor-section-boxed elementor-section-height-default elementor-section-height-default elementor-invisible\" data-id=\"eceadc5\" data-element_type=\"section\" data-settings=\"{&quot;animation&quot;:&quot;fadeIn&quot;}\">\n\t\t\t\t\t\t<div class=\"elementor-container elementor-column-gap-default\">\n\t\t\t\t\t<div class=\"elementor-column elementor-col-50 elementor-top-column elementor-element elementor-element-eb9de1a\" data-id=\"eb9de1a\" data-element_type=\"column\">\n\t\t\t<div class=\"elementor-widget-wrap elementor-element-populated\">\n\t\t\t\t\t\t\t\t<div class=\"elementor-element elementor-element-0b6da41 elementor-widget elementor-widget-image\" data-id=\"0b6da41\" data-element_type=\"widget\" data-widget_type=\"image.default\">\n\t\t\t\t<div class=\"elementor-widget-container\">\n\t\t\t\t\t\t\t\t\t\t\t\t\t\t\t<img decoding=\"async\" width=\"469\" height=\"531\" src=\"https:\/\/enitec.fi\/updated\/wp-content\/uploads\/2023\/01\/AmphiVent_for_utomhusbruk-removebg-preview.png\" class=\"attachment-large size-large wp-image-730\" alt=\"\" srcset=\"https:\/\/enitec.fi\/updated\/wp-content\/uploads\/2023\/01\/AmphiVent_for_utomhusbruk-removebg-preview.png 469w, https:\/\/enitec.fi\/updated\/wp-content\/uploads\/2023\/01\/AmphiVent_for_utomhusbruk-removebg-preview-265x300.png 265w\" sizes=\"(max-width: 469px) 100vw, 469px\" \/>\t\t\t\t\t\t\t\t\t\t\t\t\t\t\t<\/div>\n\t\t\t\t<\/div>\n\t\t\t\t\t<\/div>\n\t\t<\/div>\n\t\t\t\t<div class=\"elementor-column elementor-col-50 elementor-top-column elementor-element elementor-element-332ddda\" data-id=\"332ddda\" data-element_type=\"column\">\n\t\t\t<div class=\"elementor-widget-wrap elementor-element-populated\">\n\t\t\t\t\t\t\t\t<div class=\"elementor-element elementor-element-4704c8f elementor-widget elementor-widget-heading\" data-id=\"4704c8f\" data-element_type=\"widget\" data-widget_type=\"heading.default\">\n\t\t\t\t<div class=\"elementor-widget-container\">\n\t\t\t<h6 class=\"elementor-heading-title elementor-size-default\">Ulos asennettava (ruostumaton)<\/h6>\t\t<\/div>\n\t\t\t\t<\/div>\n\t\t\t\t<div class=\"elementor-element elementor-element-5f1ca45 elementor-widget elementor-widget-text-editor\" data-id=\"5f1ca45\" data-element_type=\"widget\" data-widget_type=\"text-editor.default\">\n\t\t\t\t<div class=\"elementor-widget-container\">\n\t\t\t\t\t\t\t<p>AmphiVent\u2122 200u (NS200)\u00a0(sis\u00e4\u00a0\u00d8 200 mm)<\/p>\n<p>AmphiVent\u2122 125u (NS125)\u00a0(sis\u00e4\u00a0\u00d8 125 mm)<\/p>\n<p>Voidaan asentaa olemassa oleviin joutsenkaulaputkiin.<\/p>\t\t\t\t\t\t<\/div>\n\t\t\t\t<\/div>\n\t\t\t\t\t<\/div>\n\t\t<\/div>\n\t\t\t\t\t\t\t<\/div>\n\t\t<\/section>\n\t\t\t\t<section class=\"elementor-section elementor-top-section elementor-element elementor-element-c2fd059 animated-slow elementor-section-boxed elementor-section-height-default elementor-section-height-default elementor-invisible\" data-id=\"c2fd059\" data-element_type=\"section\" data-settings=\"{&quot;animation&quot;:&quot;fadeIn&quot;}\">\n\t\t\t\t\t\t<div class=\"elementor-container elementor-column-gap-default\">\n\t\t\t\t\t<div class=\"elementor-column elementor-col-50 elementor-top-column elementor-element elementor-element-9152700\" data-id=\"9152700\" data-element_type=\"column\">\n\t\t\t<div class=\"elementor-widget-wrap elementor-element-populated\">\n\t\t\t\t\t\t\t\t<div class=\"elementor-element elementor-element-cf8f133 elementor-widget elementor-widget-image\" data-id=\"cf8f133\" data-element_type=\"widget\" data-widget_type=\"image.default\">\n\t\t\t\t<div class=\"elementor-widget-container\">\n\t\t\t\t\t\t\t\t\t\t\t\t\t\t\t<img loading=\"lazy\" decoding=\"async\" width=\"435\" height=\"573\" src=\"https:\/\/enitec.fi\/updated\/wp-content\/uploads\/2023\/01\/AmphiVent_for_inomhusbruk-removebg-preview.png\" class=\"attachment-large size-large wp-image-731\" alt=\"\" srcset=\"https:\/\/enitec.fi\/updated\/wp-content\/uploads\/2023\/01\/AmphiVent_for_inomhusbruk-removebg-preview.png 435w, https:\/\/enitec.fi\/updated\/wp-content\/uploads\/2023\/01\/AmphiVent_for_inomhusbruk-removebg-preview-228x300.png 228w\" sizes=\"(max-width: 435px) 100vw, 435px\" \/>\t\t\t\t\t\t\t\t\t\t\t\t\t\t\t<\/div>\n\t\t\t\t<\/div>\n\t\t\t\t\t<\/div>\n\t\t<\/div>\n\t\t\t\t<div class=\"elementor-column elementor-col-50 elementor-top-column elementor-element elementor-element-9ddffb8\" data-id=\"9ddffb8\" data-element_type=\"column\">\n\t\t\t<div class=\"elementor-widget-wrap elementor-element-populated\">\n\t\t\t\t\t\t\t\t<div class=\"elementor-element elementor-element-44d4ea2 elementor-widget elementor-widget-heading\" data-id=\"44d4ea2\" data-element_type=\"widget\" data-widget_type=\"heading.default\">\n\t\t\t\t<div class=\"elementor-widget-container\">\n\t\t\t<h6 class=\"elementor-heading-title elementor-size-default\">Sis\u00e4tiloihin asennettava (haponkest\u00e4v\u00e4)<\/h6>\t\t<\/div>\n\t\t\t\t<\/div>\n\t\t\t\t<div class=\"elementor-element elementor-element-2d6233e elementor-widget elementor-widget-text-editor\" data-id=\"2d6233e\" data-element_type=\"widget\" data-widget_type=\"text-editor.default\">\n\t\t\t\t<div class=\"elementor-widget-container\">\n\t\t\t\t\t\t\t<p>AmphiVent\u2122 200i (asennetaan\u00a0ilmastointiputkeen\u00a0jonka sis\u00e4halkaisija on 200mm)<\/p>\n<p>AmphiVent\u2122 125i (asennetaan\u00a0ilmastointiputkeen\u00a0jonka sis\u00e4halkaisija on 125mm)<\/p>\t\t\t\t\t\t<\/div>\n\t\t\t\t<\/div>\n\t\t\t\t\t<\/div>\n\t\t<\/div>\n\t\t\t\t\t\t\t<\/div>\n\t\t<\/section>\n\t\t\t\t<section class=\"elementor-section elementor-top-section elementor-element elementor-element-9ae45ae animated-slow elementor-section-boxed elementor-section-height-default elementor-section-height-default elementor-invisible\" data-id=\"9ae45ae\" data-element_type=\"section\" data-settings=\"{&quot;animation&quot;:&quot;fadeIn&quot;}\">\n\t\t\t\t\t\t<div class=\"elementor-container elementor-column-gap-default\">\n\t\t\t\t\t<div class=\"elementor-column elementor-col-100 elementor-top-column elementor-element elementor-element-2107a4f\" data-id=\"2107a4f\" data-element_type=\"column\">\n\t\t\t<div class=\"elementor-widget-wrap elementor-element-populated\">\n\t\t\t\t\t\t\t\t<div class=\"elementor-element elementor-element-4cc7e3e elementor-widget elementor-widget-text-editor\" data-id=\"4cc7e3e\" data-element_type=\"widget\" data-widget_type=\"text-editor.default\">\n\t\t\t\t<div class=\"elementor-widget-container\">\n\t\t\t\t\t\t\t<p><strong>L\u00e4mmitin<\/strong><\/p>\n<p>Jos on olemassa riski, ett\u00e4 ulos asennettava suodatin j\u00e4\u00e4tyy, voidaan suodatinrunkoon asentaa l\u00e4mmitinlevy. L\u00e4mmitin toimitetaan lis\u00e4varusteena.<\/p>\n<p><strong>Asennus<\/strong><\/p>\n<p>Sek\u00e4 ulos ett\u00e4 sis\u00e4tiloihin asennettavat mallit voidaan supistus- tai laajennuskappaleella liitt\u00e4\u00e4 muihin putkikokoihin. Tarvittaessa suoritamme tarkastuslaskelmat ja mitoitukset.<\/p>\n<p>\u200b<strong>Asennuspalvelu<\/strong><\/p>\n<p>Enitec suorittaa my\u00f6s tarvittaessa\u00a0AmphiVent\u2122 ilmanvaihtoj\u00e4rjestelmien asennuksia.<\/p>\t\t\t\t\t\t<\/div>\n\t\t\t\t<\/div>\n\t\t\t\t\t<\/div>\n\t\t<\/div>\n\t\t\t\t\t\t\t<\/div>\n\t\t<\/section>\n\t\t\t\t\t\t\t<\/div>\n\t\t","protected":false},"excerpt":{"rendered":"<p>AMPHIVENT\u2122 ilmansuodatinlaite talousvesis\u00e4ili\u00f6ihin Ongelma Kun vedenpinta laskee talousvesis\u00e4ili\u00f6ss\u00e4,\u00a0ilmaa kulkeutuu s\u00e4ili\u00f6\u00f6n ilmanvaihtokanavan\u00a0kautta. Jos ilmaa ei puhdisteta, hiukkasia kuten\u00a0palamistuotteita ja siitep\u00f6ly\u00e4 kulkeutuu ilman\u00a0mukana s\u00e4ili\u00f6\u00f6n ja laskeutuu veden pinnalle\u00a0kalvoksi. Pintakalvo muodostaa otollisen\u00a0kasvualustan bakteereille ja vaikuttaa veden laatuun. Ilmanvaihtokanava voi olla my\u00f6s\u00a0sis\u00e4\u00e4np\u00e4\u00e4sy linnuille ja \u00f6t\u00f6k\u00f6ille. Vaarana on my\u00f6s\u00a0kanavan joutuminen ilkivallan kohteeksi. Ratkaisu AmphiVent\u2122 on\u00a0ilmansuodatinlaite\u00a0joka tehokkaasti suodattaa s\u00e4ili\u00f6\u00f6n tulevan ilman. [&hellip;]<\/p>\n","protected":false},"author":1,"featured_media":0,"parent":0,"menu_order":0,"comment_status":"closed","ping_status":"closed","template":"","meta":{"footnotes":""},"_links":{"self":[{"href":"https:\/\/enitec.fi\/updated\/wp-json\/wp\/v2\/pages\/105"}],"collection":[{"href":"https:\/\/enitec.fi\/updated\/wp-json\/wp\/v2\/pages"}],"about":[{"href":"https:\/\/enitec.fi\/updated\/wp-json\/wp\/v2\/types\/page"}],"author":[{"embeddable":true,"href":"https:\/\/enitec.fi\/updated\/wp-json\/wp\/v2\/users\/1"}],"replies":[{"embeddable":true,"href":"https:\/\/enitec.fi\/updated\/wp-json\/wp\/v2\/comments?post=105"}],"version-history":[{"count":18,"href":"https:\/\/enitec.fi\/updated\/wp-json\/wp\/v2\/pages\/105\/revisions"}],"predecessor-version":[{"id":975,"href":"https:\/\/enitec.fi\/updated\/wp-json\/wp\/v2\/pages\/105\/revisions\/975"}],"wp:attachment":[{"href":"https:\/\/enitec.fi\/updated\/wp-json\/wp\/v2\/media?parent=105"}],"curies":[{"name":"wp","href":"https:\/\/api.w.org\/{rel}","templated":true}]}}